{"id":45981,"date":"2022-10-13T10:59:53","date_gmt":"2022-10-13T10:59:53","guid":{"rendered":"https:\/\/www.ivh44.si\/Ponudbe\/chess\/?post_type=product&#038;p=45981"},"modified":"2025-08-06T09:40:39","modified_gmt":"2025-08-06T09:40:39","slug":"plastic-chess-pieces-roman-cream","status":"publish","type":"product","link":"https:\/\/chessgamesemporium.com\/en\/shop\/chess-pieces\/plastic-chess-pieces\/plastic-chess-pieces-roman-cream\/","title":{"rendered":"Plastic Chess Pieces ROMAN CREAM"},"content":{"rendered":"<p>Base: Felted<br \/>\nMaterial: Plastic<br \/>\nColor: cream and black<\/p>\n<p>Dimensions: (height | base width)<br \/>\nKing  9,5 cm | 3,0 cm<br \/>\nQueen: 9,3 cm | 3,0 cm<br \/>\nRook: 6,9 cm | 3,0 cm<br \/>\nBishop: 8,2 cm | 3,0, cm<br \/>\nKnight: 7,5 cm | 3,0 cm<br \/>\nPawn 6,2 cm | 2,3 cm<\/p>\n<p>The Roman Cream chess set contains thematic chess pieces, inspired by Ancient Roman motifs. Each pieces is detailed, creating a special historic impression. Because of their decorative appearance, they are an excellent choice for those seeking an aesthetic chess set.<\/p>\n<p>While the pieces are functional and or a playable size, their main draw is undoubtedly their visuals - making them a popular choice as a gift, for special ocassions, or as a collectible.<\/p>\n<p>Suitable for:<\/p>\n<p>fans of historical themes,<\/p>\n<p>gifts and special ocassions,<\/p>\n<p>playing in a relaxed environment where aesthetics beats out practicality.<\/p>\n<p>Warning! Not suitable for children under 3 years due to small parts! Danger of suffocation.<\/p>","protected":false},"excerpt":{"rendered":"<p>Podlaga: Podlo\u017eene s filcem Material: Plastika Barva: kremna in \u010drna Dimenzije: (vi\u0161ina figure | premer podlage) Kralj: 9,5 cm | 3,0 cm Dama: 9,3 cm | 3,0 cm Top: 6,9 cm | 3,0 cm Lovec: 8,2 cm | 3,0, cm Skaka\u010d: 7,5 cm | 3,0 cm Kmet: 6,2 cm | 2,3 cm Komplet Roman Cream [&hellip;]<\/p>","protected":false},"featured_media":48242,"comment_status":"closed","ping_status":"closed","template":"","meta":{"_seopress_robots_primary_cat":"none","_seopress_titles_title":"","_seopress_titles_desc":"","_seopress_robots_index":""},"product_brand":[],"product_cat":[511,521],"product_tag":[595],"class_list":{"0":"post-45981","1":"product","2":"type-product","3":"status-publish","4":"has-post-thumbnail","6":"product_cat-sahovske-figure","7":"product_cat-plasticne-figure","8":"product_tag-95mm","10":"entry","11":"has-media","13":"first","14":"instock","15":"taxable","16":"shipping-taxable","17":"purchasable","18":"product-type-simple","19":"has-product-nav","20":"col","21":"span_1_of_4","22":"owp-content-center","23":"item-entry","24":"owp-thumbs-layout-horizontal","25":"owp-btn-normal","26":"owp-tabs-layout-section"},"wcpa_form_fields":null,"_links":{"self":[{"href":"https:\/\/chessgamesemporium.com\/en\/wp-json\/wp\/v2\/product\/45981","targetHints":{"allow":["GET"]}}],"collection":[{"href":"https:\/\/chessgamesemporium.com\/en\/wp-json\/wp\/v2\/product"}],"about":[{"href":"https:\/\/chessgamesemporium.com\/en\/wp-json\/wp\/v2\/types\/product"}],"replies":[{"embeddable":true,"href":"https:\/\/chessgamesemporium.com\/en\/wp-json\/wp\/v2\/comments?post=45981"}],"version-history":[{"count":0,"href":"https:\/\/chessgamesemporium.com\/en\/wp-json\/wp\/v2\/product\/45981\/revisions"}],"wp:featuredmedia":[{"embeddable":true,"href":"https:\/\/chessgamesemporium.com\/en\/wp-json\/wp\/v2\/media\/48242"}],"wp:attachment":[{"href":"https:\/\/chessgamesemporium.com\/en\/wp-json\/wp\/v2\/media?parent=45981"}],"wp:term":[{"taxonomy":"product_brand","embeddable":true,"href":"https:\/\/chessgamesemporium.com\/en\/wp-json\/wp\/v2\/product_brand?post=45981"},{"taxonomy":"product_cat","embeddable":true,"href":"https:\/\/chessgamesemporium.com\/en\/wp-json\/wp\/v2\/product_cat?post=45981"},{"taxonomy":"product_tag","embeddable":true,"href":"https:\/\/chessgamesemporium.com\/en\/wp-json\/wp\/v2\/product_tag?post=45981"}],"curies":[{"name":"wp","href":"https:\/\/api.w.org\/{rel}","templated":true}]}}