{"id":45994,"date":"2022-10-13T11:15:35","date_gmt":"2022-10-13T11:15:35","guid":{"rendered":"https:\/\/www.ivh44.si\/Ponudbe\/chess\/?post_type=product&#038;p=45994"},"modified":"2023-10-12T06:25:46","modified_gmt":"2023-10-12T06:25:46","slug":"plastic-chess-pieces-dubrovnik-easy-s","status":"publish","type":"product","link":"https:\/\/chessgamesemporium.com\/en\/shop\/chess-pieces\/plastic-chess-pieces\/plastic-chess-pieces-dubrovnik-easy-s\/","title":{"rendered":"Plasti\u010dne \u0160ahovske Figure DUBROVNIK EASY S"},"content":{"rendered":"<p><span style=\"font-family: verdana; font-size: medium;\"><b>Plasti\u010dne \u0160ahovske Figure DUBROVNIK EASY S<\/b><br \/>\n<\/span><\/p>\n<div><span style=\"font-family: verdana; font-size: medium;\">Unweighted<\/span><\/div>\n<div><span style=\"font-family: verdana; font-size: medium;\">\u00a0<\/span><\/div>\n<p><b>Dimensions: (height | base width)<\/b><span style=\"font-family: verdana; font-size: medium;\"><br \/>\nKralj: 7,5 cm | 3,0 cm<br \/>\nDama: 6,5 cm | 3,0 cm<br \/>\nTop: 4,3 cm | 2,7 cm<br \/>\nLovec: 6,5 cm | 3,0 cm<br \/>\nSkaka\u010d: 5,7 cm | 2,8 cm<br \/>\nKmet: 4,0 cm | 2,5 cm<\/span><\/p>\n<p>Priporo\u010damo \u0161ahovnico z velikostjo polja 45 mm.<\/p>\n<p>Warning! Not suitable for children under 3 years due to small parts! Danger of suffocation.<\/p>","protected":false},"excerpt":{"rendered":"<p>Plasti\u010dne \u0160ahovske Figure DUBROVNIK EASY S Neobte\u017eene \u00a0 Dimenzije: (vi\u0161ina figure | premer podlage) Kralj: 7,5 cm | 3,0 cm Dama: 6,5 cm | 3,0 cm Top: 4,3 cm | 2,7 cm Lovec: 6,5 cm | 3,0 cm Skaka\u010d: 5,7 cm | 2,8 cm Kmet: 4,0 cm | 2,5 cm Priporo\u010damo \u0161ahovnico z velikostjo polja [&hellip;]<\/p>","protected":false},"featured_media":0,"comment_status":"closed","ping_status":"closed","template":"","meta":{"_seopress_robots_primary_cat":"none","_seopress_titles_title":"","_seopress_titles_desc":"","_seopress_robots_index":""},"product_brand":[],"product_cat":[511,521],"product_tag":[],"class_list":{"0":"post-45994","1":"product","2":"type-product","3":"status-publish","5":"product_cat-sahovske-figure","6":"product_cat-plasticne-figure","8":"entry","10":"first","11":"outofstock","12":"taxable","13":"shipping-taxable","14":"purchasable","15":"product-type-simple","16":"has-product-nav","17":"col","18":"span_1_of_4","19":"owp-content-center","20":"item-entry","21":"owp-thumbs-layout-horizontal","22":"owp-btn-normal","23":"owp-tabs-layout-section"},"wcpa_form_fields":null,"_links":{"self":[{"href":"https:\/\/chessgamesemporium.com\/en\/wp-json\/wp\/v2\/product\/45994","targetHints":{"allow":["GET"]}}],"collection":[{"href":"https:\/\/chessgamesemporium.com\/en\/wp-json\/wp\/v2\/product"}],"about":[{"href":"https:\/\/chessgamesemporium.com\/en\/wp-json\/wp\/v2\/types\/product"}],"replies":[{"embeddable":true,"href":"https:\/\/chessgamesemporium.com\/en\/wp-json\/wp\/v2\/comments?post=45994"}],"version-history":[{"count":0,"href":"https:\/\/chessgamesemporium.com\/en\/wp-json\/wp\/v2\/product\/45994\/revisions"}],"wp:attachment":[{"href":"https:\/\/chessgamesemporium.com\/en\/wp-json\/wp\/v2\/media?parent=45994"}],"wp:term":[{"taxonomy":"product_brand","embeddable":true,"href":"https:\/\/chessgamesemporium.com\/en\/wp-json\/wp\/v2\/product_brand?post=45994"},{"taxonomy":"product_cat","embeddable":true,"href":"https:\/\/chessgamesemporium.com\/en\/wp-json\/wp\/v2\/product_cat?post=45994"},{"taxonomy":"product_tag","embeddable":true,"href":"https:\/\/chessgamesemporium.com\/en\/wp-json\/wp\/v2\/product_tag?post=45994"}],"curies":[{"name":"wp","href":"https:\/\/api.w.org\/{rel}","templated":true}]}}