{"id":46082,"date":"2022-10-19T12:41:53","date_gmt":"2022-10-19T12:41:53","guid":{"rendered":"https:\/\/www.ivh44.si\/Ponudbe\/chess\/?post_type=product&#038;p=46082"},"modified":"2025-04-01T06:08:03","modified_gmt":"2025-04-01T06:08:03","slug":"giant-chess-pieces-garden-chess","status":"publish","type":"product","link":"https:\/\/chessgamesemporium.com\/en\/shop\/garden-games-2\/garden-chess-sets\/giant-chess-pieces-garden-chess\/","title":{"rendered":"Big garden chess pieces | Garden chess"},"content":{"rendered":"<p>A giant garden chess set is a wonderful piece of garden decor that offers a fun freetime activity as well as a fun way to introduce children to the game of chess.<\/p>\n<p>Rental possibility:<br \/>\nWe offer a monthly rental rate for pieces and a chess board.<br \/>\nRental costs:<br \/>\n80 Eur \u2013 1 month<br \/>\n130 Eur \u2013 2 months<br \/>\n180 Eur \u2013 3 months<br \/>\nDelivery and pickup for rentals:<br \/>\n30 Eur shipping costs within Slovenia or in-person pickup and return.<\/p>\n<p>Description:<br \/>\nThe garden chess pieces are suitable for any weather and consist of 2 segments, enabling you to weigh them down with water or sand. The pieces reach 43 to 64 cm tall, with an approximately 22 cm base. They come in two sturdy cardboard boxes.<\/p>\n<p>Piece heights:<br \/>\nKing: 64 cm<br \/>\nQueen: 58 cm<br \/>\nBishop: 56 cm<br \/>\nKnight: 48 cm<br \/>\nRook: 43 cm<br \/>\nPawn: 43 cm<\/p>\n<p>Material: Plastic<\/p>\n<p>Suitable chess board square size for these pieces: 35-50 cm<\/p>\n<p>Chess board not included with the pieces.<\/p>","protected":false},"excerpt":{"rendered":"<p>Orja\u0161ki \u0161ah je prijeten vrtni dodatek in omogo\u010da zanimivo pre\u017eivljanje prostega \u010dasa, poleg tega pa je tudi zabaven na\u010din u\u010denja \u0161aha za za\u010detnike. Mo\u017ena izposoja: Nudimo mese\u010dno izposojo figur skupaj s \u0161ahovnico. Cene izposoje: 80 Eur &#8211; 1 mesec 130 Eur &#8211; 2 meseca 180 Eur &#8211; 3 mesece Dostava in prevzem pri izposoji: 30 [&hellip;]<\/p>","protected":false},"featured_media":46086,"comment_status":"closed","ping_status":"closed","template":"","meta":{"_seopress_robots_primary_cat":"none","_seopress_titles_title":"","_seopress_titles_desc":"","_seopress_robots_index":""},"product_brand":[],"product_cat":[538,539],"product_tag":[],"class_list":{"0":"post-46082","1":"product","2":"type-product","3":"status-publish","4":"has-post-thumbnail","6":"product_cat-vrtne-igre","7":"product_cat-vrtni-sahi","9":"entry","10":"has-media","12":"first","13":"instock","14":"taxable","15":"shipping-taxable","16":"purchasable","17":"product-type-simple","18":"has-product-nav","19":"col","20":"span_1_of_4","21":"owp-content-center","22":"item-entry","23":"owp-thumbs-layout-horizontal","24":"owp-btn-normal","25":"owp-tabs-layout-section"},"wcpa_form_fields":null,"_links":{"self":[{"href":"https:\/\/chessgamesemporium.com\/en\/wp-json\/wp\/v2\/product\/46082","targetHints":{"allow":["GET"]}}],"collection":[{"href":"https:\/\/chessgamesemporium.com\/en\/wp-json\/wp\/v2\/product"}],"about":[{"href":"https:\/\/chessgamesemporium.com\/en\/wp-json\/wp\/v2\/types\/product"}],"replies":[{"embeddable":true,"href":"https:\/\/chessgamesemporium.com\/en\/wp-json\/wp\/v2\/comments?post=46082"}],"version-history":[{"count":0,"href":"https:\/\/chessgamesemporium.com\/en\/wp-json\/wp\/v2\/product\/46082\/revisions"}],"wp:featuredmedia":[{"embeddable":true,"href":"https:\/\/chessgamesemporium.com\/en\/wp-json\/wp\/v2\/media\/46086"}],"wp:attachment":[{"href":"https:\/\/chessgamesemporium.com\/en\/wp-json\/wp\/v2\/media?parent=46082"}],"wp:term":[{"taxonomy":"product_brand","embeddable":true,"href":"https:\/\/chessgamesemporium.com\/en\/wp-json\/wp\/v2\/product_brand?post=46082"},{"taxonomy":"product_cat","embeddable":true,"href":"https:\/\/chessgamesemporium.com\/en\/wp-json\/wp\/v2\/product_cat?post=46082"},{"taxonomy":"product_tag","embeddable":true,"href":"https:\/\/chessgamesemporium.com\/en\/wp-json\/wp\/v2\/product_tag?post=46082"}],"curies":[{"name":"wp","href":"https:\/\/api.w.org\/{rel}","templated":true}]}}