{"id":46212,"date":"2022-10-21T12:08:42","date_gmt":"2022-10-21T12:08:42","guid":{"rendered":"https:\/\/www.ivh44.si\/Ponudbe\/chess\/?post_type=product&#038;p=46212"},"modified":"2024-05-27T09:02:08","modified_gmt":"2024-05-27T09:02:08","slug":"chess-pieces-box-lux","status":"publish","type":"product","link":"https:\/\/chessgamesemporium.com\/en\/shop\/chess-accessories\/chess-boxes-bags\/chess-pieces-box-lux\/","title":{"rendered":"Chess box LUX"},"content":{"rendered":"<p>Material: wood (Rootwood-optic)<\/p>\n<p>The interior is covered with felt.<br \/>\n32 boxes to store individual pieces<\/p>\n<p>Great for standard size chess pieces or smaller.\nCan also be used to store other items.<br \/>\nChess pieces not included.<\/p>\n<p>Box dimensions: 43 x 42,5 x 9,5 cm<br \/>\nChess piece storage spaces:<br \/>\nLarger spaces: 16 x 5 x 5 cm<br \/>\nSmaller spaces:  6 x 5 x 5 cm<\/p>","protected":false},"excerpt":{"rendered":"<p>Material: les (videz lesa iz korenine) Notranjost prekrita s filcem. \u0160katla ima 32 prostorov za shranjevanje vsake figure posebej. \u0160katla je primerna za \u0161ahovske figure standardne velikosti ali manj\u0161e, lahko se uporablja tudi za druge stvari. Figure niso vklju\u010dene v ceno. Dimenzije \u0161katle: 43 x 42,5 x 9,5 cm Dimenzije prostorov za shranjevanje figur Veliki [&hellip;]<\/p>","protected":false},"featured_media":47143,"comment_status":"closed","ping_status":"closed","template":"","meta":{"_seopress_robots_primary_cat":"none","_seopress_titles_title":"","_seopress_titles_desc":"","_seopress_robots_index":""},"product_brand":[],"product_cat":[547,578],"product_tag":[],"class_list":{"0":"post-46212","1":"product","2":"type-product","3":"status-publish","4":"has-post-thumbnail","6":"product_cat-razno-za-sah","7":"product_cat-sahovske-skatle-torbe","9":"entry","10":"has-media","12":"first","13":"instock","14":"taxable","15":"shipping-taxable","16":"purchasable","17":"product-type-simple","18":"has-product-nav","19":"col","20":"span_1_of_4","21":"owp-content-center","22":"item-entry","23":"owp-thumbs-layout-horizontal","24":"owp-btn-normal","25":"owp-tabs-layout-section"},"wcpa_form_fields":null,"_links":{"self":[{"href":"https:\/\/chessgamesemporium.com\/en\/wp-json\/wp\/v2\/product\/46212","targetHints":{"allow":["GET"]}}],"collection":[{"href":"https:\/\/chessgamesemporium.com\/en\/wp-json\/wp\/v2\/product"}],"about":[{"href":"https:\/\/chessgamesemporium.com\/en\/wp-json\/wp\/v2\/types\/product"}],"replies":[{"embeddable":true,"href":"https:\/\/chessgamesemporium.com\/en\/wp-json\/wp\/v2\/comments?post=46212"}],"version-history":[{"count":0,"href":"https:\/\/chessgamesemporium.com\/en\/wp-json\/wp\/v2\/product\/46212\/revisions"}],"wp:featuredmedia":[{"embeddable":true,"href":"https:\/\/chessgamesemporium.com\/en\/wp-json\/wp\/v2\/media\/47143"}],"wp:attachment":[{"href":"https:\/\/chessgamesemporium.com\/en\/wp-json\/wp\/v2\/media?parent=46212"}],"wp:term":[{"taxonomy":"product_brand","embeddable":true,"href":"https:\/\/chessgamesemporium.com\/en\/wp-json\/wp\/v2\/product_brand?post=46212"},{"taxonomy":"product_cat","embeddable":true,"href":"https:\/\/chessgamesemporium.com\/en\/wp-json\/wp\/v2\/product_cat?post=46212"},{"taxonomy":"product_tag","embeddable":true,"href":"https:\/\/chessgamesemporium.com\/en\/wp-json\/wp\/v2\/product_tag?post=46212"}],"curies":[{"name":"wp","href":"https:\/\/api.w.org\/{rel}","templated":true}]}}