{"id":46840,"date":"2023-01-24T13:58:02","date_gmt":"2023-01-24T13:58:02","guid":{"rendered":"https:\/\/www.ivh44.si\/Ponudbe\/chess\/?post_type=product&#038;p=46840"},"modified":"2026-01-08T10:21:57","modified_gmt":"2026-01-08T10:21:57","slug":"wooden-box-for-chess-pieces","status":"publish","type":"product","link":"https:\/\/chessgamesemporium.com\/en\/shop\/chess-accessories\/chess-boxes-bags\/wooden-box-for-chess-pieces\/","title":{"rendered":"Wooden chess pieces storage BOX"},"content":{"rendered":"<p>This box is suitable for standard-size or smaller chess pieces (king's height 95 mm or below). It fits sets of 32 standard-size pieces. In the event of purchasing a chess set with extra queens, we recommend purchasing a larger box, marked as \"LARGE\", to ensure all pieces fit inside.<br \/>\nThe box features a removable wooden divider to separate the white and black pieces.<br \/>\nThe box is quality-made, simple, and affordable.<\/p>\n<p>Chess pieces not included.<\/p>\n<p>The case measures 22,5 x 15,5 x 8 cm (8.86 x 6.10 x 3.15 inches)<br \/>\nMaterial:  Beech \/ Birch<\/p>","protected":false},"excerpt":{"rendered":"<p>\u0160katla je primerna za \u0161ahovske figure standardne velikosti ali manj\u0161e (vi\u0161ina kralja 95 mm ali manj). Primerna je za set 32-ih figur standardne velikosti. V kolikor se odlo\u010dite za nakup dodatnih dam, priporo\u010damo nakup ve\u010dje \u0161katle z oznako &#8220;LARGE&#8221;. Na sredi \u0161katle je lesena pregrada, ki lo\u010duje prostor za bele in \u010drne figure. \u0160katla je [&hellip;]<\/p>","protected":false},"featured_media":47160,"comment_status":"closed","ping_status":"closed","template":"","meta":{"_seopress_robots_primary_cat":"none","_seopress_titles_title":"","_seopress_titles_desc":"","_seopress_robots_index":""},"product_brand":[],"product_cat":[578,547],"product_tag":[580],"class_list":{"0":"post-46840","1":"product","2":"type-product","3":"status-publish","4":"has-post-thumbnail","6":"product_cat-sahovske-skatle-torbe","7":"product_cat-razno-za-sah","8":"product_tag-standardbox","9":"wcpa_has_options","11":"entry","12":"has-media","14":"first","15":"instock","16":"taxable","17":"shipping-taxable","18":"purchasable","19":"product-type-simple","20":"has-product-nav","21":"col","22":"span_1_of_4","23":"owp-content-center","24":"item-entry","25":"owp-thumbs-layout-horizontal","26":"owp-btn-normal","27":"owp-tabs-layout-section"},"wcpa_form_fields":{"rules":{"pric_overide_base_price":false,"pric_overide_base_price_if_gt_zero":false,"pric_overide_base_price_fully":false,"pric_cal_option_once":false,"pric_use_as_fee":false,"bind_quantity":false,"quantity_bind_formula":false},"fields":[{"type":"text","elementId":"wcpa-text-1666713333654","label":"Gravura ( opcijsko )","description":"Vpi\u0161ite \u017eeljeni tekst za graviranje (npr. Vse najbolj\u0161e, IME, datum ipd.)","desc_type":true,"enablePrice":true,"pricingType":"fixed","price":"7","name":"text-1666713333654","fee_label":"Za naro\u010dnike izven eu, bo davek od\u0161tet na blagajni.","subtype":"text","maxlength":"16","cl_rule":"show","col":6,"relations":false,"form_id":46231,"form_rules":{"pric_cal_option_once":false,"exclude_from_discount":false,"pric_use_as_fee":false,"fee_label":"Fee","render_after_acb":false,"disp_hide_options_price":false}}]},"_links":{"self":[{"href":"https:\/\/chessgamesemporium.com\/en\/wp-json\/wp\/v2\/product\/46840","targetHints":{"allow":["GET"]}}],"collection":[{"href":"https:\/\/chessgamesemporium.com\/en\/wp-json\/wp\/v2\/product"}],"about":[{"href":"https:\/\/chessgamesemporium.com\/en\/wp-json\/wp\/v2\/types\/product"}],"replies":[{"embeddable":true,"href":"https:\/\/chessgamesemporium.com\/en\/wp-json\/wp\/v2\/comments?post=46840"}],"version-history":[{"count":0,"href":"https:\/\/chessgamesemporium.com\/en\/wp-json\/wp\/v2\/product\/46840\/revisions"}],"wp:featuredmedia":[{"embeddable":true,"href":"https:\/\/chessgamesemporium.com\/en\/wp-json\/wp\/v2\/media\/47160"}],"wp:attachment":[{"href":"https:\/\/chessgamesemporium.com\/en\/wp-json\/wp\/v2\/media?parent=46840"}],"wp:term":[{"taxonomy":"product_brand","embeddable":true,"href":"https:\/\/chessgamesemporium.com\/en\/wp-json\/wp\/v2\/product_brand?post=46840"},{"taxonomy":"product_cat","embeddable":true,"href":"https:\/\/chessgamesemporium.com\/en\/wp-json\/wp\/v2\/product_cat?post=46840"},{"taxonomy":"product_tag","embeddable":true,"href":"https:\/\/chessgamesemporium.com\/en\/wp-json\/wp\/v2\/product_tag?post=46840"}],"curies":[{"name":"wp","href":"https:\/\/api.w.org\/{rel}","templated":true}]}}