{"id":47016,"date":"2023-01-25T14:01:34","date_gmt":"2023-01-25T14:01:34","guid":{"rendered":"https:\/\/www.ivh44.si\/Ponudbe\/chess\/?post_type=product&#038;p=47016"},"modified":"2025-01-17T12:13:53","modified_gmt":"2025-01-17T12:13:53","slug":"chess-pieces-box-light","status":"publish","type":"product","link":"https:\/\/chessgamesemporium.com\/en\/shop\/chess-accessories\/chess-boxes-bags\/chess-pieces-box-light\/","title":{"rendered":"Chess Box LIGHT"},"content":{"rendered":"<p>A retro-style quality wooden box.<\/p>\n<p>This box is suitable for standard-size or smaller chess pieces (king's height 95 mm or below). It fits sets of 32 standard-size pieces. In the event of purchasing a chess set with extra queens, we recommend purchasing a larger box, marked as \"LARGE\", to ensure all pieces fit inside.<br \/>\nThe Large Light variant of this box is suitable for all chess pieces from our selection.<br \/>\nFelted bottom. Magnetic lid. The box features a wooden divider to separate the white and black pieces.<\/p>\n<p>Material: wood (MDF)<\/p>\n<p>Chess pieces not included.<\/p>","protected":false},"excerpt":{"rendered":"<p>Kvalitetno izdelana \u0161katla, retro stil. \u0160katla Standard Light\u00a0je primerna za \u0161ahovske figure standardne velikosti ali manj\u0161e (vi\u0161ina kralja 95 mm ali manj). Primerna je za set 32-ih figur standardne velikosti. V kolikor se odlo\u010dite za nakup dodatnih dam, priporo\u010damo nakup ve\u010dje \u0161katle z oznako \u201cLARGE\u201d. \u0160katla Large Light je dovolj velika za vse \u0161ahovske figure [&hellip;]<\/p>","protected":false},"featured_media":47159,"comment_status":"closed","ping_status":"closed","template":"","meta":{"_seopress_robots_primary_cat":"none","_seopress_titles_title":"","_seopress_titles_desc":"","_seopress_robots_index":""},"product_brand":[],"product_cat":[578,547],"product_tag":[],"class_list":{"0":"post-47016","1":"product","2":"type-product","3":"status-publish","4":"has-post-thumbnail","6":"product_cat-sahovske-skatle-torbe","7":"product_cat-razno-za-sah","9":"entry","10":"has-media","12":"first","13":"instock","14":"taxable","15":"shipping-taxable","16":"purchasable","17":"product-type-variable","18":"has-product-nav","19":"col","20":"span_1_of_4","21":"owp-content-center","22":"item-entry","23":"owp-thumbs-layout-horizontal","24":"owp-btn-normal","25":"owp-tabs-layout-section"},"wcpa_form_fields":null,"_links":{"self":[{"href":"https:\/\/chessgamesemporium.com\/en\/wp-json\/wp\/v2\/product\/47016","targetHints":{"allow":["GET"]}}],"collection":[{"href":"https:\/\/chessgamesemporium.com\/en\/wp-json\/wp\/v2\/product"}],"about":[{"href":"https:\/\/chessgamesemporium.com\/en\/wp-json\/wp\/v2\/types\/product"}],"replies":[{"embeddable":true,"href":"https:\/\/chessgamesemporium.com\/en\/wp-json\/wp\/v2\/comments?post=47016"}],"version-history":[{"count":0,"href":"https:\/\/chessgamesemporium.com\/en\/wp-json\/wp\/v2\/product\/47016\/revisions"}],"wp:featuredmedia":[{"embeddable":true,"href":"https:\/\/chessgamesemporium.com\/en\/wp-json\/wp\/v2\/media\/47159"}],"wp:attachment":[{"href":"https:\/\/chessgamesemporium.com\/en\/wp-json\/wp\/v2\/media?parent=47016"}],"wp:term":[{"taxonomy":"product_brand","embeddable":true,"href":"https:\/\/chessgamesemporium.com\/en\/wp-json\/wp\/v2\/product_brand?post=47016"},{"taxonomy":"product_cat","embeddable":true,"href":"https:\/\/chessgamesemporium.com\/en\/wp-json\/wp\/v2\/product_cat?post=47016"},{"taxonomy":"product_tag","embeddable":true,"href":"https:\/\/chessgamesemporium.com\/en\/wp-json\/wp\/v2\/product_tag?post=47016"}],"curies":[{"name":"wp","href":"https:\/\/api.w.org\/{rel}","templated":true}]}}