{"id":47199,"date":"2023-01-27T10:15:12","date_gmt":"2023-01-27T10:15:12","guid":{"rendered":"https:\/\/www.ivh44.si\/Ponudbe\/chess\/?post_type=product&#038;p=47199"},"modified":"2023-11-22T11:34:07","modified_gmt":"2023-11-22T11:34:07","slug":"dgt-bag-for-chessboard-and-clock","status":"publish","type":"product","link":"https:\/\/chessgamesemporium.com\/en\/shop\/chess-accessories\/chess-boxes-bags\/dgt-bag-for-chessboard-and-clock\/","title":{"rendered":"DGT Chess Storage Bag"},"content":{"rendered":"<p>These customized DGT Carrying Bags offer space for a DGT e-Board, Chess Pieces, Chess Clock and accessories.<br \/>\nThe strong bags are made from robust canvas with reinforced padding: the perfect way to safely carry and store your valuable chess materials.<\/p>\n<p>2 smaller Bags for pieces included<br \/>\nBoard, pieces and clock NOT included<\/p>\n<p>&nbsp;<\/p>\n<p>&nbsp;<\/p>\n<p>&nbsp;<\/p>","protected":false},"excerpt":{"rendered":"<p>DGT Torba ponuja prostor za leseno \u0161ahovnico standardnih dimenzij, \u0161ahovske figure, uro in druge dodatke. Torba je izdelana iz robustnega prlatna z oja\u010danim oblazinjenim materialom: popoln na\u010din za varno prena\u0161anje in shranjevanje va\u0161ega najljub\u0161ega \u0161ahovskega kompleta. K torbi sta dodani tudi 2 \u0161ahovski vre\u010dki za figure. \u0160ahovnica, figure in ura niso vklju\u010deni v ceno. &nbsp; [&hellip;]<\/p>","protected":false},"featured_media":47202,"comment_status":"closed","ping_status":"closed","template":"","meta":{"_seopress_robots_primary_cat":"none","_seopress_titles_title":"","_seopress_titles_desc":"","_seopress_robots_index":""},"product_brand":[],"product_cat":[578,547],"product_tag":[],"class_list":{"0":"post-47199","1":"product","2":"type-product","3":"status-publish","4":"has-post-thumbnail","6":"product_cat-sahovske-skatle-torbe","7":"product_cat-razno-za-sah","9":"entry","10":"has-media","12":"first","13":"instock","14":"taxable","15":"shipping-taxable","16":"purchasable","17":"product-type-simple","18":"has-product-nav","19":"col","20":"span_1_of_4","21":"owp-content-center","22":"item-entry","23":"owp-thumbs-layout-horizontal","24":"owp-btn-normal","25":"owp-tabs-layout-section"},"wcpa_form_fields":null,"_links":{"self":[{"href":"https:\/\/chessgamesemporium.com\/en\/wp-json\/wp\/v2\/product\/47199","targetHints":{"allow":["GET"]}}],"collection":[{"href":"https:\/\/chessgamesemporium.com\/en\/wp-json\/wp\/v2\/product"}],"about":[{"href":"https:\/\/chessgamesemporium.com\/en\/wp-json\/wp\/v2\/types\/product"}],"replies":[{"embeddable":true,"href":"https:\/\/chessgamesemporium.com\/en\/wp-json\/wp\/v2\/comments?post=47199"}],"version-history":[{"count":0,"href":"https:\/\/chessgamesemporium.com\/en\/wp-json\/wp\/v2\/product\/47199\/revisions"}],"wp:featuredmedia":[{"embeddable":true,"href":"https:\/\/chessgamesemporium.com\/en\/wp-json\/wp\/v2\/media\/47202"}],"wp:attachment":[{"href":"https:\/\/chessgamesemporium.com\/en\/wp-json\/wp\/v2\/media?parent=47199"}],"wp:term":[{"taxonomy":"product_brand","embeddable":true,"href":"https:\/\/chessgamesemporium.com\/en\/wp-json\/wp\/v2\/product_brand?post=47199"},{"taxonomy":"product_cat","embeddable":true,"href":"https:\/\/chessgamesemporium.com\/en\/wp-json\/wp\/v2\/product_cat?post=47199"},{"taxonomy":"product_tag","embeddable":true,"href":"https:\/\/chessgamesemporium.com\/en\/wp-json\/wp\/v2\/product_tag?post=47199"}],"curies":[{"name":"wp","href":"https:\/\/api.w.org\/{rel}","templated":true}]}}