{"id":47769,"date":"2023-02-23T12:05:09","date_gmt":"2023-02-23T12:05:09","guid":{"rendered":"https:\/\/www.ivh44.si\/Ponudbe\/chess\/?post_type=product&#038;p=47769"},"modified":"2024-03-29T11:55:13","modified_gmt":"2024-03-29T11:55:13","slug":"jigchess-board-4x4-45-mm","status":"publish","type":"product","link":"https:\/\/chessgamesemporium.com\/en\/shop\/chess-boards-2\/plastic-chess-boards\/jigchess-board-4x4-45-mm\/","title":{"rendered":"JIGCHESS chess board - 4x4 - 45 mm"},"content":{"rendered":"<p>JIGCHESS chess board - 4x4 - 45 mm<\/p>\n<p>Square size: 45 x 45 mm<br \/>\nBoard size: 39 x 39 cm<br \/>\nBoard thickness: 2 mm<br \/>\nPuzzle piece count: 16 (4\u00d74)<br \/>\nWith notation<\/p>\n<p>This chessboard can be disassembled for easy storage and travel.<\/p>\n<p>The chessboard is made of hard extruded pvc foam with a fine homogenous closed cell structure. It is water and fire resistant.<br \/>\nThe material is sturdy and resistant to dents.<br \/>\nSuitable for indoor and outdoor use.<\/p>\n<p>This chess board's 45 x 45 mm fields are ideal for chess pieces with a king's height of 83-90 mm.<\/p>","protected":false},"excerpt":{"rendered":"<p>JIGCHESS \u0160ahovnica &#8211; 4&#215;4 &#8211; 45 mm Dimenzije polja: 45 mm Dimenzije \u0161ahovnice: 39 x 39 cm Debelina \u0161ahovnice: 2 mm \u0160tevilo kosov (puzzle):16 kosov (4&#215;4) Z notacijo \u0160ahovnica se enostavno prena\u0161a ali spakira, ker se razstavi na ve\u010d kosov in je primerna tudi za potovanja. Izdelana iz trdega ekstrudiranega penastega pvc-ja z izredno fino [&hellip;]<\/p>","protected":false},"featured_media":47772,"comment_status":"closed","ping_status":"closed","template":"","meta":{"_seopress_robots_primary_cat":"none","_seopress_titles_title":"","_seopress_titles_desc":"","_seopress_robots_index":""},"product_brand":[],"product_cat":[523,514],"product_tag":[591],"class_list":{"0":"post-47769","1":"product","2":"type-product","3":"status-publish","4":"has-post-thumbnail","6":"product_cat-plasticne-sahovnice","7":"product_cat-sahovnice","8":"product_tag-45mm","10":"entry","11":"has-media","13":"first","14":"instock","15":"taxable","16":"shipping-taxable","17":"purchasable","18":"product-type-simple","19":"has-product-nav","20":"col","21":"span_1_of_4","22":"owp-content-center","23":"item-entry","24":"owp-thumbs-layout-horizontal","25":"owp-btn-normal","26":"owp-tabs-layout-section"},"wcpa_form_fields":null,"_links":{"self":[{"href":"https:\/\/chessgamesemporium.com\/en\/wp-json\/wp\/v2\/product\/47769","targetHints":{"allow":["GET"]}}],"collection":[{"href":"https:\/\/chessgamesemporium.com\/en\/wp-json\/wp\/v2\/product"}],"about":[{"href":"https:\/\/chessgamesemporium.com\/en\/wp-json\/wp\/v2\/types\/product"}],"replies":[{"embeddable":true,"href":"https:\/\/chessgamesemporium.com\/en\/wp-json\/wp\/v2\/comments?post=47769"}],"version-history":[{"count":0,"href":"https:\/\/chessgamesemporium.com\/en\/wp-json\/wp\/v2\/product\/47769\/revisions"}],"wp:featuredmedia":[{"embeddable":true,"href":"https:\/\/chessgamesemporium.com\/en\/wp-json\/wp\/v2\/media\/47772"}],"wp:attachment":[{"href":"https:\/\/chessgamesemporium.com\/en\/wp-json\/wp\/v2\/media?parent=47769"}],"wp:term":[{"taxonomy":"product_brand","embeddable":true,"href":"https:\/\/chessgamesemporium.com\/en\/wp-json\/wp\/v2\/product_brand?post=47769"},{"taxonomy":"product_cat","embeddable":true,"href":"https:\/\/chessgamesemporium.com\/en\/wp-json\/wp\/v2\/product_cat?post=47769"},{"taxonomy":"product_tag","embeddable":true,"href":"https:\/\/chessgamesemporium.com\/en\/wp-json\/wp\/v2\/product_tag?post=47769"}],"curies":[{"name":"wp","href":"https:\/\/api.w.org\/{rel}","templated":true}]}}