{"id":47791,"date":"2023-02-23T12:36:58","date_gmt":"2023-02-23T12:36:58","guid":{"rendered":"https:\/\/www.ivh44.si\/Ponudbe\/chess\/?post_type=product&#038;p=47791"},"modified":"2024-03-29T11:52:03","modified_gmt":"2024-03-29T11:52:03","slug":"rollup-chessboard-55-mm","status":"publish","type":"product","link":"https:\/\/chessgamesemporium.com\/en\/shop\/chess-boards-2\/plastic-chess-boards\/rollup-chessboard-55-mm\/","title":{"rendered":"ROLL UP Chess Board 55 mm"},"content":{"rendered":"<p>ROLL UP Chess Board 55 mm<\/p>\n<p>Material: PVC, canvas<br \/>\nSquare size: 55 x 55 mm<br \/>\nBoard size: 51 x 51 cm<br \/>\nWashable<\/p>\n<p>This chess board's 55 x 55 mm fields are ideal for chess pieces with a king's height of 95-98 mm.<\/p>\n<p>Warning! Not suitable for children under 3 years due to small parts! Danger of suffocation.<\/p>","protected":false},"excerpt":{"rendered":"<p>\u0160ahovnica za ZVIJANJE 55 mm Material: PVC, platno Dimenzije polja: 55 mm Dimenzije \u0161ahovnice: 51 cm Pralna povr\u0161ina Polje meri 55 x 55 mm in je kot nala\u0161\u010d za figure s kraljem vi\u0161ine 95-98 mm. OPOZORILO! Ni primerno za otroke pod tretjim letom starosti.<\/p>","protected":false},"featured_media":47811,"comment_status":"closed","ping_status":"closed","template":"","meta":{"_seopress_robots_primary_cat":"none","_seopress_titles_title":"","_seopress_titles_desc":"","_seopress_robots_index":""},"product_brand":[],"product_cat":[523,514],"product_tag":[590],"class_list":{"0":"post-47791","1":"product","2":"type-product","3":"status-publish","4":"has-post-thumbnail","6":"product_cat-plasticne-sahovnice","7":"product_cat-sahovnice","8":"product_tag-55mm","10":"entry","11":"has-media","13":"first","14":"instock","15":"taxable","16":"shipping-taxable","17":"purchasable","18":"product-type-variable","19":"has-product-nav","20":"col","21":"span_1_of_4","22":"owp-content-center","23":"item-entry","24":"owp-thumbs-layout-horizontal","25":"owp-btn-normal","26":"owp-tabs-layout-section"},"wcpa_form_fields":null,"_links":{"self":[{"href":"https:\/\/chessgamesemporium.com\/en\/wp-json\/wp\/v2\/product\/47791","targetHints":{"allow":["GET"]}}],"collection":[{"href":"https:\/\/chessgamesemporium.com\/en\/wp-json\/wp\/v2\/product"}],"about":[{"href":"https:\/\/chessgamesemporium.com\/en\/wp-json\/wp\/v2\/types\/product"}],"replies":[{"embeddable":true,"href":"https:\/\/chessgamesemporium.com\/en\/wp-json\/wp\/v2\/comments?post=47791"}],"version-history":[{"count":0,"href":"https:\/\/chessgamesemporium.com\/en\/wp-json\/wp\/v2\/product\/47791\/revisions"}],"wp:featuredmedia":[{"embeddable":true,"href":"https:\/\/chessgamesemporium.com\/en\/wp-json\/wp\/v2\/media\/47811"}],"wp:attachment":[{"href":"https:\/\/chessgamesemporium.com\/en\/wp-json\/wp\/v2\/media?parent=47791"}],"wp:term":[{"taxonomy":"product_brand","embeddable":true,"href":"https:\/\/chessgamesemporium.com\/en\/wp-json\/wp\/v2\/product_brand?post=47791"},{"taxonomy":"product_cat","embeddable":true,"href":"https:\/\/chessgamesemporium.com\/en\/wp-json\/wp\/v2\/product_cat?post=47791"},{"taxonomy":"product_tag","embeddable":true,"href":"https:\/\/chessgamesemporium.com\/en\/wp-json\/wp\/v2\/product_tag?post=47791"}],"curies":[{"name":"wp","href":"https:\/\/api.w.org\/{rel}","templated":true}]}}