{"id":47893,"date":"2023-03-08T11:22:55","date_gmt":"2023-03-08T11:22:55","guid":{"rendered":"https:\/\/www.ivh44.si\/Ponudbe\/chess\/?post_type=product&#038;p=47893"},"modified":"2026-01-07T08:44:07","modified_gmt":"2026-01-07T08:44:07","slug":"chess-set-tournament-6","status":"publish","type":"product","link":"https:\/\/chessgamesemporium.com\/en\/shop\/chess-sets-2\/folding-chess-sets\/chess-set-tournament-6\/","title":{"rendered":"Folding Wooden Chess Set TOURNAMENT 6"},"content":{"rendered":"<p>Chess pieces<br \/>\nWeighted, felted, varnished<br \/>\nTournament size<br \/>\nMaterial: Hornbeam<\/p>\n<p>Dimensions: (height | base width)<br \/>\nKing: 9,8 cm | 3,6 cm<br \/>\nQueen: 8,3 cm | 3,6 cm<br \/>\nRook: 5,3 cm | 3,2 cm<br \/>\nBishop: 6,8 cm | 3,2 cm<br \/>\nKnight: 6,4 cm | 3,2 cm<br \/>\nPawn: 4,5 cm | 2,6 cm<\/p>\n<p>Folding chess board - Tournament no. 6 cassette<br \/>\nBoard square dimensions: 5,8 x 5,8 cm<br \/>\nBoard dimension (closed): 52,5 x 25,5 x 6 cm<\/p>\n<p>The lovely folding chess board has been inlaid with mahogany and sycamore wood. It has an insert tray to store the chess pieces inside.<\/p>\n<p>Warning! Not suitable for children under 3 years due to small parts! Danger of suffocation.<\/p>","protected":false},"excerpt":{"rendered":"<p>\u0160ahovske figure Obte\u017eene, podlo\u017eene, lakirane Turnirska velikost Material: gabrovina Dimenzije: (vi\u0161ina figure | premer podlage) Kralj: 9,8 cm | 3,6 cm Dama: 8,3 cm | 3,6 cm Top: 5,3 cm | 3,2 cm Lovec: 6,8 cm | 3,2 cm Skaka\u010d:6,4 cm | 3,2 cm Kmet: 4,5 cm | 2,6 cm \u0160ahovnica &#8211; preklopna lesena \u0161ahovska [&hellip;]<\/p>","protected":false},"featured_media":48297,"comment_status":"closed","ping_status":"closed","template":"","meta":{"_seopress_robots_primary_cat":"none","_seopress_titles_title":"","_seopress_titles_desc":"","_seopress_robots_index":""},"product_brand":[],"product_cat":[510,518],"product_tag":[],"class_list":{"0":"post-47893","1":"product","2":"type-product","3":"status-publish","4":"has-post-thumbnail","6":"product_cat-sahovski-kompleti","7":"product_cat-zlozljive-garniture","8":"wcpa_has_options","10":"entry","11":"has-media","13":"first","14":"instock","15":"taxable","16":"shipping-taxable","17":"purchasable","18":"product-type-simple","19":"has-product-nav","20":"col","21":"span_1_of_4","22":"owp-content-center","23":"item-entry","24":"owp-thumbs-layout-horizontal","25":"owp-btn-normal","26":"owp-tabs-layout-section"},"wcpa_form_fields":{"rules":{"pric_overide_base_price":false,"pric_overide_base_price_if_gt_zero":false,"pric_overide_base_price_fully":false,"pric_cal_option_once":false,"pric_use_as_fee":false,"bind_quantity":false,"quantity_bind_formula":false},"fields":[{"type":"text","elementId":"wcpa-text-1666713333654","label":"Gravura ( opcijsko )","description":"Vpi\u0161ite \u017eeljeni tekst za graviranje (npr. Vse najbolj\u0161e, IME, datum ipd.)","desc_type":true,"enablePrice":true,"pricingType":"fixed","price":"7","name":"text-1666713333654","fee_label":"Za naro\u010dnike izven eu, bo davek od\u0161tet na blagajni.","subtype":"text","maxlength":"16","cl_rule":"show","col":6,"relations":false,"form_id":46231,"form_rules":{"pric_cal_option_once":false,"exclude_from_discount":false,"pric_use_as_fee":false,"fee_label":"Fee","render_after_acb":false,"disp_hide_options_price":false}}]},"_links":{"self":[{"href":"https:\/\/chessgamesemporium.com\/en\/wp-json\/wp\/v2\/product\/47893","targetHints":{"allow":["GET"]}}],"collection":[{"href":"https:\/\/chessgamesemporium.com\/en\/wp-json\/wp\/v2\/product"}],"about":[{"href":"https:\/\/chessgamesemporium.com\/en\/wp-json\/wp\/v2\/types\/product"}],"replies":[{"embeddable":true,"href":"https:\/\/chessgamesemporium.com\/en\/wp-json\/wp\/v2\/comments?post=47893"}],"version-history":[{"count":0,"href":"https:\/\/chessgamesemporium.com\/en\/wp-json\/wp\/v2\/product\/47893\/revisions"}],"wp:featuredmedia":[{"embeddable":true,"href":"https:\/\/chessgamesemporium.com\/en\/wp-json\/wp\/v2\/media\/48297"}],"wp:attachment":[{"href":"https:\/\/chessgamesemporium.com\/en\/wp-json\/wp\/v2\/media?parent=47893"}],"wp:term":[{"taxonomy":"product_brand","embeddable":true,"href":"https:\/\/chessgamesemporium.com\/en\/wp-json\/wp\/v2\/product_brand?post=47893"},{"taxonomy":"product_cat","embeddable":true,"href":"https:\/\/chessgamesemporium.com\/en\/wp-json\/wp\/v2\/product_cat?post=47893"},{"taxonomy":"product_tag","embeddable":true,"href":"https:\/\/chessgamesemporium.com\/en\/wp-json\/wp\/v2\/product_tag?post=47893"}],"curies":[{"name":"wp","href":"https:\/\/api.w.org\/{rel}","templated":true}]}}