{"id":47953,"date":"2023-03-08T13:25:29","date_gmt":"2023-03-08T13:25:29","guid":{"rendered":"https:\/\/www.ivh44.si\/Ponudbe\/chess\/?post_type=product&#038;p=47953"},"modified":"2026-01-07T08:42:51","modified_gmt":"2026-01-07T08:42:51","slug":"folding-chess-set-krakow","status":"publish","type":"product","link":"https:\/\/chessgamesemporium.com\/en\/shop\/chess-sets-2\/folding-chess-sets\/folding-chess-set-krakow\/","title":{"rendered":"Folding Wooden Chess Set KRAKOW"},"content":{"rendered":"<p>Chess pieces:<br \/>\nQuality wooden chess pieces, felted base, coated<br \/>\nTournament size<br \/>\nMaterial: Hornbeam<\/p>\n<p>These chess pieces are ideal for our No. 6 or No. 5+ chess boards, feel great in the hand and glide across the board nicely.<\/p>\n<p>Dimensions: (height | base width)<br \/>\nKing: 9,8 cm \/ 3,6 cm<br \/>\nQueen: 8,3 cm \/ 3,6 cm<br \/>\nRook: 5,3 cm \/ 3,2 cm<br \/>\nBishop: 6,8 cm \/ 3,2 cm<br \/>\nKnight: 6,4 cm \/ 3,2 cm<br \/>\nPawn: 4,5 cm \/ 2,6 cm<\/p>\n<p>Folding chess board:<br \/>\nBurnt design, with storage tray<\/p>\n<p>Board square dimensions: 5,3 x 5,3 cm<br \/>\nBoard dimensions (closed): 55 x 27,5 x 6 cm<\/p>","protected":false},"excerpt":{"rendered":"<p>Figure: Kvalitetne podlo\u017eene lesene figure. obte\u017eene Turnirska velikost Material: gabrovina Te \u0161ahovske figure so idealne za 6 in 5+ velikosti \u0161ahovnic in lepo drsijo po \u0161ahovnici. Dimenzije: (vi\u0161ina figure | premer podlage) Kralj: 9,8 cm \/ 3,6 cm Dama: 8,3 cm \/ 3,6 cm Top: 5,3 cm \/ 3,2 cm Lovec: 6,8 cm \/ 3,2 [&hellip;]<\/p>","protected":false},"featured_media":47962,"comment_status":"closed","ping_status":"closed","template":"","meta":{"_seopress_robots_primary_cat":"none","_seopress_titles_title":"","_seopress_titles_desc":"","_seopress_robots_index":""},"product_brand":[],"product_cat":[510,518],"product_tag":[],"class_list":{"0":"post-47953","1":"product","2":"type-product","3":"status-publish","4":"has-post-thumbnail","6":"product_cat-sahovski-kompleti","7":"product_cat-zlozljive-garniture","8":"wcpa_has_options","10":"entry","11":"has-media","13":"first","14":"instock","15":"taxable","16":"shipping-taxable","17":"purchasable","18":"product-type-simple","19":"has-product-nav","20":"col","21":"span_1_of_4","22":"owp-content-center","23":"item-entry","24":"owp-thumbs-layout-horizontal","25":"owp-btn-normal","26":"owp-tabs-layout-section"},"wcpa_form_fields":{"rules":{"pric_overide_base_price":false,"pric_overide_base_price_if_gt_zero":false,"pric_overide_base_price_fully":false,"pric_cal_option_once":false,"pric_use_as_fee":false,"bind_quantity":false,"quantity_bind_formula":false},"fields":[{"type":"text","elementId":"wcpa-text-1666713333654","label":"Gravura ( opcijsko )","description":"Vpi\u0161ite \u017eeljeni tekst za graviranje (npr. Vse najbolj\u0161e, IME, datum ipd.)","desc_type":true,"enablePrice":true,"pricingType":"fixed","price":"7","name":"text-1666713333654","fee_label":"Za naro\u010dnike izven eu, bo davek od\u0161tet na blagajni.","subtype":"text","maxlength":"16","cl_rule":"show","col":6,"relations":false,"form_id":46231,"form_rules":{"pric_cal_option_once":false,"exclude_from_discount":false,"pric_use_as_fee":false,"fee_label":"Fee","render_after_acb":false,"disp_hide_options_price":false}}]},"_links":{"self":[{"href":"https:\/\/chessgamesemporium.com\/en\/wp-json\/wp\/v2\/product\/47953","targetHints":{"allow":["GET"]}}],"collection":[{"href":"https:\/\/chessgamesemporium.com\/en\/wp-json\/wp\/v2\/product"}],"about":[{"href":"https:\/\/chessgamesemporium.com\/en\/wp-json\/wp\/v2\/types\/product"}],"replies":[{"embeddable":true,"href":"https:\/\/chessgamesemporium.com\/en\/wp-json\/wp\/v2\/comments?post=47953"}],"version-history":[{"count":0,"href":"https:\/\/chessgamesemporium.com\/en\/wp-json\/wp\/v2\/product\/47953\/revisions"}],"wp:featuredmedia":[{"embeddable":true,"href":"https:\/\/chessgamesemporium.com\/en\/wp-json\/wp\/v2\/media\/47962"}],"wp:attachment":[{"href":"https:\/\/chessgamesemporium.com\/en\/wp-json\/wp\/v2\/media?parent=47953"}],"wp:term":[{"taxonomy":"product_brand","embeddable":true,"href":"https:\/\/chessgamesemporium.com\/en\/wp-json\/wp\/v2\/product_brand?post=47953"},{"taxonomy":"product_cat","embeddable":true,"href":"https:\/\/chessgamesemporium.com\/en\/wp-json\/wp\/v2\/product_cat?post=47953"},{"taxonomy":"product_tag","embeddable":true,"href":"https:\/\/chessgamesemporium.com\/en\/wp-json\/wp\/v2\/product_tag?post=47953"}],"curies":[{"name":"wp","href":"https:\/\/api.w.org\/{rel}","templated":true}]}}