{"id":48013,"date":"2023-03-09T13:02:08","date_gmt":"2023-03-09T13:02:08","guid":{"rendered":"https:\/\/www.ivh44.si\/Ponudbe\/chess\/?post_type=product&#038;p=48013"},"modified":"2025-12-08T06:56:19","modified_gmt":"2025-12-08T06:56:19","slug":"folding-chess-set-topol","status":"publish","type":"product","link":"https:\/\/chessgamesemporium.com\/en\/shop\/chess-sets-2\/folding-chess-sets\/folding-chess-set-topol\/","title":{"rendered":"Folding Wooden Chess Set TOPOL"},"content":{"rendered":"<p>Chess pieces:<br \/>\nWooden chess pieces, felted base, Staunton design<br \/>\nMaterial: Poplar<\/p>\n<p>Dimensions: (height | base width)<br \/>\nKing: 6,5 cm | 2,1 cm<br \/>\nQueen: 5,6 cm | 2,1 cm<br \/>\nRook: 3,8 cm | 2,0 cm<br \/>\nBishop: 4,9 cm | 2,0 cm<br \/>\nKnight: 4,2 cm | 2,0 cm<br \/>\nPawn: 3,1 cm | 1,6 cm<\/p>\n<p>Folding chess board:<br \/>\nMaterial: Inlaid walnut and maple<br \/>\nSquare dimension: 3,3 x 3,3 cm<br \/>\nCase\/Board dimensions (closed): 30 x 16 x 5,5 cm<\/p>\n<p>Warning! Not suitable for children under 3 years due to small parts! Danger of suffocation.<\/p>","protected":false},"excerpt":{"rendered":"<p>Figure: Lesene, podlo\u017eene, Staunton dizajn Material: Topol Dimenzije: (vi\u0161ina figure | premer podlage) Kralj: 6,5 cm | 2,1 cm Dama: 5,6 cm | 2,1 cm Top: 3,8 cm | 2,0 cm Lovec: 4,9 cm | 2,0 cm Skaka\u010d: 4,2 cm | 2,0 cm Kmet: 3,1 cm | 1,6 cm \u0160ahovnica &#8211; preklopna lesena \u0161ahovska kaseta [&hellip;]<\/p>","protected":false},"featured_media":48031,"comment_status":"closed","ping_status":"closed","template":"","meta":{"_seopress_robots_primary_cat":"none","_seopress_titles_title":"","_seopress_titles_desc":"","_seopress_robots_index":""},"product_brand":[],"product_cat":[510,518],"product_tag":[],"class_list":{"0":"post-48013","1":"product","2":"type-product","3":"status-publish","4":"has-post-thumbnail","6":"product_cat-sahovski-kompleti","7":"product_cat-zlozljive-garniture","8":"wcpa_has_options","10":"entry","11":"has-media","13":"first","14":"instock","15":"taxable","16":"shipping-taxable","17":"purchasable","18":"product-type-simple","19":"has-product-nav","20":"col","21":"span_1_of_4","22":"owp-content-center","23":"item-entry","24":"owp-thumbs-layout-horizontal","25":"owp-btn-normal","26":"owp-tabs-layout-section"},"wcpa_form_fields":{"rules":{"pric_overide_base_price":false,"pric_overide_base_price_if_gt_zero":false,"pric_overide_base_price_fully":false,"pric_cal_option_once":false,"pric_use_as_fee":false,"bind_quantity":false,"quantity_bind_formula":false},"fields":[{"type":"text","elementId":"wcpa-text-1666713333654","label":"Gravura ( opcijsko )","description":"Vpi\u0161ite \u017eeljeni tekst za graviranje (npr. Vse najbolj\u0161e, IME, datum ipd.)","desc_type":true,"enablePrice":true,"pricingType":"fixed","price":"7","name":"text-1666713333654","fee_label":"Za naro\u010dnike izven eu, bo davek od\u0161tet na blagajni.","subtype":"text","maxlength":"16","cl_rule":"show","col":6,"relations":false,"form_id":46231,"form_rules":{"pric_cal_option_once":false,"exclude_from_discount":false,"pric_use_as_fee":false,"fee_label":"Fee","render_after_acb":false,"disp_hide_options_price":false}}]},"_links":{"self":[{"href":"https:\/\/chessgamesemporium.com\/en\/wp-json\/wp\/v2\/product\/48013","targetHints":{"allow":["GET"]}}],"collection":[{"href":"https:\/\/chessgamesemporium.com\/en\/wp-json\/wp\/v2\/product"}],"about":[{"href":"https:\/\/chessgamesemporium.com\/en\/wp-json\/wp\/v2\/types\/product"}],"replies":[{"embeddable":true,"href":"https:\/\/chessgamesemporium.com\/en\/wp-json\/wp\/v2\/comments?post=48013"}],"version-history":[{"count":0,"href":"https:\/\/chessgamesemporium.com\/en\/wp-json\/wp\/v2\/product\/48013\/revisions"}],"wp:featuredmedia":[{"embeddable":true,"href":"https:\/\/chessgamesemporium.com\/en\/wp-json\/wp\/v2\/media\/48031"}],"wp:attachment":[{"href":"https:\/\/chessgamesemporium.com\/en\/wp-json\/wp\/v2\/media?parent=48013"}],"wp:term":[{"taxonomy":"product_brand","embeddable":true,"href":"https:\/\/chessgamesemporium.com\/en\/wp-json\/wp\/v2\/product_brand?post=48013"},{"taxonomy":"product_cat","embeddable":true,"href":"https:\/\/chessgamesemporium.com\/en\/wp-json\/wp\/v2\/product_cat?post=48013"},{"taxonomy":"product_tag","embeddable":true,"href":"https:\/\/chessgamesemporium.com\/en\/wp-json\/wp\/v2\/product_tag?post=48013"}],"curies":[{"name":"wp","href":"https:\/\/api.w.org\/{rel}","templated":true}]}}