{"id":48610,"date":"2023-04-25T12:03:03","date_gmt":"2023-04-25T12:03:03","guid":{"rendered":"https:\/\/www.ivh44.si\/Ponudbe\/chess\/?post_type=product&#038;p=48610"},"modified":"2024-04-18T11:11:38","modified_gmt":"2024-04-18T11:11:38","slug":"chess-set-dubrovnik-zagreb-bl","status":"publish","type":"product","link":"https:\/\/chessgamesemporium.com\/en\/shop\/chess-sets-2\/combo-sets\/chess-set-dubrovnik-zagreb-bl\/","title":{"rendered":"Chess set DUBROVNIK ZAGREB BL"},"content":{"rendered":"<p>Chess pieces:<br \/>\nQuality plastic chess pieces - Dubrovnik Zagreb design<\/p>\n<p>Weighted and felted<\/p>\n<p>These chess pieces have a rich history, reaching as far back as the 1950 Chess Olympiad in Dubrovnik. A key design of these chess pieces is their lack of religious iconography. Bobby Fischer stated on numerous occasions that these Dubrovnik chess pieces are his favourite.<\/p>\n<p>Dimensions: (height | base width)<br \/>\nKing: 8,2 cm | 3,6 cm<br \/>\nQueen: 7,7 cm | 3,6 cm<br \/>\nRook: 5,1 cm | 3,4 cm<br \/>\nBishop: 7,1 cm | 3,4 cm<br \/>\nKnight: 6,1 cm | 3,4 cm<br \/>\nPawn: 4,7 cm | 3,2 cm<\/p>\n<p>Chess board:<br \/>\nMaterial: PVC, canvas<br \/>\nColor: Black and white<br \/>\nBoard square dimensions: 5,0 x 5,0 cm<br \/>\nBoard size: 44 x 44 cm<br \/>\nWashable<\/p>\n<p>Warning! Not suitable for children under 3 years due to small parts! Danger of suffocation.<\/p>","protected":false},"excerpt":{"rendered":"<p>Figure: Visokokvalitetne plasti\u010dne \u0161ahovske figure Dubrovnik Zagreb. Obte\u017eene in podlo\u017eene. Te figure imajo bogato zgodovino, ki sega v leto 1950, ko je bila v Dubrovniku \u0161ahovska olimpijada. Glavna zna\u010dilno teg figur je, da so bile oblikovane brez verskih simbolov. Bobby Fischer je ve\u010dkrat poudaril, da so Dubrovnik figure njegove najljub\u0161e. Dimenzije: (vi\u0161ina | premer podlage) [&hellip;]<\/p>","protected":false},"featured_media":48627,"comment_status":"closed","ping_status":"closed","template":"","meta":{"_seopress_robots_primary_cat":"none","_seopress_titles_title":"","_seopress_titles_desc":"","_seopress_robots_index":""},"product_brand":[],"product_cat":[510,581],"product_tag":[],"class_list":{"0":"post-48610","1":"product","2":"type-product","3":"status-publish","4":"has-post-thumbnail","6":"product_cat-sahovski-kompleti","7":"product_cat-sestavljeni-kompleti","9":"entry","10":"has-media","12":"first","13":"instock","14":"taxable","15":"shipping-taxable","16":"purchasable","17":"product-type-simple","18":"has-product-nav","19":"col","20":"span_1_of_4","21":"owp-content-center","22":"item-entry","23":"owp-thumbs-layout-horizontal","24":"owp-btn-normal","25":"owp-tabs-layout-section"},"wcpa_form_fields":null,"_links":{"self":[{"href":"https:\/\/chessgamesemporium.com\/en\/wp-json\/wp\/v2\/product\/48610","targetHints":{"allow":["GET"]}}],"collection":[{"href":"https:\/\/chessgamesemporium.com\/en\/wp-json\/wp\/v2\/product"}],"about":[{"href":"https:\/\/chessgamesemporium.com\/en\/wp-json\/wp\/v2\/types\/product"}],"replies":[{"embeddable":true,"href":"https:\/\/chessgamesemporium.com\/en\/wp-json\/wp\/v2\/comments?post=48610"}],"version-history":[{"count":0,"href":"https:\/\/chessgamesemporium.com\/en\/wp-json\/wp\/v2\/product\/48610\/revisions"}],"wp:featuredmedia":[{"embeddable":true,"href":"https:\/\/chessgamesemporium.com\/en\/wp-json\/wp\/v2\/media\/48627"}],"wp:attachment":[{"href":"https:\/\/chessgamesemporium.com\/en\/wp-json\/wp\/v2\/media?parent=48610"}],"wp:term":[{"taxonomy":"product_brand","embeddable":true,"href":"https:\/\/chessgamesemporium.com\/en\/wp-json\/wp\/v2\/product_brand?post=48610"},{"taxonomy":"product_cat","embeddable":true,"href":"https:\/\/chessgamesemporium.com\/en\/wp-json\/wp\/v2\/product_cat?post=48610"},{"taxonomy":"product_tag","embeddable":true,"href":"https:\/\/chessgamesemporium.com\/en\/wp-json\/wp\/v2\/product_tag?post=48610"}],"curies":[{"name":"wp","href":"https:\/\/api.w.org\/{rel}","templated":true}]}}