{"id":48677,"date":"2023-05-08T12:59:34","date_gmt":"2023-05-08T12:59:34","guid":{"rendered":"https:\/\/www.ivh44.si\/Ponudbe\/chess\/?post_type=product&#038;p=48677"},"modified":"2025-02-25T12:38:41","modified_gmt":"2025-02-25T12:38:41","slug":"jigchess-set-zagreb","status":"publish","type":"product","link":"https:\/\/chessgamesemporium.com\/en\/shop\/chess-sets-2\/combo-sets\/jigchess-set-zagreb\/","title":{"rendered":"JigChess set ZAGREB"},"content":{"rendered":"<p>CHESS BOARD<br \/>\nStandard size chess board<br \/>\nBoard size: 50 x 50 cm<br \/>\nSquare size: 55 x 55 mm<br \/>\nBoard thickness: 2 mm<br \/>\nPuzzle piece count: 16 (4\u00d74)<br \/>\nWith notation<\/p>\n<p>This chessboard can be disassembled for easy storage and travel.<\/p>\n<p>The chessboard is made of hard extruded pvc foam with a fine homogenous closed cell structure. It is water and fire resistant.<\/p>\n<p>The material is sturdy and resistant to dents.<br \/>\nSuitable for indoor and outdoor use.<\/p>\n<p>CHESS PIECES<\/p>\n<p>Plastic chess pieces, Dubrovnik design, felted, in a plastic bag.<\/p>\n<p>Dimensions: (height | base width)<br \/>\nKing: 8,2 cm | 3,6 cm<br \/>\nQueen: 7,7 cm | 3,6 cm<br \/>\nRook: 5,1 cm | 3,4 cm<br \/>\nBishop: 7,1 cm | 3,4 cm<br \/>\nKnight: 6,1 cm | 3,4 cm<br \/>\nPawn: 4,7 cm | 3,2 cm<\/p>\n<p>Warning! Not suitable for children under 3 years due to small parts! Danger of suffocation.<\/p>","protected":false},"excerpt":{"rendered":"<p>\u0160AHOVNICA \u0160ahovnica standardne velikosti Dimenzije \u0161ahovnice: 50 X 50 cm Dimenzije polja: 55 mm Debelina \u0161ahovnice: 2 mm \u0160tevilo kosov (puzzle): 16 kosov (4&#215;4) Z notacijo \u0160ahovnica se enostavno prena\u0161a ali spakira, ker se razstavi na ve\u010d kosov in je\u00a0 primerna tudi za potovanja. Izdelana iz\u00a0trdega ekstrudiranega penastega pvc-ja\u00a0 z izredno fino in homogeno zaprto [&hellip;]<\/p>","protected":false},"featured_media":48704,"comment_status":"closed","ping_status":"closed","template":"","meta":{"_seopress_robots_primary_cat":"none","_seopress_titles_title":"","_seopress_titles_desc":"","_seopress_robots_index":""},"product_brand":[],"product_cat":[581,510],"product_tag":[],"class_list":{"0":"post-48677","1":"product","2":"type-product","3":"status-publish","4":"has-post-thumbnail","6":"product_cat-sestavljeni-kompleti","7":"product_cat-sahovski-kompleti","9":"entry","10":"has-media","12":"first","13":"instock","14":"taxable","15":"shipping-taxable","16":"purchasable","17":"product-type-simple","18":"has-product-nav","19":"col","20":"span_1_of_4","21":"owp-content-center","22":"item-entry","23":"owp-thumbs-layout-horizontal","24":"owp-btn-normal","25":"owp-tabs-layout-section"},"wcpa_form_fields":null,"_links":{"self":[{"href":"https:\/\/chessgamesemporium.com\/en\/wp-json\/wp\/v2\/product\/48677","targetHints":{"allow":["GET"]}}],"collection":[{"href":"https:\/\/chessgamesemporium.com\/en\/wp-json\/wp\/v2\/product"}],"about":[{"href":"https:\/\/chessgamesemporium.com\/en\/wp-json\/wp\/v2\/types\/product"}],"replies":[{"embeddable":true,"href":"https:\/\/chessgamesemporium.com\/en\/wp-json\/wp\/v2\/comments?post=48677"}],"version-history":[{"count":0,"href":"https:\/\/chessgamesemporium.com\/en\/wp-json\/wp\/v2\/product\/48677\/revisions"}],"wp:featuredmedia":[{"embeddable":true,"href":"https:\/\/chessgamesemporium.com\/en\/wp-json\/wp\/v2\/media\/48704"}],"wp:attachment":[{"href":"https:\/\/chessgamesemporium.com\/en\/wp-json\/wp\/v2\/media?parent=48677"}],"wp:term":[{"taxonomy":"product_brand","embeddable":true,"href":"https:\/\/chessgamesemporium.com\/en\/wp-json\/wp\/v2\/product_brand?post=48677"},{"taxonomy":"product_cat","embeddable":true,"href":"https:\/\/chessgamesemporium.com\/en\/wp-json\/wp\/v2\/product_cat?post=48677"},{"taxonomy":"product_tag","embeddable":true,"href":"https:\/\/chessgamesemporium.com\/en\/wp-json\/wp\/v2\/product_tag?post=48677"}],"curies":[{"name":"wp","href":"https:\/\/api.w.org\/{rel}","templated":true}]}}