{"id":48706,"date":"2023-05-09T09:09:29","date_gmt":"2023-05-09T09:09:29","guid":{"rendered":"https:\/\/www.ivh44.si\/Ponudbe\/chess\/?post_type=product&#038;p=48706"},"modified":"2026-04-18T03:57:52","modified_gmt":"2026-04-18T03:57:52","slug":"plastic-chess-pieces-staunton-colour","status":"publish","type":"product","link":"https:\/\/chessgamesemporium.com\/en\/shop\/chess-pieces\/plastic-chess-pieces\/plastic-chess-pieces-staunton-colour\/","title":{"rendered":"Plastic Chess pieces STAUNTON COLOR"},"content":{"rendered":"<p>Create your own color combination of chess pieces!<\/p>\n<p>Base: Felted<br \/>\nMaterial: Plastic<br \/>\nColor: White, Yellow, Red, Pink, Green, Blue, Black<\/p>\n<p>Colorful plastic chess pieces, staunton design, felted (Half set).<\/p>\n<p>Dimensions: (height | base width)<br \/>\nKing: 9,5 cm | 3,7 cm<br \/>\nQueen: 7,5 cm | 3,6 cm<br \/>\nRook: 4,6 cm | 3,2 cm<br \/>\nBishop: 6,5 cm | 3,1 cm<br \/>\nKnight: 5,8 cm | 3,2 cm<br \/>\nPawn: 4,5 cm | 2,7 cm<\/p>\n<p>These colorful chess pieces are an excellent choice for chess activities, schools, and beginners. The set contains sturdy plastic chess pieces which can whistand regular use, and also possess an attractive color scheme.<\/p>\n<p>Due to this being a half-set, a standard game of chess requires two sets in different colors (i. e. blue versus yellow). This allows mentors and teachers to create a more interesting learning environment and easily explain chess concepts.<\/p>\n<p>This chess set it especially suitable for:<\/p>\n<p>chess schools and chess for beginners,<br \/>\nchess clubs in schools,<br \/>\nchess equipment for children,<br \/>\nclassrooms, libraries, and other learning establishments.<\/p>\n<p>These pieces provide an affordable solution to anyone seeking a colorful, robust, and simple set of chess pieces.<\/p>\n<p>Warning! Not suitable for children under 3 years due to small parts! Danger of suffocation.<\/p>","protected":false},"excerpt":{"rendered":"<p>Sestavite svojo barvno kombinacijo \u0161ahovskih figur! Podlaga: Podlo\u017eene s filcem Material: Plastika Barva: Bela, rumena, rde\u010da, roza, zelena, modra in \u010drna Plasti\u010dne figure tipa Staunton, standardne vi\u0161ine, podlo\u017eene s filcem (polovi\u010dni set). Dimenzije: (vi\u0161ina figure | premer podlage) Kralj: 9,5 cm | 3,7 cm Dama: 7,5 cm | 3,6 cm Top: 4,6 cm | 3,2 [&hellip;]<\/p>","protected":false},"featured_media":56872,"comment_status":"closed","ping_status":"closed","template":"","meta":{"_seopress_robots_primary_cat":"none","_seopress_titles_title":"","_seopress_titles_desc":"Kupite plasti\u010dne \u0161ahovske figure Staunton Colour \u2013 trpe\u017een, barvno prepoznaven set za \u0161olo, klub ali doma. Klasi\u010den dizajn, dobra vidljivost in udobna igra.","_seopress_robots_index":""},"product_brand":[],"product_cat":[511,521],"product_tag":[],"class_list":{"0":"post-48706","1":"product","2":"type-product","3":"status-publish","4":"has-post-thumbnail","6":"product_cat-sahovske-figure","7":"product_cat-plasticne-figure","9":"entry","10":"has-media","12":"first","13":"instock","14":"taxable","15":"shipping-taxable","16":"purchasable","17":"product-type-variable","18":"has-product-nav","19":"col","20":"span_1_of_4","21":"owp-content-center","22":"item-entry","23":"owp-thumbs-layout-horizontal","24":"owp-btn-normal","25":"owp-tabs-layout-section"},"wcpa_form_fields":null,"_links":{"self":[{"href":"https:\/\/chessgamesemporium.com\/en\/wp-json\/wp\/v2\/product\/48706","targetHints":{"allow":["GET"]}}],"collection":[{"href":"https:\/\/chessgamesemporium.com\/en\/wp-json\/wp\/v2\/product"}],"about":[{"href":"https:\/\/chessgamesemporium.com\/en\/wp-json\/wp\/v2\/types\/product"}],"replies":[{"embeddable":true,"href":"https:\/\/chessgamesemporium.com\/en\/wp-json\/wp\/v2\/comments?post=48706"}],"version-history":[{"count":1,"href":"https:\/\/chessgamesemporium.com\/en\/wp-json\/wp\/v2\/product\/48706\/revisions"}],"predecessor-version":[{"id":63706,"href":"https:\/\/chessgamesemporium.com\/en\/wp-json\/wp\/v2\/product\/48706\/revisions\/63706"}],"wp:featuredmedia":[{"embeddable":true,"href":"https:\/\/chessgamesemporium.com\/en\/wp-json\/wp\/v2\/media\/56872"}],"wp:attachment":[{"href":"https:\/\/chessgamesemporium.com\/en\/wp-json\/wp\/v2\/media?parent=48706"}],"wp:term":[{"taxonomy":"product_brand","embeddable":true,"href":"https:\/\/chessgamesemporium.com\/en\/wp-json\/wp\/v2\/product_brand?post=48706"},{"taxonomy":"product_cat","embeddable":true,"href":"https:\/\/chessgamesemporium.com\/en\/wp-json\/wp\/v2\/product_cat?post=48706"},{"taxonomy":"product_tag","embeddable":true,"href":"https:\/\/chessgamesemporium.com\/en\/wp-json\/wp\/v2\/product_tag?post=48706"}],"curies":[{"name":"wp","href":"https:\/\/api.w.org\/{rel}","templated":true}]}}