{"id":49198,"date":"2023-06-06T11:27:11","date_gmt":"2023-06-06T11:27:11","guid":{"rendered":"https:\/\/www.ivh44.si\/Ponudbe\/chess\/?post_type=product&#038;p=49198"},"modified":"2026-03-11T08:33:03","modified_gmt":"2026-03-11T08:33:03","slug":"sahovsko-naslede-aljehina-1","status":"publish","type":"product","link":"https:\/\/chessgamesemporium.com\/en\/shop\/chess-books\/biographies-2\/sahovsko-naslede-aljehina-1\/","title":{"rendered":"\u0160AHOVSKO NASLE\u0110E ALJEHINA 1"},"content":{"rendered":"<p>Author: A. Kotov<br \/>\nRelease year: 2005<br \/>\nLanguage: Serbian<br \/>\nPages: 300<br \/>\nDimensions: 25 x 17,6 cm<br \/>\nCover: hard<\/p>\n<p>The first monography book from grandmaster A. Kotov is dedicated to the life and creation of great chess player Alexander Aljehin. This book highlights Aljehin's contribution to opening theory, examines combinations and tactical blows and different ways of attacking the king. The book contains nearly 200 annotated games.<\/p>","protected":false},"excerpt":{"rendered":"<p>Avtor: A. Kotov Leto izdaje: 2005 Jezik: Srbski \u0160t. strani: 300 Format: 25 x 17,6 cm Platnice: trde Prva knjiga monografije velemojstra A. Kotova je posve\u010dena \u017eivljenju in ustvarjanju velikega \u0161ahista Aleksandra Aljehina. V tej knjigi je poudarjen Aljehinov doprinos k teoriji otvoritev, prou\u010duje kombinacije in takti\u010dne udare in razli\u010dne na\u010dine napada na kralja. V [&hellip;]<\/p>","protected":false},"featured_media":49219,"comment_status":"closed","ping_status":"closed","template":"","meta":{"_seopress_robots_primary_cat":"none","_seopress_titles_title":"","_seopress_titles_desc":"","_seopress_robots_index":""},"product_brand":[],"product_cat":[610,512],"product_tag":[],"class_list":{"0":"post-49198","1":"product","2":"type-product","3":"status-publish","4":"has-post-thumbnail","6":"product_cat-biografije","7":"product_cat-sahovske-knjige","8":"pa_avtor-a-kotov","9":"pa_leto-izdaje-1010","10":"pa_nivo-knjige-srednji","11":"pa_stran-oboje-nevtralno","12":"pa_tip-knjige-biografije-zgodovina","13":"pa_zalozba-sahohlacnik","15":"entry","16":"has-media","18":"first","19":"instock","20":"taxable","21":"shipping-taxable","22":"purchasable","23":"product-type-simple","24":"has-product-nav","25":"col","26":"span_1_of_4","27":"owp-content-center","28":"item-entry","29":"owp-thumbs-layout-horizontal","30":"owp-btn-normal","31":"owp-tabs-layout-section","32":"has-no-thumbnails"},"wcpa_form_fields":null,"_links":{"self":[{"href":"https:\/\/chessgamesemporium.com\/en\/wp-json\/wp\/v2\/product\/49198","targetHints":{"allow":["GET"]}}],"collection":[{"href":"https:\/\/chessgamesemporium.com\/en\/wp-json\/wp\/v2\/product"}],"about":[{"href":"https:\/\/chessgamesemporium.com\/en\/wp-json\/wp\/v2\/types\/product"}],"replies":[{"embeddable":true,"href":"https:\/\/chessgamesemporium.com\/en\/wp-json\/wp\/v2\/comments?post=49198"}],"version-history":[{"count":0,"href":"https:\/\/chessgamesemporium.com\/en\/wp-json\/wp\/v2\/product\/49198\/revisions"}],"wp:featuredmedia":[{"embeddable":true,"href":"https:\/\/chessgamesemporium.com\/en\/wp-json\/wp\/v2\/media\/49219"}],"wp:attachment":[{"href":"https:\/\/chessgamesemporium.com\/en\/wp-json\/wp\/v2\/media?parent=49198"}],"wp:term":[{"taxonomy":"product_brand","embeddable":true,"href":"https:\/\/chessgamesemporium.com\/en\/wp-json\/wp\/v2\/product_brand?post=49198"},{"taxonomy":"product_cat","embeddable":true,"href":"https:\/\/chessgamesemporium.com\/en\/wp-json\/wp\/v2\/product_cat?post=49198"},{"taxonomy":"product_tag","embeddable":true,"href":"https:\/\/chessgamesemporium.com\/en\/wp-json\/wp\/v2\/product_tag?post=49198"}],"curies":[{"name":"wp","href":"https:\/\/api.w.org\/{rel}","templated":true}]}}