{"id":49248,"date":"2023-06-08T08:57:31","date_gmt":"2023-06-08T08:57:31","guid":{"rendered":"https:\/\/www.ivh44.si\/Ponudbe\/chess\/?post_type=product&#038;p=49248"},"modified":"2026-03-11T09:07:18","modified_gmt":"2026-03-11T09:07:18","slug":"sredisnjica-plan-kombinacija","status":"publish","type":"product","link":"https:\/\/chessgamesemporium.com\/en\/shop\/chess-books\/strategy-and-tactics-2\/sredisnjica-plan-kombinacija\/","title":{"rendered":"SREDI\u0160NJICA (Plan, Kombinacija)"},"content":{"rendered":"<p>Author: Petr Arsinijevi\u010d Romanovski<br \/>\nRelease year: 2005<br \/>\nLanguage: Serbian<br \/>\nPages: 327<br \/>\nDimensions: 25 x 17,6 cm<br \/>\nCover: hard<\/p>\n<p>This book by  P. A. ROMANOVSKI, a coach of the USSR,  \"Sredi\u0161njica\" (middlegame - plan) shows us the theory of the middle game. - An important part of the game of chess. The book helps the reader to find the right plan in the middle game.<\/p>","protected":false},"excerpt":{"rendered":"<p>Avtor: Petr Arsinijevi\u010d Romanovski Leto izdaje: 2005 Jezik: Srbski \u0160t. strani: 327 Format: 25 x 17,6 cm Platnice: trde Knjiga trenerja Sovjetske zveze P.A. Romanovskega \u00bbSredi\u0161njica\u00ab (plan) prou\u010duje teorijo srednjega dela igre \u2013 pomembnega dela \u0161ahovske igre. Knjiga pomaga \u0161ahistu najti pravi plan v \u0161ahovski partiji.<\/p>","protected":false},"featured_media":49269,"comment_status":"closed","ping_status":"closed","template":"","meta":{"_seopress_robots_primary_cat":"none","_seopress_titles_title":"","_seopress_titles_desc":"","_seopress_robots_index":""},"product_brand":[],"product_cat":[608,512],"product_tag":[],"class_list":{"0":"post-49248","1":"product","2":"type-product","3":"status-publish","4":"has-post-thumbnail","6":"product_cat-strategija-in-taktika","7":"product_cat-sahovske-knjige","9":"entry","10":"has-media","12":"first","13":"instock","14":"taxable","15":"shipping-taxable","16":"purchasable","17":"product-type-simple","18":"has-product-nav","19":"col","20":"span_1_of_4","21":"owp-content-center","22":"item-entry","23":"owp-thumbs-layout-horizontal","24":"owp-btn-normal","25":"owp-tabs-layout-section","26":"has-no-thumbnails"},"wcpa_form_fields":null,"_links":{"self":[{"href":"https:\/\/chessgamesemporium.com\/en\/wp-json\/wp\/v2\/product\/49248","targetHints":{"allow":["GET"]}}],"collection":[{"href":"https:\/\/chessgamesemporium.com\/en\/wp-json\/wp\/v2\/product"}],"about":[{"href":"https:\/\/chessgamesemporium.com\/en\/wp-json\/wp\/v2\/types\/product"}],"replies":[{"embeddable":true,"href":"https:\/\/chessgamesemporium.com\/en\/wp-json\/wp\/v2\/comments?post=49248"}],"version-history":[{"count":0,"href":"https:\/\/chessgamesemporium.com\/en\/wp-json\/wp\/v2\/product\/49248\/revisions"}],"wp:featuredmedia":[{"embeddable":true,"href":"https:\/\/chessgamesemporium.com\/en\/wp-json\/wp\/v2\/media\/49269"}],"wp:attachment":[{"href":"https:\/\/chessgamesemporium.com\/en\/wp-json\/wp\/v2\/media?parent=49248"}],"wp:term":[{"taxonomy":"product_brand","embeddable":true,"href":"https:\/\/chessgamesemporium.com\/en\/wp-json\/wp\/v2\/product_brand?post=49248"},{"taxonomy":"product_cat","embeddable":true,"href":"https:\/\/chessgamesemporium.com\/en\/wp-json\/wp\/v2\/product_cat?post=49248"},{"taxonomy":"product_tag","embeddable":true,"href":"https:\/\/chessgamesemporium.com\/en\/wp-json\/wp\/v2\/product_tag?post=49248"}],"curies":[{"name":"wp","href":"https:\/\/api.w.org\/{rel}","templated":true}]}}