{"id":49255,"date":"2023-06-08T09:49:12","date_gmt":"2023-06-08T09:49:12","guid":{"rendered":"https:\/\/www.ivh44.si\/Ponudbe\/chess\/?post_type=product&#038;p=49255"},"modified":"2024-03-26T09:17:50","modified_gmt":"2024-03-26T09:17:50","slug":"kontranapad","status":"publish","type":"product","link":"https:\/\/chessgamesemporium.com\/en\/shop\/all-products\/kontranapad\/","title":{"rendered":"KONTRANAPAD"},"content":{"rendered":"<p>Author: J. Damski<br \/>\nRelease year: 2005<br \/>\nLanguage: Serbian<br \/>\nPages: 66<br \/>\nDimensions: 21 x 14,8 cm<br \/>\nCover: Soft<\/p>\n<p>This book explores the meaning of counterattack, transitioning from defense to attack and the various approaches to leading the counterattack.<\/p>\n<p>This book is intended for all chess players.<\/p>","protected":false},"excerpt":{"rendered":"<p>Avtor: J. Damski Leto izdaje: 2005 Jezik: Srbski \u0160t. strani: 66 Format: 21 x 14,8 cm Platnice: mehke Knjiga odkriva smisel kontranapada, trenutke prehoda iz obrambe v napad in razli\u010dne na\u010dine vodenja kontranapada. Knjiga je namenjena vsem \u0161ahistom.<\/p>","protected":false},"featured_media":49282,"comment_status":"closed","ping_status":"closed","template":"","meta":{"_seopress_robots_primary_cat":"none","_seopress_titles_title":"","_seopress_titles_desc":"","_seopress_robots_index":""},"product_brand":[],"product_cat":[194],"product_tag":[],"class_list":{"0":"post-49255","1":"product","2":"type-product","3":"status-publish","4":"has-post-thumbnail","6":"product_cat-vsi-izdelki","8":"entry","9":"has-media","11":"first","12":"instock","13":"taxable","14":"shipping-taxable","15":"purchasable","16":"product-type-simple","17":"has-product-nav","18":"col","19":"span_1_of_4","20":"owp-content-center","21":"item-entry","22":"owp-thumbs-layout-horizontal","23":"owp-btn-normal","24":"owp-tabs-layout-section","25":"has-no-thumbnails"},"wcpa_form_fields":null,"_links":{"self":[{"href":"https:\/\/chessgamesemporium.com\/en\/wp-json\/wp\/v2\/product\/49255","targetHints":{"allow":["GET"]}}],"collection":[{"href":"https:\/\/chessgamesemporium.com\/en\/wp-json\/wp\/v2\/product"}],"about":[{"href":"https:\/\/chessgamesemporium.com\/en\/wp-json\/wp\/v2\/types\/product"}],"replies":[{"embeddable":true,"href":"https:\/\/chessgamesemporium.com\/en\/wp-json\/wp\/v2\/comments?post=49255"}],"version-history":[{"count":0,"href":"https:\/\/chessgamesemporium.com\/en\/wp-json\/wp\/v2\/product\/49255\/revisions"}],"wp:featuredmedia":[{"embeddable":true,"href":"https:\/\/chessgamesemporium.com\/en\/wp-json\/wp\/v2\/media\/49282"}],"wp:attachment":[{"href":"https:\/\/chessgamesemporium.com\/en\/wp-json\/wp\/v2\/media?parent=49255"}],"wp:term":[{"taxonomy":"product_brand","embeddable":true,"href":"https:\/\/chessgamesemporium.com\/en\/wp-json\/wp\/v2\/product_brand?post=49255"},{"taxonomy":"product_cat","embeddable":true,"href":"https:\/\/chessgamesemporium.com\/en\/wp-json\/wp\/v2\/product_cat?post=49255"},{"taxonomy":"product_tag","embeddable":true,"href":"https:\/\/chessgamesemporium.com\/en\/wp-json\/wp\/v2\/product_tag?post=49255"}],"curies":[{"name":"wp","href":"https:\/\/api.w.org\/{rel}","templated":true}]}}