{"id":49328,"date":"2023-06-08T11:26:20","date_gmt":"2023-06-08T11:26:20","guid":{"rendered":"https:\/\/www.ivh44.si\/Ponudbe\/chess\/?post_type=product&#038;p=49328"},"modified":"2024-03-26T09:12:19","modified_gmt":"2024-03-26T09:12:19","slug":"cugcvang","status":"publish","type":"product","link":"https:\/\/chessgamesemporium.com\/en\/shop\/all-products\/cugcvang\/","title":{"rendered":"CUGCVANG"},"content":{"rendered":"<p>Author: L. Verhovski<br \/>\nRelease year: 2005<br \/>\nLanguage: Serbian<br \/>\nPages: 113<br \/>\nDimensions: 21 x 14,8 cm<br \/>\nCover: Soft<\/p>\n<p>This book is for anyone who wants to improve at chess and learn new strategic ideas. Chess writer L. Verhovski has collected many beautiful examples showing the role of \u201cZugzwang\u201d in chess games.<\/p>\n<p>The book is intended for a broad range of chess players.<\/p>","protected":false},"excerpt":{"rendered":"<p>Avtor: L. Verhovski Leto izdaje: 2005 Jezik: Srbski \u0160t. strani: 113 Format: 21 x 14,8 cm Platnice: mehke Ta knjiga je namenjena vsem, ki se \u017eelijo izpopolnjevati v \u0161ahu in nau\u010diti novih strate\u0161kih idej. \u0160ahovski publicist L. Verhovski je zbral veliko lepih primerov, ki prikazujejo vlogo nujnice v \u0161ahovski partiji. Knjiga je namenjena \u0161irokemu krogu [&hellip;]<\/p>","protected":false},"featured_media":49343,"comment_status":"closed","ping_status":"closed","template":"","meta":{"_seopress_robots_primary_cat":"none","_seopress_titles_title":"","_seopress_titles_desc":"","_seopress_robots_index":""},"product_brand":[],"product_cat":[194],"product_tag":[],"class_list":{"0":"post-49328","1":"product","2":"type-product","3":"status-publish","4":"has-post-thumbnail","6":"product_cat-vsi-izdelki","8":"entry","9":"has-media","11":"first","12":"outofstock","13":"taxable","14":"shipping-taxable","15":"purchasable","16":"product-type-simple","17":"has-product-nav","18":"col","19":"span_1_of_4","20":"owp-content-center","21":"item-entry","22":"owp-thumbs-layout-horizontal","23":"owp-btn-normal","24":"owp-tabs-layout-section","25":"has-no-thumbnails"},"wcpa_form_fields":null,"_links":{"self":[{"href":"https:\/\/chessgamesemporium.com\/en\/wp-json\/wp\/v2\/product\/49328","targetHints":{"allow":["GET"]}}],"collection":[{"href":"https:\/\/chessgamesemporium.com\/en\/wp-json\/wp\/v2\/product"}],"about":[{"href":"https:\/\/chessgamesemporium.com\/en\/wp-json\/wp\/v2\/types\/product"}],"replies":[{"embeddable":true,"href":"https:\/\/chessgamesemporium.com\/en\/wp-json\/wp\/v2\/comments?post=49328"}],"version-history":[{"count":0,"href":"https:\/\/chessgamesemporium.com\/en\/wp-json\/wp\/v2\/product\/49328\/revisions"}],"wp:featuredmedia":[{"embeddable":true,"href":"https:\/\/chessgamesemporium.com\/en\/wp-json\/wp\/v2\/media\/49343"}],"wp:attachment":[{"href":"https:\/\/chessgamesemporium.com\/en\/wp-json\/wp\/v2\/media?parent=49328"}],"wp:term":[{"taxonomy":"product_brand","embeddable":true,"href":"https:\/\/chessgamesemporium.com\/en\/wp-json\/wp\/v2\/product_brand?post=49328"},{"taxonomy":"product_cat","embeddable":true,"href":"https:\/\/chessgamesemporium.com\/en\/wp-json\/wp\/v2\/product_cat?post=49328"},{"taxonomy":"product_tag","embeddable":true,"href":"https:\/\/chessgamesemporium.com\/en\/wp-json\/wp\/v2\/product_tag?post=49328"}],"curies":[{"name":"wp","href":"https:\/\/api.w.org\/{rel}","templated":true}]}}