{"id":49332,"date":"2023-06-08T11:24:22","date_gmt":"2023-06-08T11:24:22","guid":{"rendered":"https:\/\/www.ivh44.si\/Ponudbe\/chess\/?post_type=product&#038;p=49332"},"modified":"2024-05-28T08:58:55","modified_gmt":"2024-05-28T08:58:55","slug":"uloga-centra-u-sahovskoj-partiji","status":"publish","type":"product","link":"https:\/\/chessgamesemporium.com\/en\/shop\/all-products\/uloga-centra-u-sahovskoj-partiji\/","title":{"rendered":"ULOGA CENTRA u \u0160AHOVSKOJ PARTIJI"},"content":{"rendered":"<p>Author: B. Persic<br \/>\nRelease year: 2005<br \/>\nLanguage: Serbian<br \/>\nPages: 110<br \/>\nDimensions: 21 x 14,8 cm<br \/>\nCover: Soft<\/p>\n<p>This book written by master B. Persic works out an important topic of chess strategy: the problem of the struggle for the centre. Analysis of various centre types is made up of examples of chess classics and modern games.<\/p>\n<p>The book is intended for a wide audience.<\/p>","protected":false},"excerpt":{"rendered":"<p>Avtor: B. Persic Leto izdaje: 2005 Jezik: Srbski \u0160t. strani: 110 Format: 21 x 14,8 cm Platnice: mehke V knjigi mojstra B. Persica je razdelana zelo va\u017ena tema \u0161ahovske strategije: problem borbe za center. Analiza raznih tipov centra je sestavljena iz primerov \u0161ahovskih klasikov kot tudi modernej\u0161ih partij. Knjiga je namenjena \u0161irokemu krogu ljudi.<\/p>","protected":false},"featured_media":49352,"comment_status":"closed","ping_status":"closed","template":"","meta":{"_seopress_robots_primary_cat":"none","_seopress_titles_title":"","_seopress_titles_desc":"","_seopress_robots_index":""},"product_brand":[],"product_cat":[194],"product_tag":[],"class_list":{"0":"post-49332","1":"product","2":"type-product","3":"status-publish","4":"has-post-thumbnail","6":"product_cat-vsi-izdelki","8":"entry","9":"has-media","11":"first","12":"outofstock","13":"taxable","14":"shipping-taxable","15":"purchasable","16":"product-type-simple","17":"has-product-nav","18":"col","19":"span_1_of_4","20":"owp-content-center","21":"item-entry","22":"owp-thumbs-layout-horizontal","23":"owp-btn-normal","24":"owp-tabs-layout-section","25":"has-no-thumbnails"},"wcpa_form_fields":null,"_links":{"self":[{"href":"https:\/\/chessgamesemporium.com\/en\/wp-json\/wp\/v2\/product\/49332","targetHints":{"allow":["GET"]}}],"collection":[{"href":"https:\/\/chessgamesemporium.com\/en\/wp-json\/wp\/v2\/product"}],"about":[{"href":"https:\/\/chessgamesemporium.com\/en\/wp-json\/wp\/v2\/types\/product"}],"replies":[{"embeddable":true,"href":"https:\/\/chessgamesemporium.com\/en\/wp-json\/wp\/v2\/comments?post=49332"}],"version-history":[{"count":0,"href":"https:\/\/chessgamesemporium.com\/en\/wp-json\/wp\/v2\/product\/49332\/revisions"}],"wp:featuredmedia":[{"embeddable":true,"href":"https:\/\/chessgamesemporium.com\/en\/wp-json\/wp\/v2\/media\/49352"}],"wp:attachment":[{"href":"https:\/\/chessgamesemporium.com\/en\/wp-json\/wp\/v2\/media?parent=49332"}],"wp:term":[{"taxonomy":"product_brand","embeddable":true,"href":"https:\/\/chessgamesemporium.com\/en\/wp-json\/wp\/v2\/product_brand?post=49332"},{"taxonomy":"product_cat","embeddable":true,"href":"https:\/\/chessgamesemporium.com\/en\/wp-json\/wp\/v2\/product_cat?post=49332"},{"taxonomy":"product_tag","embeddable":true,"href":"https:\/\/chessgamesemporium.com\/en\/wp-json\/wp\/v2\/product_tag?post=49332"}],"curies":[{"name":"wp","href":"https:\/\/api.w.org\/{rel}","templated":true}]}}