{"id":49681,"date":"2023-07-18T11:45:30","date_gmt":"2023-07-18T11:45:30","guid":{"rendered":"https:\/\/www.ivh44.si\/Ponudbe\/chess\/?post_type=product&#038;p=49681"},"modified":"2025-02-25T08:56:06","modified_gmt":"2025-02-25T08:56:06","slug":"chess-set-walnut-staunton-box","status":"publish","type":"product","link":"https:\/\/chessgamesemporium.com\/en\/shop\/chess-sets-2\/luxury-chess-sets\/chess-set-walnut-staunton-box\/","title":{"rendered":"Chess set Walnut Staunton Box"},"content":{"rendered":"<p>Chess pieces:<br \/>\nStaunton design, weighted, felted, varnished<\/p>\n<p>Dimensions: (height | base width):<br \/>\nKing: 7,8 cm | 2,9 cm<br \/>\nQueen: 6,5 cm | 2,9 cm<br \/>\nRook: 4,4 cm | 2,5 cm<br \/>\nBishop: 6,0 cm | 2,5 cm<br \/>\nKnight: 5,5 cm | 2,5 cm<br \/>\nPawn: 4,5 cm | 2,2 cm<\/p>\n<p>These Staunton chess pieces are exquisitely crafted from hardwood, weighted, varnished, and hand-detailed with precision and tradition.<\/p>\n<p>Chess board:<br \/>\nBoard square dimensions: 4,0 x 4,0 cm<br \/>\nBoard dimensions: 35 x 35 x 5 cm<\/p>\n<p>Box material: wood (walnut)<\/p>\n<p>The brass clip opens up, revealing a storage space with individual compartments for each chess piece.<\/p>\n<p>This chess set is an excellent addition to any home and will most certainly bring as much joy in admiring it when not in use, as it will during play.<\/p>\n<p>A simple victory in finding a gift for the chess lovers in your life!<\/p>\n<p>Warning! Not suitable for children under 3 years due to small parts! Danger of suffocation.<\/p>","protected":false},"excerpt":{"rendered":"<p>Figure: Staunton dizajn, podlo\u017eene, obte\u017eene, lakirane Dimenzije: (vi\u0161ina | premer podlage): Kralj: 7,8 cm | 2,9 cm Dama: 6,5 cm | 2,9 cm Top: 4,4 cm | 2,5 cm Lovec: 6,0 cm | 2,5 cm Skaka\u010d: 5,5 cm | 2,5 cm Kmet: 4,5 cm | 2,2 cm \u0160ahovske figure Staunton so \u010dudovito izdelane iz masivnega [&hellip;]<\/p>","protected":false},"featured_media":49685,"comment_status":"closed","ping_status":"closed","template":"","meta":{"_seopress_robots_primary_cat":"none","_seopress_titles_title":"","_seopress_titles_desc":"","_seopress_robots_index":""},"product_brand":[],"product_cat":[611,510],"product_tag":[],"class_list":{"0":"post-49681","1":"product","2":"type-product","3":"status-publish","4":"has-post-thumbnail","6":"product_cat-ekskluzivne-garniture","7":"product_cat-sahovski-kompleti","9":"entry","10":"has-media","12":"first","13":"instock","14":"taxable","15":"shipping-taxable","16":"purchasable","17":"product-type-simple","18":"has-product-nav","19":"col","20":"span_1_of_4","21":"owp-content-center","22":"item-entry","23":"owp-thumbs-layout-horizontal","24":"owp-btn-normal","25":"owp-tabs-layout-section"},"wcpa_form_fields":null,"_links":{"self":[{"href":"https:\/\/chessgamesemporium.com\/en\/wp-json\/wp\/v2\/product\/49681","targetHints":{"allow":["GET"]}}],"collection":[{"href":"https:\/\/chessgamesemporium.com\/en\/wp-json\/wp\/v2\/product"}],"about":[{"href":"https:\/\/chessgamesemporium.com\/en\/wp-json\/wp\/v2\/types\/product"}],"replies":[{"embeddable":true,"href":"https:\/\/chessgamesemporium.com\/en\/wp-json\/wp\/v2\/comments?post=49681"}],"version-history":[{"count":0,"href":"https:\/\/chessgamesemporium.com\/en\/wp-json\/wp\/v2\/product\/49681\/revisions"}],"wp:featuredmedia":[{"embeddable":true,"href":"https:\/\/chessgamesemporium.com\/en\/wp-json\/wp\/v2\/media\/49685"}],"wp:attachment":[{"href":"https:\/\/chessgamesemporium.com\/en\/wp-json\/wp\/v2\/media?parent=49681"}],"wp:term":[{"taxonomy":"product_brand","embeddable":true,"href":"https:\/\/chessgamesemporium.com\/en\/wp-json\/wp\/v2\/product_brand?post=49681"},{"taxonomy":"product_cat","embeddable":true,"href":"https:\/\/chessgamesemporium.com\/en\/wp-json\/wp\/v2\/product_cat?post=49681"},{"taxonomy":"product_tag","embeddable":true,"href":"https:\/\/chessgamesemporium.com\/en\/wp-json\/wp\/v2\/product_tag?post=49681"}],"curies":[{"name":"wp","href":"https:\/\/api.w.org\/{rel}","templated":true}]}}