{"id":49697,"date":"2023-07-18T11:54:51","date_gmt":"2023-07-18T11:54:51","guid":{"rendered":"https:\/\/www.ivh44.si\/Ponudbe\/chess\/?post_type=product&#038;p=49697"},"modified":"2026-01-26T12:11:50","modified_gmt":"2026-01-26T12:11:50","slug":"luxury-chess-set-chicago","status":"publish","type":"product","link":"https:\/\/chessgamesemporium.com\/en\/shop\/chess-sets-2\/luxury-chess-sets\/luxury-chess-set-chicago\/","title":{"rendered":"Luxury chess set Chicago"},"content":{"rendered":"<p>Walnut Chess set 40x40cm (Medium)<br>Staunton Chessmen 7,7 cm King<\/p>\n<p>This unique wooden chess set includes a variety of thoughtfully sourced products. The set includes the perfectly matched Walnut chessboard that was crafted by skilful artisans using the Art of Marquetry. The chessmen are weighted and feature a 7,7cm King's height.<\/p>\n<p>Carefully selected wood veneers, traditional designs and special craftsmanship using the art of Marquetry give life to our Wooden Chess collection.<\/p>","protected":false},"excerpt":{"rendered":"<p>\u0160ahovska garnitura narejena iz orehovega lesa 40&#215;40 cm (srednja) s \u0161ahovskimi figurami Staunton, kralj vi\u0161ine 7,7 cm. Ta edinstven lesen \u0161ahovski komplet vklju\u010duje razli\u010dne premi\u0161ljeno izbrane izdelke. Komplet vklju\u010duje popolnoma usklajeno \u0161ahovnico iz oreha z uporabo intarzije. \u0160ahovske figure so obte\u017eene in imajo kralja vi\u0161ine 7,7 cm. Skrbno izbrani leseni furnirji, tradicionalni modeli in posebna [&hellip;]<\/p>","protected":false},"featured_media":49709,"comment_status":"closed","ping_status":"closed","template":"","meta":{"_seopress_robots_primary_cat":"none","_seopress_titles_title":"","_seopress_titles_desc":"","_seopress_robots_index":""},"product_brand":[],"product_cat":[611,510],"product_tag":[],"class_list":{"0":"post-49697","1":"product","2":"type-product","3":"status-publish","4":"has-post-thumbnail","6":"product_cat-ekskluzivne-garniture","7":"product_cat-sahovski-kompleti","9":"entry","10":"has-media","12":"first","13":"instock","14":"taxable","15":"shipping-taxable","16":"purchasable","17":"product-type-simple","18":"has-product-nav","19":"col","20":"span_1_of_4","21":"owp-content-center","22":"item-entry","23":"owp-thumbs-layout-horizontal","24":"owp-btn-normal","25":"owp-tabs-layout-section"},"wcpa_form_fields":null,"_links":{"self":[{"href":"https:\/\/chessgamesemporium.com\/en\/wp-json\/wp\/v2\/product\/49697","targetHints":{"allow":["GET"]}}],"collection":[{"href":"https:\/\/chessgamesemporium.com\/en\/wp-json\/wp\/v2\/product"}],"about":[{"href":"https:\/\/chessgamesemporium.com\/en\/wp-json\/wp\/v2\/types\/product"}],"replies":[{"embeddable":true,"href":"https:\/\/chessgamesemporium.com\/en\/wp-json\/wp\/v2\/comments?post=49697"}],"version-history":[{"count":0,"href":"https:\/\/chessgamesemporium.com\/en\/wp-json\/wp\/v2\/product\/49697\/revisions"}],"wp:featuredmedia":[{"embeddable":true,"href":"https:\/\/chessgamesemporium.com\/en\/wp-json\/wp\/v2\/media\/49709"}],"wp:attachment":[{"href":"https:\/\/chessgamesemporium.com\/en\/wp-json\/wp\/v2\/media?parent=49697"}],"wp:term":[{"taxonomy":"product_brand","embeddable":true,"href":"https:\/\/chessgamesemporium.com\/en\/wp-json\/wp\/v2\/product_brand?post=49697"},{"taxonomy":"product_cat","embeddable":true,"href":"https:\/\/chessgamesemporium.com\/en\/wp-json\/wp\/v2\/product_cat?post=49697"},{"taxonomy":"product_tag","embeddable":true,"href":"https:\/\/chessgamesemporium.com\/en\/wp-json\/wp\/v2\/product_tag?post=49697"}],"curies":[{"name":"wp","href":"https:\/\/api.w.org\/{rel}","templated":true}]}}