{"id":49728,"date":"2023-07-20T10:21:48","date_gmt":"2023-07-20T10:21:48","guid":{"rendered":"https:\/\/www.ivh44.si\/Ponudbe\/chess\/?post_type=product&#038;p=49728"},"modified":"2024-02-15T07:59:18","modified_gmt":"2024-02-15T07:59:18","slug":"chess-se-bonn-50","status":"publish","type":"product","link":"https:\/\/chessgamesemporium.com\/en\/shop\/chess-sets-2\/combo-sets\/chess-se-bonn-50\/","title":{"rendered":"Chess set BONN 50"},"content":{"rendered":"<p>Wooden Chess Pieces AMERICAN STAUNTON S<br \/>\nWeighted, felted, varnished<\/p>\n<p>A beautifully crafted set of chess pieces, with a detailed knight.<br \/>\nColour: brown \/ natural<br \/>\nMaterial: Rosewood\/Boxwood<\/p>\n<p>Dimensions: (height | base width)<br \/>\nKing: 7,7 cm | 3,2 cm<br \/>\nQueen: 6,6 cm | 3,1 cm<br \/>\nRook: 4,6 cm | 2,9 cm<br \/>\nBishop: 6,0 cm | 2,9 cm<br \/>\nKnight: 5,4 cm | 2,9 cm<br \/>\nPawn: 4,2 cm | 2,4 cm<\/p>\n<p>Wooden Chess Board BONN 50<br \/>\nInlaid, with notation, felted base<\/p>\n<p>Square size: 50 x 50 mm<br \/>\nBoard size: 48 x 48 cm<br \/>\nBoard thickness: 1,3 cm<\/p>\n<p>This 48 x 48 cm veneer chessboard has been crafted from maple and rosewood-optic.  This fine chess board has a square size of 50 x 50 mm.<\/p>","protected":false},"excerpt":{"rendered":"<p>Lesene \u0160ahovske Figure AMERICAN STAUNTON S Obte\u017eene, podlo\u017eene, lakirane Lepo oblikovane \u0161ahovske figure z dodatno oblikovanim skaka\u010dem. Barva: rjava\/naravna Material:Palisander\/pu\u0161pan Dimenzije: (vi\u0161ina figure | premer podlage) Kralj: 7,7 cm | 3,2 cm Dama: 6,6 cm | 3,1 cm Top: 4,6 cm | 2,9 cm Lovec: 6,0 cm | 2,9 cm Skaka\u010d: 5,4 cm | 2,9 [&hellip;]<\/p>","protected":false},"featured_media":49749,"comment_status":"closed","ping_status":"closed","template":"","meta":{"_seopress_robots_primary_cat":"none","_seopress_titles_title":"","_seopress_titles_desc":"","_seopress_robots_index":""},"product_brand":[],"product_cat":[581,510],"product_tag":[],"class_list":{"0":"post-49728","1":"product","2":"type-product","3":"status-publish","4":"has-post-thumbnail","6":"product_cat-sestavljeni-kompleti","7":"product_cat-sahovski-kompleti","8":"wcpa_has_options","10":"entry","11":"has-media","13":"first","14":"instock","15":"taxable","16":"shipping-taxable","17":"purchasable","18":"product-type-simple","19":"has-product-nav","20":"col","21":"span_1_of_4","22":"owp-content-center","23":"item-entry","24":"owp-thumbs-layout-horizontal","25":"owp-btn-normal","26":"owp-tabs-layout-section"},"wcpa_form_fields":{"rules":{"pric_overide_base_price":false,"pric_overide_base_price_if_gt_zero":false,"pric_overide_base_price_fully":false,"pric_cal_option_once":false,"pric_use_as_fee":false,"bind_quantity":false,"quantity_bind_formula":false},"fields":[{"type":"text","elementId":"wcpa-text-1666713333654","label":"Gravura ( opcijsko )","description":"Vpi\u0161ite \u017eeljeni tekst za graviranje (npr. Vse najbolj\u0161e, IME, datum ipd.)","desc_type":true,"enablePrice":true,"pricingType":"fixed","price":"7","name":"text-1666713333654","fee_label":"Za naro\u010dnike izven eu, bo davek od\u0161tet na blagajni.","subtype":"text","maxlength":"16","cl_rule":"show","col":6,"relations":false,"form_id":46231,"form_rules":{"pric_cal_option_once":false,"exclude_from_discount":false,"pric_use_as_fee":false,"fee_label":"Fee","render_after_acb":false,"disp_hide_options_price":false}}]},"_links":{"self":[{"href":"https:\/\/chessgamesemporium.com\/en\/wp-json\/wp\/v2\/product\/49728","targetHints":{"allow":["GET"]}}],"collection":[{"href":"https:\/\/chessgamesemporium.com\/en\/wp-json\/wp\/v2\/product"}],"about":[{"href":"https:\/\/chessgamesemporium.com\/en\/wp-json\/wp\/v2\/types\/product"}],"replies":[{"embeddable":true,"href":"https:\/\/chessgamesemporium.com\/en\/wp-json\/wp\/v2\/comments?post=49728"}],"version-history":[{"count":0,"href":"https:\/\/chessgamesemporium.com\/en\/wp-json\/wp\/v2\/product\/49728\/revisions"}],"wp:featuredmedia":[{"embeddable":true,"href":"https:\/\/chessgamesemporium.com\/en\/wp-json\/wp\/v2\/media\/49749"}],"wp:attachment":[{"href":"https:\/\/chessgamesemporium.com\/en\/wp-json\/wp\/v2\/media?parent=49728"}],"wp:term":[{"taxonomy":"product_brand","embeddable":true,"href":"https:\/\/chessgamesemporium.com\/en\/wp-json\/wp\/v2\/product_brand?post=49728"},{"taxonomy":"product_cat","embeddable":true,"href":"https:\/\/chessgamesemporium.com\/en\/wp-json\/wp\/v2\/product_cat?post=49728"},{"taxonomy":"product_tag","embeddable":true,"href":"https:\/\/chessgamesemporium.com\/en\/wp-json\/wp\/v2\/product_tag?post=49728"}],"curies":[{"name":"wp","href":"https:\/\/api.w.org\/{rel}","templated":true}]}}