{"id":50858,"date":"2023-08-30T09:12:52","date_gmt":"2023-08-30T09:12:52","guid":{"rendered":"https:\/\/chessgamesemporium.com\/?post_type=product&#038;p=50858"},"modified":"2025-11-07T08:06:09","modified_gmt":"2025-11-07T08:06:09","slug":"folding-chess-set-paris","status":"publish","type":"product","link":"https:\/\/chessgamesemporium.com\/en\/shop\/chess-sets-2\/folding-chess-sets\/folding-chess-set-paris\/","title":{"rendered":"Folding wooden chess set PARIS"},"content":{"rendered":"<p>Chess pieces:<br \/>\nWooden, felted and varnished<br \/>\nMaterial: Beech<\/p>\n<p>Dimensions: (height | base width)<br \/>\nKing: 6,6 cm | 2,3 cm<br \/>\nQueen: 5,3 cm | 2,3 cm<br \/>\nRook: 4,0 cm | 2,3 cm<br \/>\nBishop: 4,8 cm | 2,3 cm<br \/>\nKnight: 4,3 cm | 2,3 cm<br \/>\nPawn: 3,5 cm | 2,2 cm<\/p>\n<p>Folding chess board:<br \/>\nChessboard material: Beech, birch<br \/>\nBoard square dimensions: 3,0 x 3,0 cm<br \/>\nBoard dimensions (closed): 35 x 17,5 x 4,5 cm<\/p>\n<p>Warning! Not suitable for children under 3 years due to small parts! Danger of suffocation.<\/p>","protected":false},"excerpt":{"rendered":"<p>Figure: Lesene, podlo\u017eene, lakirane Material: Bukev Dimenzije: (vi\u0161ina figure | premer podlage) Kralj: 6,6 cm | 2,3 cm Dama: 5,3 cm | 2,3 cm Top: 4,0 cm | 2,3 cm Lovec: 4,8 cm | 2,3 cm Skaka\u010d: 4,3 cm | 2,3 cm Kmet: 3,5 cm | 2,2 cm \u0160ahovnica &#8211; preklopna lesena \u0161ahovska kaseta Material [&hellip;]<\/p>","protected":false},"featured_media":50861,"comment_status":"closed","ping_status":"closed","template":"","meta":{"_seopress_robots_primary_cat":"none","_seopress_titles_title":"","_seopress_titles_desc":"","_seopress_robots_index":""},"product_brand":[],"product_cat":[510,518],"product_tag":[],"class_list":{"0":"post-50858","1":"product","2":"type-product","3":"status-publish","4":"has-post-thumbnail","6":"product_cat-sahovski-kompleti","7":"product_cat-zlozljive-garniture","8":"wcpa_has_options","10":"entry","11":"has-media","13":"first","14":"instock","15":"taxable","16":"shipping-taxable","17":"purchasable","18":"product-type-simple","19":"has-product-nav","20":"col","21":"span_1_of_4","22":"owp-content-center","23":"item-entry","24":"owp-thumbs-layout-horizontal","25":"owp-btn-normal","26":"owp-tabs-layout-section"},"wcpa_form_fields":{"rules":{"pric_overide_base_price":false,"pric_overide_base_price_if_gt_zero":false,"pric_overide_base_price_fully":false,"pric_cal_option_once":false,"pric_use_as_fee":false,"bind_quantity":false,"quantity_bind_formula":false},"fields":[{"type":"text","elementId":"wcpa-text-1666713333654","label":"Gravura ( opcijsko )","description":"Vpi\u0161ite \u017eeljeni tekst za graviranje (npr. Vse najbolj\u0161e, IME, datum ipd.)","desc_type":true,"enablePrice":true,"pricingType":"fixed","price":"7","name":"text-1666713333654","fee_label":"Za naro\u010dnike izven eu, bo davek od\u0161tet na blagajni.","subtype":"text","maxlength":"16","cl_rule":"show","col":6,"relations":false,"form_id":46231,"form_rules":{"pric_cal_option_once":false,"exclude_from_discount":false,"pric_use_as_fee":false,"fee_label":"Fee","render_after_acb":false,"disp_hide_options_price":false}}]},"_links":{"self":[{"href":"https:\/\/chessgamesemporium.com\/en\/wp-json\/wp\/v2\/product\/50858","targetHints":{"allow":["GET"]}}],"collection":[{"href":"https:\/\/chessgamesemporium.com\/en\/wp-json\/wp\/v2\/product"}],"about":[{"href":"https:\/\/chessgamesemporium.com\/en\/wp-json\/wp\/v2\/types\/product"}],"replies":[{"embeddable":true,"href":"https:\/\/chessgamesemporium.com\/en\/wp-json\/wp\/v2\/comments?post=50858"}],"version-history":[{"count":0,"href":"https:\/\/chessgamesemporium.com\/en\/wp-json\/wp\/v2\/product\/50858\/revisions"}],"wp:featuredmedia":[{"embeddable":true,"href":"https:\/\/chessgamesemporium.com\/en\/wp-json\/wp\/v2\/media\/50861"}],"wp:attachment":[{"href":"https:\/\/chessgamesemporium.com\/en\/wp-json\/wp\/v2\/media?parent=50858"}],"wp:term":[{"taxonomy":"product_brand","embeddable":true,"href":"https:\/\/chessgamesemporium.com\/en\/wp-json\/wp\/v2\/product_brand?post=50858"},{"taxonomy":"product_cat","embeddable":true,"href":"https:\/\/chessgamesemporium.com\/en\/wp-json\/wp\/v2\/product_cat?post=50858"},{"taxonomy":"product_tag","embeddable":true,"href":"https:\/\/chessgamesemporium.com\/en\/wp-json\/wp\/v2\/product_tag?post=50858"}],"curies":[{"name":"wp","href":"https:\/\/api.w.org\/{rel}","templated":true}]}}