{"id":51025,"date":"2023-09-05T09:50:19","date_gmt":"2023-09-05T09:50:19","guid":{"rendered":"https:\/\/chessgamesemporium.com\/?post_type=product&#038;p=51025"},"modified":"2023-12-09T19:14:04","modified_gmt":"2023-12-09T19:14:04","slug":"chess-set-staunton-easy","status":"publish","type":"product","link":"https:\/\/chessgamesemporium.com\/en\/shop\/chess-sets-2\/combo-sets\/chess-set-staunton-easy\/","title":{"rendered":"Chess set STAUNTON EASY"},"content":{"rendered":"<p>The Staunton Easy chess set includes:<\/p>\n<p>Plastic Chess pieces STAUNTON SMALL<br \/>\nUnweighted, felted<\/p>\n<p>Dimensions: (height | base width)<br \/>\nKing: 7,9 cm | 3,2 cm<br \/>\nQueen: 7,3 cm | 3,1 cm<br \/>\nRook: 4,6 cm | 3,0 cm<br \/>\nBishop: 6,2 cm | 2,8 cm<br \/>\nKnight: 5,5 cm | 2,8 cm<br \/>\nPawn: 4,4 cm | 2,7 cm<\/p>\n<p>Weight: 350 g<\/p>\n<p>ROLL UP Chess Board 45 mm<\/p>\n<p>Material: PVC, canvas<br \/>\nBoard Square Dimensions: 4,5 x 4,5 cm<br \/>\nBoard size: 40 x 40 cm<br \/>\nWashable<\/p>\n<p>This chess board's 45 x 45 mm fields are ideal for chess pieces with a king's height of 83-90 mm.<\/p>\n<p>Digital chess clock DGT 1001 BLACK<\/p>\n<p>This set is suitable for schools with smaller desks.<\/p>\n<p>Warning! Not suitable for children under 3 years due to small parts! Danger of suffocation.<\/p>\n<p>&nbsp;<\/p>\n<p>&nbsp;<\/p>","protected":false},"excerpt":{"rendered":"<p>Komplet \u0161olski Staunton vsebuje: Plasti\u010dne \u0160ahovske Figure STAUNTON S Neobte\u017eene, podlo\u017eene Dimenzije: (vi\u0161ina figure | premer podlage) Kralj: 7,9 cm | 3,2 cm Dama: 7,3 cm | 3,1 cm Top: 4,6 cm | 3,0 cm Lovec: 6,2 cm | 2,8 cm Skaka\u010d: 5,5 cm | 2,8 cm Kmet: 4,4 cm | 2,7 cm Te\u017ea: 350 [&hellip;]<\/p>","protected":false},"featured_media":51028,"comment_status":"closed","ping_status":"closed","template":"","meta":{"_seopress_robots_primary_cat":"none","_seopress_titles_title":"","_seopress_titles_desc":"","_seopress_robots_index":""},"product_brand":[],"product_cat":[581,510],"product_tag":[],"class_list":{"0":"post-51025","1":"product","2":"type-product","3":"status-publish","4":"has-post-thumbnail","6":"product_cat-sestavljeni-kompleti","7":"product_cat-sahovski-kompleti","9":"entry","10":"has-media","12":"first","13":"instock","14":"taxable","15":"shipping-taxable","16":"purchasable","17":"product-type-simple","18":"has-product-nav","19":"col","20":"span_1_of_4","21":"owp-content-center","22":"item-entry","23":"owp-thumbs-layout-horizontal","24":"owp-btn-normal","25":"owp-tabs-layout-section"},"wcpa_form_fields":null,"_links":{"self":[{"href":"https:\/\/chessgamesemporium.com\/en\/wp-json\/wp\/v2\/product\/51025","targetHints":{"allow":["GET"]}}],"collection":[{"href":"https:\/\/chessgamesemporium.com\/en\/wp-json\/wp\/v2\/product"}],"about":[{"href":"https:\/\/chessgamesemporium.com\/en\/wp-json\/wp\/v2\/types\/product"}],"replies":[{"embeddable":true,"href":"https:\/\/chessgamesemporium.com\/en\/wp-json\/wp\/v2\/comments?post=51025"}],"version-history":[{"count":0,"href":"https:\/\/chessgamesemporium.com\/en\/wp-json\/wp\/v2\/product\/51025\/revisions"}],"wp:featuredmedia":[{"embeddable":true,"href":"https:\/\/chessgamesemporium.com\/en\/wp-json\/wp\/v2\/media\/51028"}],"wp:attachment":[{"href":"https:\/\/chessgamesemporium.com\/en\/wp-json\/wp\/v2\/media?parent=51025"}],"wp:term":[{"taxonomy":"product_brand","embeddable":true,"href":"https:\/\/chessgamesemporium.com\/en\/wp-json\/wp\/v2\/product_brand?post=51025"},{"taxonomy":"product_cat","embeddable":true,"href":"https:\/\/chessgamesemporium.com\/en\/wp-json\/wp\/v2\/product_cat?post=51025"},{"taxonomy":"product_tag","embeddable":true,"href":"https:\/\/chessgamesemporium.com\/en\/wp-json\/wp\/v2\/product_tag?post=51025"}],"curies":[{"name":"wp","href":"https:\/\/api.w.org\/{rel}","templated":true}]}}