{"id":51033,"date":"2023-09-05T10:50:30","date_gmt":"2023-09-05T10:50:30","guid":{"rendered":"https:\/\/chessgamesemporium.com\/?post_type=product&#038;p=51033"},"modified":"2024-02-13T12:42:30","modified_gmt":"2024-02-13T12:42:30","slug":"chess-set-split-black","status":"publish","type":"product","link":"https:\/\/chessgamesemporium.com\/en\/shop\/chess-sets-2\/combo-sets\/chess-set-split-black\/","title":{"rendered":"Chess set SPLIT BLACK"},"content":{"rendered":"<p>CHESS PIECES<br \/>\nQuality wooden chess pieces. Felted, weighted, double varnished! Tournament size.<\/p>\n<p>Material:<br \/>\nSheesham \/ boxwood<\/p>\n<p>These chess pieces have a rich history, reaching as far back as the 1950 Chess Olympiad in Dubrovnik. A key design of these chess pieces is their lack of religious iconography. Bobby Fischer stated on numerous occasions that these Dubrovnik chess pieces are his favourite.<\/p>\n<p>Dimensions: (height | base width)<br \/>\nKing: 9,0 cm | 3,1 cm<br \/>\nQueen: 8,0 cm | 3,1 cm<br \/>\nRook: 5,2 cm | 2,9 cm<br \/>\nBishop: 7,4 cm | 2,9 cm<br \/>\nKnight: 6,6 cm | 2,9 cm<br \/>\nPawn: 5,4 cm | 2,6 cm<\/p>\n<p>CHESS BOARD<br \/>\nMaterial: PVC, canvas<br \/>\nBoard square dimensions: 5,0 x 5,0 cm<br \/>\nBoard size: 44 x 44 cm<br \/>\nWashable<\/p>\n<p>Warning! Not suitable for children under 3 years due to small parts! Danger of suffocation.<\/p>","protected":false},"excerpt":{"rendered":"<p>\u0160AHOVSKE FIGURE Kvalitetne podlo\u017eene lesene figure. Obte\u017eene, dvakrat lakirane! Turnirska velikost Material: Palisander \/ Pu\u0161pan (sheesham and boxwood) Te figure imajo bogato zgodovino, ki sega v leto 1950, ko je bila v Dubrovniku \u0161ahovska olimpijada. Glavna zna\u010dilnost teh figur je, da so bile oblikovane brez verskih simbolov. Bobby Fischer je ve\u010dkrat poudaril, da so Dubrovnik [&hellip;]<\/p>","protected":false},"featured_media":51039,"comment_status":"closed","ping_status":"closed","template":"","meta":{"_seopress_robots_primary_cat":"none","_seopress_titles_title":"","_seopress_titles_desc":"","_seopress_robots_index":""},"product_brand":[],"product_cat":[581,510],"product_tag":[],"class_list":{"0":"post-51033","1":"product","2":"type-product","3":"status-publish","4":"has-post-thumbnail","6":"product_cat-sestavljeni-kompleti","7":"product_cat-sahovski-kompleti","9":"entry","10":"has-media","12":"first","13":"instock","14":"taxable","15":"shipping-taxable","16":"purchasable","17":"product-type-simple","18":"has-product-nav","19":"col","20":"span_1_of_4","21":"owp-content-center","22":"item-entry","23":"owp-thumbs-layout-horizontal","24":"owp-btn-normal","25":"owp-tabs-layout-section"},"wcpa_form_fields":null,"_links":{"self":[{"href":"https:\/\/chessgamesemporium.com\/en\/wp-json\/wp\/v2\/product\/51033","targetHints":{"allow":["GET"]}}],"collection":[{"href":"https:\/\/chessgamesemporium.com\/en\/wp-json\/wp\/v2\/product"}],"about":[{"href":"https:\/\/chessgamesemporium.com\/en\/wp-json\/wp\/v2\/types\/product"}],"replies":[{"embeddable":true,"href":"https:\/\/chessgamesemporium.com\/en\/wp-json\/wp\/v2\/comments?post=51033"}],"version-history":[{"count":0,"href":"https:\/\/chessgamesemporium.com\/en\/wp-json\/wp\/v2\/product\/51033\/revisions"}],"wp:featuredmedia":[{"embeddable":true,"href":"https:\/\/chessgamesemporium.com\/en\/wp-json\/wp\/v2\/media\/51039"}],"wp:attachment":[{"href":"https:\/\/chessgamesemporium.com\/en\/wp-json\/wp\/v2\/media?parent=51033"}],"wp:term":[{"taxonomy":"product_brand","embeddable":true,"href":"https:\/\/chessgamesemporium.com\/en\/wp-json\/wp\/v2\/product_brand?post=51033"},{"taxonomy":"product_cat","embeddable":true,"href":"https:\/\/chessgamesemporium.com\/en\/wp-json\/wp\/v2\/product_cat?post=51033"},{"taxonomy":"product_tag","embeddable":true,"href":"https:\/\/chessgamesemporium.com\/en\/wp-json\/wp\/v2\/product_tag?post=51033"}],"curies":[{"name":"wp","href":"https:\/\/api.w.org\/{rel}","templated":true}]}}