{"id":51256,"date":"2023-10-04T09:00:16","date_gmt":"2023-10-04T09:00:16","guid":{"rendered":"https:\/\/chessgamesemporium.com\/?post_type=product&#038;p=51256"},"modified":"2026-01-07T08:44:43","modified_gmt":"2026-01-07T08:44:43","slug":"folding-set-staunton-small","status":"publish","type":"product","link":"https:\/\/chessgamesemporium.com\/en\/shop\/chess-sets-2\/folding-chess-sets\/folding-set-staunton-small\/","title":{"rendered":"Folding Wooden Chess Set STAUNTON SMALL"},"content":{"rendered":"<p>Chess Pieces:<br \/>\nStandard tournament style Staunton pieces. Varnished and felted.<\/p>\n<p>Dimensions: (height | base width):<br \/>\nKing: 7,8 cm | 2,9 cm<br \/>\nQueen: 6,5 cm | 2,9 cm<br \/>\nRook: 4,4 cm | 2,5 cm<br \/>\nBishop: 6,0 cm | 2,5 cm<br \/>\nKnight: 5,5 cm | 2,5 cm<br \/>\nPawn: 4,5 cm | 2,2 cm<\/p>\n<p>Folding Wooden Chessboard - Tournament no. 4 cassette<br \/>\nThe lovely folding chess board has been inlaid with mahogany and sycamore wood. It has an insert tray to store the chess pieces inside.<\/p>\n<p>Board square dimensions: 4,0 x 4,0 cm<br \/>\nBoard dimensions (closed): 38 x 19 x 4,5 cm<\/p>\n<p>Warning! Not suitable for children under 3 years due to small parts! Danger of suffocation.<\/p>","protected":false},"excerpt":{"rendered":"<p>\u0160ahovske figure: \u0160ahovske figure Staunton so dodatno obte\u017eene, lakirane in narejene iz plemenitega indijskega lesa ( palisander | zelenika ). Figure so podlo\u017eene z blagom. Dimenzije: (vi\u0161ina | premer podlage): Kralj: 7,8 cm | 2,9 cm Dama: 6,5 cm | 2,9 cm Top: 4,4 cm | 2,5 cm Lovec: 6,0 cm | 2,5 cm Skaka\u010d: [&hellip;]<\/p>","protected":false},"featured_media":51259,"comment_status":"closed","ping_status":"closed","template":"","meta":{"_seopress_robots_primary_cat":"none","_seopress_titles_title":"","_seopress_titles_desc":"","_seopress_robots_index":""},"product_brand":[],"product_cat":[510,518],"product_tag":[],"class_list":{"0":"post-51256","1":"product","2":"type-product","3":"status-publish","4":"has-post-thumbnail","6":"product_cat-sahovski-kompleti","7":"product_cat-zlozljive-garniture","8":"wcpa_has_options","10":"entry","11":"has-media","13":"first","14":"instock","15":"taxable","16":"shipping-taxable","17":"purchasable","18":"product-type-simple","19":"has-product-nav","20":"col","21":"span_1_of_4","22":"owp-content-center","23":"item-entry","24":"owp-thumbs-layout-horizontal","25":"owp-btn-normal","26":"owp-tabs-layout-section"},"wcpa_form_fields":{"rules":{"pric_overide_base_price":false,"pric_overide_base_price_if_gt_zero":false,"pric_overide_base_price_fully":false,"pric_cal_option_once":false,"pric_use_as_fee":false,"bind_quantity":false,"quantity_bind_formula":false},"fields":[{"type":"text","elementId":"wcpa-text-1666713333654","label":"Gravura ( opcijsko )","description":"Vpi\u0161ite \u017eeljeni tekst za graviranje (npr. Vse najbolj\u0161e, IME, datum ipd.)","desc_type":true,"enablePrice":true,"pricingType":"fixed","price":"7","name":"text-1666713333654","fee_label":"Za naro\u010dnike izven eu, bo davek od\u0161tet na blagajni.","subtype":"text","maxlength":"16","cl_rule":"show","col":6,"relations":false,"form_id":46231,"form_rules":{"pric_cal_option_once":false,"exclude_from_discount":false,"pric_use_as_fee":false,"fee_label":"Fee","render_after_acb":false,"disp_hide_options_price":false}}]},"_links":{"self":[{"href":"https:\/\/chessgamesemporium.com\/en\/wp-json\/wp\/v2\/product\/51256","targetHints":{"allow":["GET"]}}],"collection":[{"href":"https:\/\/chessgamesemporium.com\/en\/wp-json\/wp\/v2\/product"}],"about":[{"href":"https:\/\/chessgamesemporium.com\/en\/wp-json\/wp\/v2\/types\/product"}],"replies":[{"embeddable":true,"href":"https:\/\/chessgamesemporium.com\/en\/wp-json\/wp\/v2\/comments?post=51256"}],"version-history":[{"count":0,"href":"https:\/\/chessgamesemporium.com\/en\/wp-json\/wp\/v2\/product\/51256\/revisions"}],"wp:featuredmedia":[{"embeddable":true,"href":"https:\/\/chessgamesemporium.com\/en\/wp-json\/wp\/v2\/media\/51259"}],"wp:attachment":[{"href":"https:\/\/chessgamesemporium.com\/en\/wp-json\/wp\/v2\/media?parent=51256"}],"wp:term":[{"taxonomy":"product_brand","embeddable":true,"href":"https:\/\/chessgamesemporium.com\/en\/wp-json\/wp\/v2\/product_brand?post=51256"},{"taxonomy":"product_cat","embeddable":true,"href":"https:\/\/chessgamesemporium.com\/en\/wp-json\/wp\/v2\/product_cat?post=51256"},{"taxonomy":"product_tag","embeddable":true,"href":"https:\/\/chessgamesemporium.com\/en\/wp-json\/wp\/v2\/product_tag?post=51256"}],"curies":[{"name":"wp","href":"https:\/\/api.w.org\/{rel}","templated":true}]}}