{"id":51421,"date":"2023-10-06T10:12:14","date_gmt":"2023-10-06T10:12:14","guid":{"rendered":"https:\/\/chessgamesemporium.com\/?post_type=product&#038;p=51421"},"modified":"2024-04-12T06:17:42","modified_gmt":"2024-04-12T06:17:42","slug":"wooden-3d-puzzle-viking-boat-2","status":"publish","type":"product","link":"https:\/\/chessgamesemporium.com\/en\/shop\/puzzles-wooden-kits\/3d-wooden-puzzles\/wooden-3d-puzzle-viking-boat-2\/","title":{"rendered":"Wooden 3D Puzzle VIKING SHIP"},"content":{"rendered":"<p>Viking ship (drakar), suitable for play or as a display piece. Made from wood.<br \/>\nPrecision-made, laser cut, made from beech wood.<br \/>\nIncludes precise, easy-to-follow instructions.<br \/>\nPieces: 36<\/p>\n<p>Warning! Not suitable for children under 3 years due to small parts! Danger of suffocation.<\/p>","protected":false},"excerpt":{"rendered":"<p>Vikin\u0161ka ladja (drakar), primerna za igro, kot tudi zbirateljski kos, narejena iz lesa. Natan\u010dna izdelava, laserski izrez, narejeno iz bukovega lesa Dodana so natan\u010dna in enostavna navodila \u0160tevilo kosov: 36 OPOZORILO! Ni primerno za otroke pod tretjim letom starosti.<\/p>","protected":false},"featured_media":51438,"comment_status":"closed","ping_status":"closed","template":"","meta":{"_seopress_robots_primary_cat":"none","_seopress_titles_title":"","_seopress_titles_desc":"","_seopress_robots_index":""},"product_brand":[],"product_cat":[618,617],"product_tag":[],"class_list":{"0":"post-51421","1":"product","2":"type-product","3":"status-publish","4":"has-post-thumbnail","6":"product_cat-3d-lesene-sestavljanke","7":"product_cat-sestavljanke-puzzle","9":"entry","10":"has-media","12":"first","13":"outofstock","14":"taxable","15":"shipping-taxable","16":"purchasable","17":"product-type-simple","18":"has-product-nav","19":"col","20":"span_1_of_4","21":"owp-content-center","22":"item-entry","23":"owp-thumbs-layout-horizontal","24":"owp-btn-normal","25":"owp-tabs-layout-section","26":"has-no-thumbnails"},"wcpa_form_fields":null,"_links":{"self":[{"href":"https:\/\/chessgamesemporium.com\/en\/wp-json\/wp\/v2\/product\/51421","targetHints":{"allow":["GET"]}}],"collection":[{"href":"https:\/\/chessgamesemporium.com\/en\/wp-json\/wp\/v2\/product"}],"about":[{"href":"https:\/\/chessgamesemporium.com\/en\/wp-json\/wp\/v2\/types\/product"}],"replies":[{"embeddable":true,"href":"https:\/\/chessgamesemporium.com\/en\/wp-json\/wp\/v2\/comments?post=51421"}],"version-history":[{"count":0,"href":"https:\/\/chessgamesemporium.com\/en\/wp-json\/wp\/v2\/product\/51421\/revisions"}],"wp:featuredmedia":[{"embeddable":true,"href":"https:\/\/chessgamesemporium.com\/en\/wp-json\/wp\/v2\/media\/51438"}],"wp:attachment":[{"href":"https:\/\/chessgamesemporium.com\/en\/wp-json\/wp\/v2\/media?parent=51421"}],"wp:term":[{"taxonomy":"product_brand","embeddable":true,"href":"https:\/\/chessgamesemporium.com\/en\/wp-json\/wp\/v2\/product_brand?post=51421"},{"taxonomy":"product_cat","embeddable":true,"href":"https:\/\/chessgamesemporium.com\/en\/wp-json\/wp\/v2\/product_cat?post=51421"},{"taxonomy":"product_tag","embeddable":true,"href":"https:\/\/chessgamesemporium.com\/en\/wp-json\/wp\/v2\/product_tag?post=51421"}],"curies":[{"name":"wp","href":"https:\/\/api.w.org\/{rel}","templated":true}]}}