{"id":52091,"date":"2023-10-11T05:47:54","date_gmt":"2023-10-11T05:47:54","guid":{"rendered":"https:\/\/chessgamesemporium.com\/?post_type=product&#038;p=52091"},"modified":"2024-02-15T09:19:40","modified_gmt":"2024-02-15T09:19:40","slug":"chess-set-modern-brown","status":"publish","type":"product","link":"https:\/\/chessgamesemporium.com\/en\/shop\/chess-sets-2\/combo-sets\/chess-set-modern-brown\/","title":{"rendered":"Chess set MODERN BROWN"},"content":{"rendered":"<p>Chess pieces:<br \/>\nModern designed chess pieces<br \/>\nHandmade and lacquered<br \/>\nFelted<br \/>\nBest with chessboards with squares between 45 and 50 mm.<\/p>\n<p>Dimensions: (height | base width)<br \/>\nKing: 7,5 cm | 2,7 cm<br \/>\nQueen: 6,3 cm | 2,7 cm<br \/>\nRook: 4,4 cm | 2,7 cm<br \/>\nBishop: 5,9 cm | 2,7 cm<br \/>\nKnight: 4,8 cm | 2,7 cm<br \/>\nPawn: 4,1 cm | 2,6 cm<\/p>\n<p>Wooden Chess Board:<br \/>\nA luxury chess board crafted from ashwood and mosaic art.<\/p>\n<p>This chessboard is unpainted, letting the natural wood colors shine through.<br \/>\nThe board is varnished to increase its luster and protect the wood.<\/p>\n<p>Square size: 45 x 45 mm<br \/>\nBoard dimensions: 48 x 48 x 5 cm<\/p>\n<p>Warning! Not suitable for children under 3 years due to small parts! Danger of suffocation.<\/p>","protected":false},"excerpt":{"rendered":"<p>Figure: Moderno oblikovane \u0161ahovske figure Ro\u010dno izdelane in ro\u010dno barvane Podlo\u017eene Primerne za \u0161ahovnice s poljem med 45 in 50 mm Dimenzije: (vi\u0161ina | premer podlage) Kralj: 7,5 cm | 2,7 cm Dama: 6,3 cm | 2,7 cm Top: 4,4 cm | 2,7 cm Lovec: 5,9 cm | 2,7 cm Skaka\u010d: 4,8 cm | 2,7 [&hellip;]<\/p>","protected":false},"featured_media":52128,"comment_status":"closed","ping_status":"closed","template":"","meta":{"_seopress_robots_primary_cat":"none","_seopress_titles_title":"","_seopress_titles_desc":"","_seopress_robots_index":""},"product_brand":[],"product_cat":[581,510],"product_tag":[],"class_list":{"0":"post-52091","1":"product","2":"type-product","3":"status-publish","4":"has-post-thumbnail","6":"product_cat-sestavljeni-kompleti","7":"product_cat-sahovski-kompleti","9":"entry","10":"has-media","12":"first","13":"instock","14":"taxable","15":"shipping-taxable","16":"purchasable","17":"product-type-simple","18":"has-product-nav","19":"col","20":"span_1_of_4","21":"owp-content-center","22":"item-entry","23":"owp-thumbs-layout-horizontal","24":"owp-btn-normal","25":"owp-tabs-layout-section"},"wcpa_form_fields":null,"_links":{"self":[{"href":"https:\/\/chessgamesemporium.com\/en\/wp-json\/wp\/v2\/product\/52091","targetHints":{"allow":["GET"]}}],"collection":[{"href":"https:\/\/chessgamesemporium.com\/en\/wp-json\/wp\/v2\/product"}],"about":[{"href":"https:\/\/chessgamesemporium.com\/en\/wp-json\/wp\/v2\/types\/product"}],"replies":[{"embeddable":true,"href":"https:\/\/chessgamesemporium.com\/en\/wp-json\/wp\/v2\/comments?post=52091"}],"version-history":[{"count":0,"href":"https:\/\/chessgamesemporium.com\/en\/wp-json\/wp\/v2\/product\/52091\/revisions"}],"wp:featuredmedia":[{"embeddable":true,"href":"https:\/\/chessgamesemporium.com\/en\/wp-json\/wp\/v2\/media\/52128"}],"wp:attachment":[{"href":"https:\/\/chessgamesemporium.com\/en\/wp-json\/wp\/v2\/media?parent=52091"}],"wp:term":[{"taxonomy":"product_brand","embeddable":true,"href":"https:\/\/chessgamesemporium.com\/en\/wp-json\/wp\/v2\/product_brand?post=52091"},{"taxonomy":"product_cat","embeddable":true,"href":"https:\/\/chessgamesemporium.com\/en\/wp-json\/wp\/v2\/product_cat?post=52091"},{"taxonomy":"product_tag","embeddable":true,"href":"https:\/\/chessgamesemporium.com\/en\/wp-json\/wp\/v2\/product_tag?post=52091"}],"curies":[{"name":"wp","href":"https:\/\/api.w.org\/{rel}","templated":true}]}}