{"id":52095,"date":"2023-10-11T06:13:58","date_gmt":"2023-10-11T06:13:58","guid":{"rendered":"https:\/\/chessgamesemporium.com\/?post_type=product&#038;p=52095"},"modified":"2025-11-21T08:06:16","modified_gmt":"2025-11-21T08:06:16","slug":"chess-set-new-york","status":"publish","type":"product","link":"https:\/\/chessgamesemporium.com\/en\/shop\/chess-sets-2\/combo-sets\/chess-set-new-york\/","title":{"rendered":"Chess set NEW YORK"},"content":{"rendered":"<p>Chess pieces:<br \/>\nA beautifully crafted set of chess pieces, with a detailed knight.<br \/>\nWeighted and varnished<br \/>\nIndian rosewood<\/p>\n<p>Dimensions: (height | base width)<br \/>\nKing: 8,2 cm | 3,4 cm<br \/>\nQueen: 6,7 cm | 3,2 cm<br \/>\nRook: 4,6 cm | 3,0 cm<br \/>\nBishop: 6,2 cm | 3,0 cm<br \/>\nKnight: 6,0 cm | 3,0 cm<br \/>\nPawn: 4,2 cm | 2,4 cm<\/p>\n<p>Chess board:<br \/>\nA luxury chess board made with wood and an artistic mosaic. This chessboard is unpainted, letting the natural wood colors shine through.\nThe board is varnished to increase its luster and protect the wood.<\/p>\n<p>Square size: 45 x 45 mm<br \/>\nBoard dimensions: 48 x 48 x 5 cm<\/p>\n<p>Not suitable for children under the age of 3.<\/p>","protected":false},"excerpt":{"rendered":"<p>Figure: Zelo lepo izoblikovane figure, detajliran skaka\u010d. Obte\u017eene in oblo\u017eene Indijski Palisander Dimenzije: (vi\u0161ina figure | premer podlage) Kralj: 8,2 cm | 3,4 cm Dama: 6,7 cm | 3,2 cm Top: 4,6 cm | 3,0 cm Lovec: 6,2 cm | 3,0 cm Skaka\u010d: 6,0 cm | 3,0 cm Kmet: 4,2 cm | 2,4 cm \u0160ahovnica: [&hellip;]<\/p>","protected":false},"featured_media":52136,"comment_status":"closed","ping_status":"closed","template":"","meta":{"_seopress_robots_primary_cat":"none","_seopress_titles_title":"","_seopress_titles_desc":"","_seopress_robots_index":""},"product_brand":[],"product_cat":[581,510],"product_tag":[],"class_list":{"0":"post-52095","1":"product","2":"type-product","3":"status-publish","4":"has-post-thumbnail","6":"product_cat-sestavljeni-kompleti","7":"product_cat-sahovski-kompleti","9":"entry","10":"has-media","12":"first","13":"instock","14":"taxable","15":"shipping-taxable","16":"purchasable","17":"product-type-simple","18":"has-product-nav","19":"col","20":"span_1_of_4","21":"owp-content-center","22":"item-entry","23":"owp-thumbs-layout-horizontal","24":"owp-btn-normal","25":"owp-tabs-layout-section"},"wcpa_form_fields":null,"_links":{"self":[{"href":"https:\/\/chessgamesemporium.com\/en\/wp-json\/wp\/v2\/product\/52095","targetHints":{"allow":["GET"]}}],"collection":[{"href":"https:\/\/chessgamesemporium.com\/en\/wp-json\/wp\/v2\/product"}],"about":[{"href":"https:\/\/chessgamesemporium.com\/en\/wp-json\/wp\/v2\/types\/product"}],"replies":[{"embeddable":true,"href":"https:\/\/chessgamesemporium.com\/en\/wp-json\/wp\/v2\/comments?post=52095"}],"version-history":[{"count":0,"href":"https:\/\/chessgamesemporium.com\/en\/wp-json\/wp\/v2\/product\/52095\/revisions"}],"wp:featuredmedia":[{"embeddable":true,"href":"https:\/\/chessgamesemporium.com\/en\/wp-json\/wp\/v2\/media\/52136"}],"wp:attachment":[{"href":"https:\/\/chessgamesemporium.com\/en\/wp-json\/wp\/v2\/media?parent=52095"}],"wp:term":[{"taxonomy":"product_brand","embeddable":true,"href":"https:\/\/chessgamesemporium.com\/en\/wp-json\/wp\/v2\/product_brand?post=52095"},{"taxonomy":"product_cat","embeddable":true,"href":"https:\/\/chessgamesemporium.com\/en\/wp-json\/wp\/v2\/product_cat?post=52095"},{"taxonomy":"product_tag","embeddable":true,"href":"https:\/\/chessgamesemporium.com\/en\/wp-json\/wp\/v2\/product_tag?post=52095"}],"curies":[{"name":"wp","href":"https:\/\/api.w.org\/{rel}","templated":true}]}}