{"id":52840,"date":"2023-10-18T06:35:17","date_gmt":"2023-10-18T06:35:17","guid":{"rendered":"https:\/\/chessgamesemporium.com\/?post_type=product&#038;p=52840"},"modified":"2024-09-19T09:20:31","modified_gmt":"2024-09-19T09:20:31","slug":"3d-cardboard-puzzle-hohenzollern","status":"publish","type":"product","link":"https:\/\/chessgamesemporium.com\/en\/shop\/puzzles-wooden-kits\/3d-kartonaste-sestavljanke\/3d-cardboard-puzzle-hohenzollern\/","title":{"rendered":"3D Cardboard puzzle HOHENZOLLERN"},"content":{"rendered":"<p>3D cardboard puzzle, model<\/p>\n<p>Dimensions: 62 x 36 x 30 cm<br \/>\nSheets with pieces: 9<br \/>\nDifficulty class: 3<br \/>\nScale: 1:1250<br \/>\nSuitable for model railways<\/p>\n<p>Hohenzollern Castle was once the ancestral home of the Princes of Hohenzollern. It lies in the former principality of Hohenzollern-Hechingen on the 855 m high Zollernberg, a steep montain peak in the Swabian Alb. The first mention of a castel on this site is to be found in historical documents dating from the end of the 9th century. The later fortifications built in the 11th century were captured and destroyed by the combined troops of the Countess Henriette of W\u00fcrttemberg and the Swabian Reich Cities on 15th May 1423. The castle was reconstructed with the assistance of the Margrave Albert Achilles of Brandenburg. Of the original buildings only the St. Michaelis Chapel remained. It still stands today. During the Thirty Year\u2019s War Hohenzollern Castle was often the centre of ths fighting and its owners changed frequently. It was conquered by the W\u00fcrttemberg troops in 1634, occupied by the Bavarians in 1635, finally ravaged by the Swedes, and after 1650 occupied by the Kaiser\u2019s troops. Up until 1798 Austria had the right to station troops there in return for an annual payment of 5000 gulden. In the meantime the buildings and fortifications were in a very bad state of repair. In 1850, influenced by the sense of history which characterised the 19th century, King Friedrich-Wilhelm IV of Prussia began to rebuild the castle. His statue stands in the castle garden. Building was completed in 1867 and King Wilhelm I could accept the congratulatory speeches of the North German Reichstag in the newly constructed rooms.\nOur model shows the castle in its present-day form, which it has kept since its reconstruction in the 19th century.<\/p>\n<p>Warning! Not suitable for children under 3 years due to small parts! Danger of suffocation.<\/p>","protected":false},"excerpt":{"rendered":"<p>3D sestavljanka, model iz kartona Dimenzije 62 x 36 x 30 cm \u0160tevilo kartonov s kosi: 9 Ocena te\u017eavnosti: 3 Razmerje: 1:1250 Primerno za \u017eeleznice: DA Grad Hohenzollern, en izmed najlep\u0161ih nem\u0161kih gradov, le\u017ei na obodu \u0160vabske Jure, par deset kilometrov oddaljen od Stuttgarta. Arhitektura gradu je izjemna kombinacija srednjeve\u0161ke askeze, gotske mistike in o\u010darljivego [&hellip;]<\/p>","protected":false},"featured_media":56031,"comment_status":"closed","ping_status":"closed","template":"","meta":{"_seopress_robots_primary_cat":"none","_seopress_titles_title":"","_seopress_titles_desc":"","_seopress_robots_index":""},"product_brand":[],"product_cat":[664,617,194],"product_tag":[],"class_list":{"0":"post-52840","1":"product","2":"type-product","3":"status-publish","4":"has-post-thumbnail","6":"product_cat-3d-kartonaste-sestavljanke","7":"product_cat-sestavljanke-puzzle","8":"product_cat-vsi-izdelki","10":"entry","11":"has-media","13":"first","14":"instock","15":"taxable","16":"shipping-taxable","17":"purchasable","18":"product-type-simple","19":"has-product-nav","20":"col","21":"span_1_of_4","22":"owp-content-center","23":"item-entry","24":"owp-thumbs-layout-horizontal","25":"owp-btn-normal","26":"owp-tabs-layout-section","27":"has-no-thumbnails"},"wcpa_form_fields":null,"_links":{"self":[{"href":"https:\/\/chessgamesemporium.com\/en\/wp-json\/wp\/v2\/product\/52840","targetHints":{"allow":["GET"]}}],"collection":[{"href":"https:\/\/chessgamesemporium.com\/en\/wp-json\/wp\/v2\/product"}],"about":[{"href":"https:\/\/chessgamesemporium.com\/en\/wp-json\/wp\/v2\/types\/product"}],"replies":[{"embeddable":true,"href":"https:\/\/chessgamesemporium.com\/en\/wp-json\/wp\/v2\/comments?post=52840"}],"version-history":[{"count":0,"href":"https:\/\/chessgamesemporium.com\/en\/wp-json\/wp\/v2\/product\/52840\/revisions"}],"wp:featuredmedia":[{"embeddable":true,"href":"https:\/\/chessgamesemporium.com\/en\/wp-json\/wp\/v2\/media\/56031"}],"wp:attachment":[{"href":"https:\/\/chessgamesemporium.com\/en\/wp-json\/wp\/v2\/media?parent=52840"}],"wp:term":[{"taxonomy":"product_brand","embeddable":true,"href":"https:\/\/chessgamesemporium.com\/en\/wp-json\/wp\/v2\/product_brand?post=52840"},{"taxonomy":"product_cat","embeddable":true,"href":"https:\/\/chessgamesemporium.com\/en\/wp-json\/wp\/v2\/product_cat?post=52840"},{"taxonomy":"product_tag","embeddable":true,"href":"https:\/\/chessgamesemporium.com\/en\/wp-json\/wp\/v2\/product_tag?post=52840"}],"curies":[{"name":"wp","href":"https:\/\/api.w.org\/{rel}","templated":true}]}}