{"id":52997,"date":"2023-10-18T11:05:28","date_gmt":"2023-10-18T11:05:28","guid":{"rendered":"https:\/\/chessgamesemporium.com\/?post_type=product&#038;p=52997"},"modified":"2024-11-20T07:18:41","modified_gmt":"2024-11-20T07:18:41","slug":"set-of-6-puzzles-happy-cube-marble","status":"publish","type":"product","link":"https:\/\/chessgamesemporium.com\/en\/shop\/mind-games-2\/wooden-foam-mind-games\/set-of-6-puzzles-happy-cube-marble\/","title":{"rendered":"Set of 6 puzzles HAPPY CUBE - MARBLE"},"content":{"rendered":"<p>Marble Cube - Happy Cube - 9-99 years<\/p>\n<p>Happy Cube puzzles are long-lasting, safely made in Belgium - according to the strictest safety and quality regulations. Play, create, and learn!<\/p>\n<p>*Set of 6<br \/>\n*Fun for the whole family<br \/>\n*Can be assembled by one or more players<br \/>\n*Made in Europe<br \/>\n*Eco packaging<br \/>\n*Helps with confidence building<br \/>\n*Helps with developing spatial awareness<br \/>\n*Encourages fine motor skills<br \/>\n*Made from 100% safe foam<br \/>\n*Soft and unbreakable<br \/>\n*Washable at 30\u00b0C<\/p>\n<p>Not suiatble for children under the age of 3. Contains small parts.<\/p>\n<p>&nbsp;<\/p>\n<p>&nbsp;<\/p>\n<p>&nbsp;<\/p>","protected":false},"excerpt":{"rendered":"<p>Marble cube &#8211; Happy Cube &#8211; 9-99 let Sestavljanke Happy Cube so trajne, varno izdelane v Belgiji in &#8211; -Ustrezajo najstro\u017ejim predpisom glede kakovosti in varnosti. Ustvari, igraj se in se u\u010di! *V kompletu 6 kosov *Zabava za vso dru\u017eino *Ker jih lahko sestavlja eden ali ve\u010d igralcev *Izdelane v Evropi *Eko embala\u017ea *Pomagajo pri [&hellip;]<\/p>","protected":false},"featured_media":58730,"comment_status":"closed","ping_status":"closed","template":"","meta":{"_seopress_robots_primary_cat":"none","_seopress_titles_title":"","_seopress_titles_desc":"","_seopress_robots_index":""},"product_brand":[],"product_cat":[663,616],"product_tag":[],"class_list":{"0":"post-52997","1":"product","2":"type-product","3":"status-publish","4":"has-post-thumbnail","6":"product_cat-lesene-penaste-miselne","7":"product_cat-miselne-igre","9":"entry","10":"has-media","12":"first","13":"instock","14":"taxable","15":"shipping-taxable","16":"purchasable","17":"product-type-simple","18":"has-product-nav","19":"col","20":"span_1_of_4","21":"owp-content-center","22":"item-entry","23":"owp-thumbs-layout-horizontal","24":"owp-btn-normal","25":"owp-tabs-layout-section"},"wcpa_form_fields":null,"_links":{"self":[{"href":"https:\/\/chessgamesemporium.com\/en\/wp-json\/wp\/v2\/product\/52997","targetHints":{"allow":["GET"]}}],"collection":[{"href":"https:\/\/chessgamesemporium.com\/en\/wp-json\/wp\/v2\/product"}],"about":[{"href":"https:\/\/chessgamesemporium.com\/en\/wp-json\/wp\/v2\/types\/product"}],"replies":[{"embeddable":true,"href":"https:\/\/chessgamesemporium.com\/en\/wp-json\/wp\/v2\/comments?post=52997"}],"version-history":[{"count":0,"href":"https:\/\/chessgamesemporium.com\/en\/wp-json\/wp\/v2\/product\/52997\/revisions"}],"wp:featuredmedia":[{"embeddable":true,"href":"https:\/\/chessgamesemporium.com\/en\/wp-json\/wp\/v2\/media\/58730"}],"wp:attachment":[{"href":"https:\/\/chessgamesemporium.com\/en\/wp-json\/wp\/v2\/media?parent=52997"}],"wp:term":[{"taxonomy":"product_brand","embeddable":true,"href":"https:\/\/chessgamesemporium.com\/en\/wp-json\/wp\/v2\/product_brand?post=52997"},{"taxonomy":"product_cat","embeddable":true,"href":"https:\/\/chessgamesemporium.com\/en\/wp-json\/wp\/v2\/product_cat?post=52997"},{"taxonomy":"product_tag","embeddable":true,"href":"https:\/\/chessgamesemporium.com\/en\/wp-json\/wp\/v2\/product_tag?post=52997"}],"curies":[{"name":"wp","href":"https:\/\/api.w.org\/{rel}","templated":true}]}}