{"id":53031,"date":"2023-10-19T10:37:08","date_gmt":"2023-10-19T10:37:08","guid":{"rendered":"https:\/\/chessgamesemporium.com\/?post_type=product&#038;p=53031"},"modified":"2023-11-15T12:39:37","modified_gmt":"2023-11-15T12:39:37","slug":"magic-tetris-puzzle","status":"publish","type":"product","link":"https:\/\/chessgamesemporium.com\/en\/shop\/mind-games-2\/wooden-foam-mind-games\/magic-tetris-puzzle\/","title":{"rendered":"MAGIC TETRIS Puzzle"},"content":{"rendered":"<p>Dimensions: 128 x 128 x 26 mm<br \/>\n16 pieces<\/p>\n<p>Playing time: Approx. 20 minutes<\/p>\n<p>The aim of this puzzle is to place all 16 pieces into the frame such that only one of the numbers on the board remains uncovered. There are 49 possible solutions.<\/p>\n<p>Warning! Not suitable for children under 3 years due to small parts! Danger of suffocation.<\/p>","protected":false},"excerpt":{"rendered":"<p>Dimenzije 128 x 128 x 26 mm, 16 kosov Igralni \u010das: ca. 20 minut Cilj je polo\u017eiti vseh 16 kosov, tako da bo vidna le ena \u0161tevilka \u0161tevil\u010dnice. Mo\u017enih je 49 razli\u010dnih re\u0161itev. OPOZORILO! Ni primerno za otroke pod tretjim letom starosti.<\/p>","protected":false},"featured_media":53040,"comment_status":"closed","ping_status":"closed","template":"","meta":{"_seopress_robots_primary_cat":"none","_seopress_titles_title":"","_seopress_titles_desc":"","_seopress_robots_index":""},"product_brand":[],"product_cat":[663,616],"product_tag":[],"class_list":{"0":"post-53031","1":"product","2":"type-product","3":"status-publish","4":"has-post-thumbnail","6":"product_cat-lesene-penaste-miselne","7":"product_cat-miselne-igre","9":"entry","10":"has-media","12":"first","13":"instock","14":"taxable","15":"shipping-taxable","16":"purchasable","17":"product-type-simple","18":"has-product-nav","19":"col","20":"span_1_of_4","21":"owp-content-center","22":"item-entry","23":"owp-thumbs-layout-horizontal","24":"owp-btn-normal","25":"owp-tabs-layout-section"},"wcpa_form_fields":null,"_links":{"self":[{"href":"https:\/\/chessgamesemporium.com\/en\/wp-json\/wp\/v2\/product\/53031","targetHints":{"allow":["GET"]}}],"collection":[{"href":"https:\/\/chessgamesemporium.com\/en\/wp-json\/wp\/v2\/product"}],"about":[{"href":"https:\/\/chessgamesemporium.com\/en\/wp-json\/wp\/v2\/types\/product"}],"replies":[{"embeddable":true,"href":"https:\/\/chessgamesemporium.com\/en\/wp-json\/wp\/v2\/comments?post=53031"}],"version-history":[{"count":0,"href":"https:\/\/chessgamesemporium.com\/en\/wp-json\/wp\/v2\/product\/53031\/revisions"}],"wp:featuredmedia":[{"embeddable":true,"href":"https:\/\/chessgamesemporium.com\/en\/wp-json\/wp\/v2\/media\/53040"}],"wp:attachment":[{"href":"https:\/\/chessgamesemporium.com\/en\/wp-json\/wp\/v2\/media?parent=53031"}],"wp:term":[{"taxonomy":"product_brand","embeddable":true,"href":"https:\/\/chessgamesemporium.com\/en\/wp-json\/wp\/v2\/product_brand?post=53031"},{"taxonomy":"product_cat","embeddable":true,"href":"https:\/\/chessgamesemporium.com\/en\/wp-json\/wp\/v2\/product_cat?post=53031"},{"taxonomy":"product_tag","embeddable":true,"href":"https:\/\/chessgamesemporium.com\/en\/wp-json\/wp\/v2\/product_tag?post=53031"}],"curies":[{"name":"wp","href":"https:\/\/api.w.org\/{rel}","templated":true}]}}