{"id":53185,"date":"2023-10-25T10:14:43","date_gmt":"2023-10-25T10:14:43","guid":{"rendered":"https:\/\/chessgamesemporium.com\/?post_type=product&#038;p=53185"},"modified":"2023-11-10T08:54:00","modified_gmt":"2023-11-10T08:54:00","slug":"skill-game-bamboo-tower-jenga","status":"publish","type":"product","link":"https:\/\/chessgamesemporium.com\/en\/shop\/board-games\/skill-game-bamboo-tower-jenga\/","title":{"rendered":"Skill game BAMBOO TOWER - JENGA"},"content":{"rendered":"<p>Dimensions: 66 x 66 x 255 mm<\/p>\n<p>Players: 2-6<br \/>\nRecommended age: 6+ years<br \/>\nPlaying time: Approx. 10 minutes<\/p>\n<p>A tower game for multiple players. Whose nerves and steady hand will be most succesful at taking blocks out of the tower without toppling it over?<\/p>\n<p>Warning! Not suitable for children under 3 years due to small parts! Danger of suffocation.<\/p>","protected":false},"excerpt":{"rendered":"<p>Dimenzije 66 x 66 x 255 mm. \u0160tevilo igralcev: 2-6 Priporo\u010dena starost: nad 6 let Igralni \u010das: ca. 10 minut Razstavljanje stolpa za ve\u010d igralcev. Kdo ima ve\u010d \u017eivcev in bolj spretno roko pri jemanju posameznih kosov iz stolpa, brez da se le ta podre. OPOZORILO! Ni primerno za otroke pod tretjim letom starosti.<\/p>","protected":false},"featured_media":53188,"comment_status":"closed","ping_status":"closed","template":"","meta":{"_seopress_robots_primary_cat":"none","_seopress_titles_title":"","_seopress_titles_desc":"","_seopress_robots_index":""},"product_brand":[],"product_cat":[677],"product_tag":[],"class_list":{"0":"post-53185","1":"product","2":"type-product","3":"status-publish","4":"has-post-thumbnail","6":"product_cat-druzabne-igre","8":"entry","9":"has-media","11":"first","12":"instock","13":"taxable","14":"shipping-taxable","15":"purchasable","16":"product-type-simple","17":"has-product-nav","18":"col","19":"span_1_of_4","20":"owp-content-center","21":"item-entry","22":"owp-thumbs-layout-horizontal","23":"owp-btn-normal","24":"owp-tabs-layout-section"},"wcpa_form_fields":null,"_links":{"self":[{"href":"https:\/\/chessgamesemporium.com\/en\/wp-json\/wp\/v2\/product\/53185","targetHints":{"allow":["GET"]}}],"collection":[{"href":"https:\/\/chessgamesemporium.com\/en\/wp-json\/wp\/v2\/product"}],"about":[{"href":"https:\/\/chessgamesemporium.com\/en\/wp-json\/wp\/v2\/types\/product"}],"replies":[{"embeddable":true,"href":"https:\/\/chessgamesemporium.com\/en\/wp-json\/wp\/v2\/comments?post=53185"}],"version-history":[{"count":0,"href":"https:\/\/chessgamesemporium.com\/en\/wp-json\/wp\/v2\/product\/53185\/revisions"}],"wp:featuredmedia":[{"embeddable":true,"href":"https:\/\/chessgamesemporium.com\/en\/wp-json\/wp\/v2\/media\/53188"}],"wp:attachment":[{"href":"https:\/\/chessgamesemporium.com\/en\/wp-json\/wp\/v2\/media?parent=53185"}],"wp:term":[{"taxonomy":"product_brand","embeddable":true,"href":"https:\/\/chessgamesemporium.com\/en\/wp-json\/wp\/v2\/product_brand?post=53185"},{"taxonomy":"product_cat","embeddable":true,"href":"https:\/\/chessgamesemporium.com\/en\/wp-json\/wp\/v2\/product_cat?post=53185"},{"taxonomy":"product_tag","embeddable":true,"href":"https:\/\/chessgamesemporium.com\/en\/wp-json\/wp\/v2\/product_tag?post=53185"}],"curies":[{"name":"wp","href":"https:\/\/api.w.org\/{rel}","templated":true}]}}