{"id":53322,"date":"2023-11-02T13:26:09","date_gmt":"2023-11-02T13:26:09","guid":{"rendered":"https:\/\/chessgamesemporium.com\/?post_type=product&#038;p=53322"},"modified":"2023-11-10T08:47:49","modified_gmt":"2023-11-10T08:47:49","slug":"magic-trick-magic-rings","status":"publish","type":"product","link":"https:\/\/chessgamesemporium.com\/en\/shop\/board-games\/magic-trick-magic-rings\/","title":{"rendered":"Magic trick MAGIC RINGS"},"content":{"rendered":"<p>Two metal rings are threaded and tied onto two pieces of string which when tapped with a magic wand become totally free and appear loose in the hands of the magician. This is an escapism trick that suprises everyone, especially as all the apparatus can be thoroughly examined.<\/p>\n<p>Not suitable for children under the age of 3.<\/p>","protected":false},"excerpt":{"rendered":"<p>Dva kovinska obro\u010da sta bila pritrjena na dva kovinsko palico. Ko se ju dotaknemo s \u010darobno pali\u010dico, se obro\u010da sprostita. To je trik pobega, katera preseneti vsakogar, \u0161e posebej zato, ker lahko opazovalec vse skupaj preveri sam. Ni primerno za otroke do tretjega leta starosti<\/p>","protected":false},"featured_media":53345,"comment_status":"closed","ping_status":"closed","template":"","meta":{"_seopress_robots_primary_cat":"none","_seopress_titles_title":"","_seopress_titles_desc":"","_seopress_robots_index":""},"product_brand":[],"product_cat":[677],"product_tag":[],"class_list":{"0":"post-53322","1":"product","2":"type-product","3":"status-publish","4":"has-post-thumbnail","6":"product_cat-druzabne-igre","8":"entry","9":"has-media","11":"first","12":"instock","13":"taxable","14":"shipping-taxable","15":"purchasable","16":"product-type-simple","17":"has-product-nav","18":"col","19":"span_1_of_4","20":"owp-content-center","21":"item-entry","22":"owp-thumbs-layout-horizontal","23":"owp-btn-normal","24":"owp-tabs-layout-section","25":"has-no-thumbnails"},"wcpa_form_fields":null,"_links":{"self":[{"href":"https:\/\/chessgamesemporium.com\/en\/wp-json\/wp\/v2\/product\/53322","targetHints":{"allow":["GET"]}}],"collection":[{"href":"https:\/\/chessgamesemporium.com\/en\/wp-json\/wp\/v2\/product"}],"about":[{"href":"https:\/\/chessgamesemporium.com\/en\/wp-json\/wp\/v2\/types\/product"}],"replies":[{"embeddable":true,"href":"https:\/\/chessgamesemporium.com\/en\/wp-json\/wp\/v2\/comments?post=53322"}],"version-history":[{"count":0,"href":"https:\/\/chessgamesemporium.com\/en\/wp-json\/wp\/v2\/product\/53322\/revisions"}],"wp:featuredmedia":[{"embeddable":true,"href":"https:\/\/chessgamesemporium.com\/en\/wp-json\/wp\/v2\/media\/53345"}],"wp:attachment":[{"href":"https:\/\/chessgamesemporium.com\/en\/wp-json\/wp\/v2\/media?parent=53322"}],"wp:term":[{"taxonomy":"product_brand","embeddable":true,"href":"https:\/\/chessgamesemporium.com\/en\/wp-json\/wp\/v2\/product_brand?post=53322"},{"taxonomy":"product_cat","embeddable":true,"href":"https:\/\/chessgamesemporium.com\/en\/wp-json\/wp\/v2\/product_cat?post=53322"},{"taxonomy":"product_tag","embeddable":true,"href":"https:\/\/chessgamesemporium.com\/en\/wp-json\/wp\/v2\/product_tag?post=53322"}],"curies":[{"name":"wp","href":"https:\/\/api.w.org\/{rel}","templated":true}]}}