{"id":53382,"date":"2023-11-03T10:51:31","date_gmt":"2023-11-03T10:51:31","guid":{"rendered":"https:\/\/chessgamesemporium.com\/?post_type=product&#038;p=53382"},"modified":"2024-01-29T08:24:34","modified_gmt":"2024-01-29T08:24:34","slug":"board-game-dice-tray-faux-leather","status":"publish","type":"product","link":"https:\/\/chessgamesemporium.com\/en\/shop\/board-games\/board-game-dice-tray-faux-leather\/","title":{"rendered":"Board game DICE TRAY FAUX LEATHER"},"content":{"rendered":"<p>MDF tray with a faux leather edge, 350 mm diameter, height 36 mm.<\/p>\n<p>Felt surface<br \/>\nIncludes six 15 mm pearled dice.<\/p>\n<p>Warning! Not suitable for children under the age of 3 due to small parts!<br \/>\nChoking hazard.<\/p>","protected":false},"excerpt":{"rendered":"<p>MDF z robom iz umetnega usnja, premer 350 mm, vi\u0161ina 36 mm Povr\u0161ina pladnja iz klobu\u010devine, 6 kock, beserni-design, dol\u017eina stranice kocke 15 mm. Opozorilo! Ni primerno za otroke, mlaj\u0161e od 3 let zaradi manj\u0161ih delov! Nevarnost zadu\u0161itve.<\/p>","protected":false},"featured_media":53418,"comment_status":"closed","ping_status":"closed","template":"","meta":{"_seopress_robots_primary_cat":"none","_seopress_titles_title":"","_seopress_titles_desc":"","_seopress_robots_index":""},"product_brand":[],"product_cat":[677],"product_tag":[],"class_list":{"0":"post-53382","1":"product","2":"type-product","3":"status-publish","4":"has-post-thumbnail","6":"product_cat-druzabne-igre","8":"entry","9":"has-media","11":"first","12":"instock","13":"taxable","14":"shipping-taxable","15":"purchasable","16":"product-type-simple","17":"has-product-nav","18":"col","19":"span_1_of_4","20":"owp-content-center","21":"item-entry","22":"owp-thumbs-layout-horizontal","23":"owp-btn-normal","24":"owp-tabs-layout-section","25":"has-no-thumbnails"},"wcpa_form_fields":null,"_links":{"self":[{"href":"https:\/\/chessgamesemporium.com\/en\/wp-json\/wp\/v2\/product\/53382","targetHints":{"allow":["GET"]}}],"collection":[{"href":"https:\/\/chessgamesemporium.com\/en\/wp-json\/wp\/v2\/product"}],"about":[{"href":"https:\/\/chessgamesemporium.com\/en\/wp-json\/wp\/v2\/types\/product"}],"replies":[{"embeddable":true,"href":"https:\/\/chessgamesemporium.com\/en\/wp-json\/wp\/v2\/comments?post=53382"}],"version-history":[{"count":0,"href":"https:\/\/chessgamesemporium.com\/en\/wp-json\/wp\/v2\/product\/53382\/revisions"}],"wp:featuredmedia":[{"embeddable":true,"href":"https:\/\/chessgamesemporium.com\/en\/wp-json\/wp\/v2\/media\/53418"}],"wp:attachment":[{"href":"https:\/\/chessgamesemporium.com\/en\/wp-json\/wp\/v2\/media?parent=53382"}],"wp:term":[{"taxonomy":"product_brand","embeddable":true,"href":"https:\/\/chessgamesemporium.com\/en\/wp-json\/wp\/v2\/product_brand?post=53382"},{"taxonomy":"product_cat","embeddable":true,"href":"https:\/\/chessgamesemporium.com\/en\/wp-json\/wp\/v2\/product_cat?post=53382"},{"taxonomy":"product_tag","embeddable":true,"href":"https:\/\/chessgamesemporium.com\/en\/wp-json\/wp\/v2\/product_tag?post=53382"}],"curies":[{"name":"wp","href":"https:\/\/api.w.org\/{rel}","templated":true}]}}