{"id":53386,"date":"2023-11-03T08:13:25","date_gmt":"2023-11-03T08:13:25","guid":{"rendered":"https:\/\/chessgamesemporium.com\/?post_type=product&#038;p=53386"},"modified":"2024-05-07T10:13:30","modified_gmt":"2024-05-07T10:13:30","slug":"board-game-3d-4-in-a-row","status":"publish","type":"product","link":"https:\/\/chessgamesemporium.com\/en\/shop\/board-games\/board-game-3d-4-in-a-row\/","title":{"rendered":"Board game 3D 4-IN-A-ROW"},"content":{"rendered":"<p>Dimensions: 200 x 200 x 90 mm<\/p>\n<p>Players: 2<br \/>\nRecommended age: 6+ years<br \/>\nPlaying time: Approx. 10 minutes<\/p>\n<p>A strategy game for two players. Players take turns dropping wooden beads onto the available sticks. The goal is to be the first player to align 4 beads in a row - horizontally, vertically, or diagonally.<\/p>\n<p>Warning! Not suitable for children under 3 years due to small parts! Danger of suffocation.<\/p>","protected":false},"excerpt":{"rendered":"<p>Dimenzije 200 x 200 x 90 mm \u0160tevilo igralcev: 2 Priporo\u010dena starost: nad 6 let Igralni \u010das: ca. 10 minut Strate\u0161ka igra za dva igralca. Igralca izmenjajo\u010de polagata kroglice. Cilj je biti prvi, ki ima \u0161tiri \u017eogice v vrsti &#8211; vodoravno, po\u0161evno ali diagonalno. OPOZORILO! Ni primerno za otroke pod tretjim letom starosti.<\/p>","protected":false},"featured_media":53408,"comment_status":"closed","ping_status":"closed","template":"","meta":{"_seopress_robots_primary_cat":"none","_seopress_titles_title":"","_seopress_titles_desc":"","_seopress_robots_index":""},"product_brand":[],"product_cat":[677],"product_tag":[],"class_list":{"0":"post-53386","1":"product","2":"type-product","3":"status-publish","4":"has-post-thumbnail","6":"product_cat-druzabne-igre","8":"entry","9":"has-media","11":"first","12":"instock","13":"taxable","14":"shipping-taxable","15":"purchasable","16":"product-type-simple","17":"has-product-nav","18":"col","19":"span_1_of_4","20":"owp-content-center","21":"item-entry","22":"owp-thumbs-layout-horizontal","23":"owp-btn-normal","24":"owp-tabs-layout-section","25":"has-no-thumbnails"},"wcpa_form_fields":null,"_links":{"self":[{"href":"https:\/\/chessgamesemporium.com\/en\/wp-json\/wp\/v2\/product\/53386","targetHints":{"allow":["GET"]}}],"collection":[{"href":"https:\/\/chessgamesemporium.com\/en\/wp-json\/wp\/v2\/product"}],"about":[{"href":"https:\/\/chessgamesemporium.com\/en\/wp-json\/wp\/v2\/types\/product"}],"replies":[{"embeddable":true,"href":"https:\/\/chessgamesemporium.com\/en\/wp-json\/wp\/v2\/comments?post=53386"}],"version-history":[{"count":0,"href":"https:\/\/chessgamesemporium.com\/en\/wp-json\/wp\/v2\/product\/53386\/revisions"}],"wp:featuredmedia":[{"embeddable":true,"href":"https:\/\/chessgamesemporium.com\/en\/wp-json\/wp\/v2\/media\/53408"}],"wp:attachment":[{"href":"https:\/\/chessgamesemporium.com\/en\/wp-json\/wp\/v2\/media?parent=53386"}],"wp:term":[{"taxonomy":"product_brand","embeddable":true,"href":"https:\/\/chessgamesemporium.com\/en\/wp-json\/wp\/v2\/product_brand?post=53386"},{"taxonomy":"product_cat","embeddable":true,"href":"https:\/\/chessgamesemporium.com\/en\/wp-json\/wp\/v2\/product_cat?post=53386"},{"taxonomy":"product_tag","embeddable":true,"href":"https:\/\/chessgamesemporium.com\/en\/wp-json\/wp\/v2\/product_tag?post=53386"}],"curies":[{"name":"wp","href":"https:\/\/api.w.org\/{rel}","templated":true}]}}