{"id":53476,"date":"2023-11-03T12:46:17","date_gmt":"2023-11-03T12:46:17","guid":{"rendered":"https:\/\/chessgamesemporium.com\/?post_type=product&#038;p=53476"},"modified":"2025-07-29T06:06:11","modified_gmt":"2025-07-29T06:06:11","slug":"board-game-mah-jongg","status":"publish","type":"product","link":"https:\/\/chessgamesemporium.com\/en\/shop\/board-games\/board-game-mah-jongg\/","title":{"rendered":"Board game MAH JONGG"},"content":{"rendered":"<p>Contents:<br \/>\nBox: MDF Imitation wood<br \/>\nGame tiles: Plastic, with arabic numerals<\/p>\n<p>Box dimensions: 24,5 x 18 x 6,5 cm<br \/>\nTile dimensions: 2,8 \u00d7 2 \u00d7 1,3 cm<\/p>\n<p>Mah Jongg is a game that orignates from China. The game is widely played across China, Japana and other countries of East and Southeast Asia. It blends elements of dominoes and poker, and requires skills such as bluffing, observation, calculation, and memory. The element of luck depends on the variant of the game being played. In Asia, Mah Jongg is sometimes played as gambling game. Depending on the variant, each player receives 13 or 16 tiles. The goal of the game is to gather as many tiles as possible.<\/p>\n<p>The game differs from Mah Jongg Solitaire, a single-player game using the same tiles as Mah Jongg.<\/p>\n<p>Warning! Not suitable for children under 3 years due to small parts! Danger of suffocation.<\/p>","protected":false},"excerpt":{"rendered":"<p>Vsebuje Kaseta: MDF imitacija korenine Igralne plo\u0161\u010dice: plastika, arabski simboli Dimenzije kasete: 24,5 x 18 x 6,5 cm Dimenzije plo\u0161\u010dic: 2,8 x 2 x 1,3 cm Mah jongg je igra za \u0161tiri igralce in izvira iz Kitajske. Vsak igralec igra zase. Igra je zelo raz\u0161irjena na Kitajskem, Japonskem in drugih dr\u017eavah Vzhodne in Jugovzhodne Azije. [&hellip;]<\/p>","protected":false},"featured_media":53492,"comment_status":"closed","ping_status":"closed","template":"","meta":{"_seopress_robots_primary_cat":"none","_seopress_titles_title":"","_seopress_titles_desc":"","_seopress_robots_index":""},"product_brand":[],"product_cat":[677],"product_tag":[],"class_list":{"0":"post-53476","1":"product","2":"type-product","3":"status-publish","4":"has-post-thumbnail","6":"product_cat-druzabne-igre","7":"wcpa_has_options","9":"entry","10":"has-media","12":"first","13":"instock","14":"taxable","15":"shipping-taxable","16":"purchasable","17":"product-type-simple","18":"has-product-nav","19":"col","20":"span_1_of_4","21":"owp-content-center","22":"item-entry","23":"owp-thumbs-layout-horizontal","24":"owp-btn-normal","25":"owp-tabs-layout-section"},"wcpa_form_fields":{"rules":{"pric_overide_base_price":false,"pric_overide_base_price_if_gt_zero":false,"pric_overide_base_price_fully":false,"pric_cal_option_once":false,"pric_use_as_fee":false,"bind_quantity":false,"quantity_bind_formula":false},"fields":[{"type":"text","elementId":"wcpa-text-1666713333654","label":"Gravura ( opcijsko )","description":"Vpi\u0161ite \u017eeljeni tekst za graviranje (npr. Vse najbolj\u0161e, IME, datum ipd.)","desc_type":true,"enablePrice":true,"pricingType":"fixed","price":"7","name":"text-1666713333654","fee_label":"Za naro\u010dnike izven eu, bo davek od\u0161tet na blagajni.","subtype":"text","maxlength":"16","cl_rule":"show","col":6,"relations":false,"form_id":46231,"form_rules":{"pric_cal_option_once":false,"exclude_from_discount":false,"pric_use_as_fee":false,"fee_label":"Fee","render_after_acb":false,"disp_hide_options_price":false}}]},"_links":{"self":[{"href":"https:\/\/chessgamesemporium.com\/en\/wp-json\/wp\/v2\/product\/53476","targetHints":{"allow":["GET"]}}],"collection":[{"href":"https:\/\/chessgamesemporium.com\/en\/wp-json\/wp\/v2\/product"}],"about":[{"href":"https:\/\/chessgamesemporium.com\/en\/wp-json\/wp\/v2\/types\/product"}],"replies":[{"embeddable":true,"href":"https:\/\/chessgamesemporium.com\/en\/wp-json\/wp\/v2\/comments?post=53476"}],"version-history":[{"count":0,"href":"https:\/\/chessgamesemporium.com\/en\/wp-json\/wp\/v2\/product\/53476\/revisions"}],"wp:featuredmedia":[{"embeddable":true,"href":"https:\/\/chessgamesemporium.com\/en\/wp-json\/wp\/v2\/media\/53492"}],"wp:attachment":[{"href":"https:\/\/chessgamesemporium.com\/en\/wp-json\/wp\/v2\/media?parent=53476"}],"wp:term":[{"taxonomy":"product_brand","embeddable":true,"href":"https:\/\/chessgamesemporium.com\/en\/wp-json\/wp\/v2\/product_brand?post=53476"},{"taxonomy":"product_cat","embeddable":true,"href":"https:\/\/chessgamesemporium.com\/en\/wp-json\/wp\/v2\/product_cat?post=53476"},{"taxonomy":"product_tag","embeddable":true,"href":"https:\/\/chessgamesemporium.com\/en\/wp-json\/wp\/v2\/product_tag?post=53476"}],"curies":[{"name":"wp","href":"https:\/\/api.w.org\/{rel}","templated":true}]}}