{"id":53610,"date":"2023-11-06T11:49:27","date_gmt":"2023-11-06T11:49:27","guid":{"rendered":"https:\/\/chessgamesemporium.com\/?post_type=product&#038;p=53610"},"modified":"2023-11-10T08:25:45","modified_gmt":"2023-11-10T08:25:45","slug":"board-game-roulette-bakalit-wheel","status":"publish","type":"product","link":"https:\/\/chessgamesemporium.com\/en\/shop\/board-games\/board-game-roulette-bakalit-wheel\/","title":{"rendered":"Board game ROULETTE Bakelite number wheel"},"content":{"rendered":"<p>Contents:<br \/>\nBakelite number wheel and metal spinner, 300 mm diameter<br \/>\n700 x 400 mm betting sheet, 2 metal balls, 100 betting tokens, roulette paddle.<\/p>\n<p>Roulette is a fun and exciting game that has been around for over 300 years.<br \/>\nThe name originates from French - \u201cla rou\u00e9\u201d - wheel.<\/p>\n<p>Warning! Not suitable for children under 3 years due to small parts! Danger of suffocation.<\/p>","protected":false},"excerpt":{"rendered":"<p>Vsebina: Bakalitna \u0160tevil\u010dnica in kovinska vrtavka, premer 300 mm. Dimenzije stavnega tepiha: ca. 700 x 400 mm, 2 kovinski kroglici, 100 plasti\u010dnih stavnih \u017eetovnov, Ruletni lopar\u010dek. Ruleta je zabavna in vznemirljiva igra \u017ee ve\u010d kot 300 let. Ime izhaja iz franco\u0161\u010dine in pomeni majhno kolo iz besede \u201cla rou\u00e9\u201d &#8211; kolo. OPOZORILO! Ni primerno za [&hellip;]<\/p>","protected":false},"featured_media":53623,"comment_status":"closed","ping_status":"closed","template":"","meta":{"_seopress_robots_primary_cat":"none","_seopress_titles_title":"","_seopress_titles_desc":"","_seopress_robots_index":""},"product_brand":[],"product_cat":[677],"product_tag":[],"class_list":{"0":"post-53610","1":"product","2":"type-product","3":"status-publish","4":"has-post-thumbnail","6":"product_cat-druzabne-igre","8":"entry","9":"has-media","11":"first","12":"instock","13":"taxable","14":"shipping-taxable","15":"purchasable","16":"product-type-simple","17":"has-product-nav","18":"col","19":"span_1_of_4","20":"owp-content-center","21":"item-entry","22":"owp-thumbs-layout-horizontal","23":"owp-btn-normal","24":"owp-tabs-layout-section","25":"has-no-thumbnails"},"wcpa_form_fields":null,"_links":{"self":[{"href":"https:\/\/chessgamesemporium.com\/en\/wp-json\/wp\/v2\/product\/53610","targetHints":{"allow":["GET"]}}],"collection":[{"href":"https:\/\/chessgamesemporium.com\/en\/wp-json\/wp\/v2\/product"}],"about":[{"href":"https:\/\/chessgamesemporium.com\/en\/wp-json\/wp\/v2\/types\/product"}],"replies":[{"embeddable":true,"href":"https:\/\/chessgamesemporium.com\/en\/wp-json\/wp\/v2\/comments?post=53610"}],"version-history":[{"count":0,"href":"https:\/\/chessgamesemporium.com\/en\/wp-json\/wp\/v2\/product\/53610\/revisions"}],"wp:featuredmedia":[{"embeddable":true,"href":"https:\/\/chessgamesemporium.com\/en\/wp-json\/wp\/v2\/media\/53623"}],"wp:attachment":[{"href":"https:\/\/chessgamesemporium.com\/en\/wp-json\/wp\/v2\/media?parent=53610"}],"wp:term":[{"taxonomy":"product_brand","embeddable":true,"href":"https:\/\/chessgamesemporium.com\/en\/wp-json\/wp\/v2\/product_brand?post=53610"},{"taxonomy":"product_cat","embeddable":true,"href":"https:\/\/chessgamesemporium.com\/en\/wp-json\/wp\/v2\/product_cat?post=53610"},{"taxonomy":"product_tag","embeddable":true,"href":"https:\/\/chessgamesemporium.com\/en\/wp-json\/wp\/v2\/product_tag?post=53610"}],"curies":[{"name":"wp","href":"https:\/\/api.w.org\/{rel}","templated":true}]}}