{"id":53638,"date":"2023-11-06T12:16:16","date_gmt":"2023-11-06T12:16:16","guid":{"rendered":"https:\/\/chessgamesemporium.com\/?post_type=product&#038;p=53638"},"modified":"2026-03-11T08:51:03","modified_gmt":"2026-03-11T08:51:03","slug":"sah-za-otroke-1-textbook","status":"publish","type":"product","link":"https:\/\/chessgamesemporium.com\/en\/shop\/chess-books\/strategy-and-tactics-2\/sah-za-otroke-1-textbook\/","title":{"rendered":"\u0160AH ZA OTROKE 1 TEXTBOOK"},"content":{"rendered":"<p>Author: Simona Pol\u0161e Zupan<br \/>\nRelease year: 2020<br \/>\nLanguage: Slovene<br \/>\nPages: 114<br \/>\nFormat: 21,0 x 29,7 cm<br \/>\nCover: Soft<\/p>\n<p>\u0160ah za otroke 1 - Textbook<\/p>\n<p>The \u0160ah za otroke 1 textbook is a first-class piece of learning material aimed at absolute beginners. It is written in uppercase letters to make it accessible to the youngest of learners, as well as an excellent aide to teachers, chess mentors, and parents introducing their children to the royal game.<\/p>\n<p>In the textbook, the author tackles the basics of chess, movement rules, attack, defense, and up to major piece mates. The topics are provided carefully, along with excercises for two players - an excellent option for mentors wishing to diversify the activities of their chess club.<br \/>\nThe textbook is color-printed on quality paper.<\/p>\n<p>Alongside the textbook, the author also released the \u0160ah za otroke 1 workbook, which complememnts the textbook nicely. Together, the two form a unified whole and an excellent didactic tool. The textbook includes a layout for 33 meetings - one school year.<\/p>\n<p>The author, Simona Pol\u0161e Zupan leads the chess club at the Jakob Alja\u017e Primary School in Kranj. The school boasts an impressive number of players in local school chess competitions. Many of these aspiring chess players' first introduction to chess was by joining the club.<\/p>","protected":false},"excerpt":{"rendered":"<p>Avtor: Simona Pol\u0161e Zupan Leto izdaje: 2020 Jezik: Slovenski \u0160t. strani: 114 Format: 21,0 x 29,7 cm Platnice: mehke \u0160ah za otroke 1 &#8211; U\u010dbenik \u0160ah za otroke 1 &#8211; U\u010dbenik je prvovrstno u\u010dno gradivo, namenjeno popolnim za\u010detnikom. U\u010dbenik je napisan z velikimi tiskanimi \u010drkami, tako da je primeren za samostojno delo najmlaj\u0161ih, kot tudi [&hellip;]<\/p>","protected":false},"featured_media":53645,"comment_status":"closed","ping_status":"closed","template":"","meta":{"_seopress_robots_primary_cat":"none","_seopress_titles_title":"","_seopress_titles_desc":"","_seopress_robots_index":""},"product_brand":[],"product_cat":[608,512],"product_tag":[],"class_list":{"0":"post-53638","1":"product","2":"type-product","3":"status-publish","4":"has-post-thumbnail","6":"product_cat-strategija-in-taktika","7":"product_cat-sahovske-knjige","8":"pa_avtor-simona-polse-zupan","9":"pa_leto-izdaje-750","10":"pa_nivo-knjige-zacetni","11":"pa_stran-oboje-nevtralno","12":"pa_tip-knjige-osnove","14":"entry","15":"has-media","17":"first","18":"instock","19":"taxable","20":"shipping-taxable","21":"purchasable","22":"product-type-simple","23":"has-product-nav","24":"col","25":"span_1_of_4","26":"owp-content-center","27":"item-entry","28":"owp-thumbs-layout-horizontal","29":"owp-btn-normal","30":"owp-tabs-layout-section","31":"has-no-thumbnails"},"wcpa_form_fields":null,"_links":{"self":[{"href":"https:\/\/chessgamesemporium.com\/en\/wp-json\/wp\/v2\/product\/53638","targetHints":{"allow":["GET"]}}],"collection":[{"href":"https:\/\/chessgamesemporium.com\/en\/wp-json\/wp\/v2\/product"}],"about":[{"href":"https:\/\/chessgamesemporium.com\/en\/wp-json\/wp\/v2\/types\/product"}],"replies":[{"embeddable":true,"href":"https:\/\/chessgamesemporium.com\/en\/wp-json\/wp\/v2\/comments?post=53638"}],"version-history":[{"count":0,"href":"https:\/\/chessgamesemporium.com\/en\/wp-json\/wp\/v2\/product\/53638\/revisions"}],"wp:featuredmedia":[{"embeddable":true,"href":"https:\/\/chessgamesemporium.com\/en\/wp-json\/wp\/v2\/media\/53645"}],"wp:attachment":[{"href":"https:\/\/chessgamesemporium.com\/en\/wp-json\/wp\/v2\/media?parent=53638"}],"wp:term":[{"taxonomy":"product_brand","embeddable":true,"href":"https:\/\/chessgamesemporium.com\/en\/wp-json\/wp\/v2\/product_brand?post=53638"},{"taxonomy":"product_cat","embeddable":true,"href":"https:\/\/chessgamesemporium.com\/en\/wp-json\/wp\/v2\/product_cat?post=53638"},{"taxonomy":"product_tag","embeddable":true,"href":"https:\/\/chessgamesemporium.com\/en\/wp-json\/wp\/v2\/product_tag?post=53638"}],"curies":[{"name":"wp","href":"https:\/\/api.w.org\/{rel}","templated":true}]}}