{"id":53755,"date":"2023-11-07T13:46:51","date_gmt":"2023-11-07T13:46:51","guid":{"rendered":"https:\/\/chessgamesemporium.com\/?post_type=product&#038;p=53755"},"modified":"2026-01-26T08:08:16","modified_gmt":"2026-01-26T08:08:16","slug":"dgt-smart-board-with-indices-classic-chess-pieces","status":"publish","type":"product","link":"https:\/\/chessgamesemporium.com\/en\/shop\/chess-sets-2\/electronic-chess-sets\/dgt-smart-board-with-indices-classic-chess-pieces\/","title":{"rendered":"DGT SmartBoard with indices + CLASSIC Chess pieces"},"content":{"rendered":"<p>Plastic chess board with alphanumeric notation<br \/>\nWooden e-chess pieces DGT Classic<\/p>\n<p>Board dimensions: 52 x 52 x 1,2 cm<br \/>\nSquare size: 5,5 x 5,5 cm<\/p>\n<p>Dimensions: (height | base width)<br \/>\nKing: 9,6 cm | 4,1 cm<br \/>\nQueen: 8,0 cm | 3,8 cm<br \/>\nRook: 5,2 cm | 3,4 cm<br \/>\nBishop: 6,9 cm | 3,5 cm<br \/>\nKnight: 6,6 cm | 3,5 cm<br \/>\nPawn: 4,8 cm | 2,9 cm<\/p>\n<p>The plug &amp; play DGT electronic chess board brings you the best of two worlds. The classical game of chess finaly merged with 21st century computer and internet technology.<\/p>\n<p>The plastic DGT SmartBoard easily connects to the USB port on your PC. With the DGT SmartBoard you can play online at internet chess sites such as PlayChess, Chess 21 and ICC. The ingenious e-Board acts as an input device for all major playing programs.<\/p>\n<p>The DGT Smartboard is the ultimate chess-PC interface. It adds a new dimension to your chess fun. A typical DGT product. Innovative, designed for the real chess lover. High quality and value for money.<\/p>\n<p>The giftbox comes with a special edition of the famous Fritz program and 100 days free access at PlayChess.com.<\/p>\n<p>\u2022 Broadcast chess games over the Internet. Ideal for tournament presentation.<br \/>\n\u2022 Let the computer analyze games while playing a human opponent.<br \/>\n\u2022 Automatically store games in the memory of the board as you play, and retrieve the games as PGN files later.<br \/>\n\u2022 The DGT electronic chess board adds a new dimension to your chess fun.<br \/>\n\u2022 The DGT Smartboard connects a classic chess board to your PC without any effort, enabling you to play directly against the world's best chess programs.<br \/>\n\u2022 No more RSI and tired eyes.<br \/>\n\u2022 Playing online via the Internet is also easily possible.<br \/>\n\u2022 For clubs and tournament organisations the DGT Smartboard is the easiest way to present live internet coverage to a large audience.<br \/>\n\u2022 The DGT Smartboard connects to the DGT 2500, DGT 3000, DGT PI chess clock via a USB port.<\/p>\n<p>Not suitable for children under the age of 3.<\/p>","protected":false},"excerpt":{"rendered":"<p>Plasti\u010dna \u0161ahovnica z notacijo Lesene \u0161ahovske e-figure DGT Classic Dimenzije \u0161ahovnice: 52 x 52 x 1,2 cm Dimenzije polja: 5,5 x 5,5 cm Dimenzije figur: (vi\u0161ina | premer podlage) Kralj: 9,6 cm | 4,1 cm Dama: 8,0 cm | 3,8 cm Top: 5,2 cm | 3,4 cm Lovec: 6,9 cm | 3,5 cm Skaka\u010d: 6,6 [&hellip;]<\/p>","protected":false},"featured_media":53761,"comment_status":"closed","ping_status":"closed","template":"","meta":{"_seopress_robots_primary_cat":"none","_seopress_titles_title":"","_seopress_titles_desc":"","_seopress_robots_index":""},"product_brand":[],"product_cat":[619,510],"product_tag":[],"class_list":{"0":"post-53755","1":"product","2":"type-product","3":"status-publish","4":"has-post-thumbnail","6":"product_cat-elektronski-sahi","7":"product_cat-sahovski-kompleti","9":"entry","10":"has-media","12":"first","13":"instock","14":"taxable","15":"shipping-taxable","16":"purchasable","17":"product-type-simple","18":"has-product-nav","19":"col","20":"span_1_of_4","21":"owp-content-center","22":"item-entry","23":"owp-thumbs-layout-horizontal","24":"owp-btn-normal","25":"owp-tabs-layout-section"},"wcpa_form_fields":null,"_links":{"self":[{"href":"https:\/\/chessgamesemporium.com\/en\/wp-json\/wp\/v2\/product\/53755","targetHints":{"allow":["GET"]}}],"collection":[{"href":"https:\/\/chessgamesemporium.com\/en\/wp-json\/wp\/v2\/product"}],"about":[{"href":"https:\/\/chessgamesemporium.com\/en\/wp-json\/wp\/v2\/types\/product"}],"replies":[{"embeddable":true,"href":"https:\/\/chessgamesemporium.com\/en\/wp-json\/wp\/v2\/comments?post=53755"}],"version-history":[{"count":0,"href":"https:\/\/chessgamesemporium.com\/en\/wp-json\/wp\/v2\/product\/53755\/revisions"}],"wp:featuredmedia":[{"embeddable":true,"href":"https:\/\/chessgamesemporium.com\/en\/wp-json\/wp\/v2\/media\/53761"}],"wp:attachment":[{"href":"https:\/\/chessgamesemporium.com\/en\/wp-json\/wp\/v2\/media?parent=53755"}],"wp:term":[{"taxonomy":"product_brand","embeddable":true,"href":"https:\/\/chessgamesemporium.com\/en\/wp-json\/wp\/v2\/product_brand?post=53755"},{"taxonomy":"product_cat","embeddable":true,"href":"https:\/\/chessgamesemporium.com\/en\/wp-json\/wp\/v2\/product_cat?post=53755"},{"taxonomy":"product_tag","embeddable":true,"href":"https:\/\/chessgamesemporium.com\/en\/wp-json\/wp\/v2\/product_tag?post=53755"}],"curies":[{"name":"wp","href":"https:\/\/api.w.org\/{rel}","templated":true}]}}