{"id":54164,"date":"2023-11-14T11:42:34","date_gmt":"2023-11-14T11:42:34","guid":{"rendered":"https:\/\/chessgamesemporium.com\/?post_type=product&#038;p=54164"},"modified":"2024-02-20T10:16:48","modified_gmt":"2024-02-20T10:16:48","slug":"smart-board-connection-material","status":"publish","type":"product","link":"https:\/\/chessgamesemporium.com\/en\/shop\/chess-sets-2\/electronic-chess-sets\/smart-board-connection-material\/","title":{"rendered":"Smart Board CONNECTION MATERIAL"},"content":{"rendered":"<p>DGT Smart Board connection material for one set.<\/p>\n<p>Contents:<\/p>\n<p>USB-C Cable (3m)<br \/>\nDGT 3000 Chess clock connector cable<br \/>\nDVD with drivers and a serial number for 100 days of Playchess Premius access<br \/>\nInstruction manual (English, German)<\/p>\n<p>Compatible with Windows 7, 8, and 10.<\/p>\n<p>&nbsp;<\/p>\n<p>&nbsp;<\/p>\n<p>&nbsp;<\/p>","protected":false},"excerpt":{"rendered":"<p>Povezovalni kabli za en DGT Smart Board set. Vsebina USB-C-kabel (3 m) Kabel za \u0161ahovsko uro DGT3000 DVD z gonilniki in serijsko \u0161tevilko za portal Playchess (Premium, 100 dni) Navodila (1 x angle\u0161ka, 1 x nem\u0161ka) Primerno za operacijski sistem: Windows 7, 8 ali 10. &nbsp; &nbsp; &nbsp;<\/p>","protected":false},"featured_media":54167,"comment_status":"closed","ping_status":"closed","template":"","meta":{"_seopress_robots_primary_cat":"none","_seopress_titles_title":"","_seopress_titles_desc":"","_seopress_robots_index":""},"product_brand":[],"product_cat":[619,510],"product_tag":[],"class_list":{"0":"post-54164","1":"product","2":"type-product","3":"status-publish","4":"has-post-thumbnail","6":"product_cat-elektronski-sahi","7":"product_cat-sahovski-kompleti","9":"entry","10":"has-media","12":"first","13":"instock","14":"taxable","15":"shipping-taxable","16":"purchasable","17":"product-type-simple","18":"has-product-nav","19":"col","20":"span_1_of_4","21":"owp-content-center","22":"item-entry","23":"owp-thumbs-layout-horizontal","24":"owp-btn-normal","25":"owp-tabs-layout-section","26":"has-no-thumbnails"},"wcpa_form_fields":null,"_links":{"self":[{"href":"https:\/\/chessgamesemporium.com\/en\/wp-json\/wp\/v2\/product\/54164","targetHints":{"allow":["GET"]}}],"collection":[{"href":"https:\/\/chessgamesemporium.com\/en\/wp-json\/wp\/v2\/product"}],"about":[{"href":"https:\/\/chessgamesemporium.com\/en\/wp-json\/wp\/v2\/types\/product"}],"replies":[{"embeddable":true,"href":"https:\/\/chessgamesemporium.com\/en\/wp-json\/wp\/v2\/comments?post=54164"}],"version-history":[{"count":0,"href":"https:\/\/chessgamesemporium.com\/en\/wp-json\/wp\/v2\/product\/54164\/revisions"}],"wp:featuredmedia":[{"embeddable":true,"href":"https:\/\/chessgamesemporium.com\/en\/wp-json\/wp\/v2\/media\/54167"}],"wp:attachment":[{"href":"https:\/\/chessgamesemporium.com\/en\/wp-json\/wp\/v2\/media?parent=54164"}],"wp:term":[{"taxonomy":"product_brand","embeddable":true,"href":"https:\/\/chessgamesemporium.com\/en\/wp-json\/wp\/v2\/product_brand?post=54164"},{"taxonomy":"product_cat","embeddable":true,"href":"https:\/\/chessgamesemporium.com\/en\/wp-json\/wp\/v2\/product_cat?post=54164"},{"taxonomy":"product_tag","embeddable":true,"href":"https:\/\/chessgamesemporium.com\/en\/wp-json\/wp\/v2\/product_tag?post=54164"}],"curies":[{"name":"wp","href":"https:\/\/api.w.org\/{rel}","templated":true}]}}