{"id":54169,"date":"2023-11-14T12:19:41","date_gmt":"2023-11-14T12:19:41","guid":{"rendered":"https:\/\/chessgamesemporium.com\/?post_type=product&#038;p=54169"},"modified":"2026-01-29T10:46:43","modified_gmt":"2026-01-29T10:46:43","slug":"dgt-usb-e-board-walnut","status":"publish","type":"product","link":"https:\/\/chessgamesemporium.com\/en\/shop\/chess-sets-2\/electronic-chess-sets\/dgt-usb-e-board-walnut\/","title":{"rendered":"DGT USB e-BOARD Walnut"},"content":{"rendered":"<p>DESCRIPTION<br \/>\nThe plug &amp; play DGT electronic chess board brings you the best of two worlds. The classical game of chess finaly merged with 21st century computer and internet technology.<\/p>\n<p>The beautiful classic wooden DGT e-Board easily connects to the USB port on your PC. With the DGT e-Board you can play online at internet chess sites such as PlayChess, Chess 21 and ICC. The ingenious e-Board acts as an input device for all major playing programs.<\/p>\n<p>The DGT e-Board is the ultimate chess-PC interface. It adds a new dimension to your chess fun. A typical DGT product. Innovative, designed for the real chess lover. High quality and value for money.<\/p>\n<p>Board dimensions: 54 x 54 x 2,3 cm<br \/>\nSquare size: 5,5 cm<\/p>\n<p>The giftbox comes with a special edition of the famous Fritz program and 100 days free access at PlayChess.com.<\/p>\n<p>\u2022 Broadcast chess games over the Internet. Ideal for tournament presentation.<br \/>\n\u2022 Let the computer analyze games while playing a human opponent.<br \/>\n\u2022 Automatically store games in the memory of the board as you play, and retrieve the games as PGN files later.<br \/>\n\u2022 The DGT electronic chess board adds a new dimension to your chess fun.<br \/>\n\u2022 The DGT e-board connects a beautiful classic wooden chess board to your PC without any effort, enabling you to play directly against the world's best chess programs.<br \/>\n\u2022 No more RSI and tired eyes.<br \/>\n\u2022 Playing online via the Internet is also easily possible.<br \/>\n\u2022 For clubs and tournament organisations the DGT e-board is the easiest way to present live internet coverage to a large audience.<br \/>\n\u2022 The DGT e-board connects to the DGT 2500, DGT 3000, DGT PI chess clock via a USB port.<\/p>\n<p>Not suitable for children under the age of 3.<\/p>","protected":false},"excerpt":{"rendered":"<p>OPIS Plug &amp; play DGT elektronska \u0161ahovnica vas popelje v dva nova svetova. Va\u0161a partija se prena\u0161a prena\u0161a direktno na ra\u010dunalnik in\/ali internet. Prelep klasi\u010den DGT-jev e-Board se zlahka pove\u017ee z va\u0161im osebnim ra\u010dunalnikom preko USB povezave. Z DGT e-Boardom lahko igrate na spletnih straneh kot so PlayChess, Chess21 in ICC. Pametni e-Board deluje kot [&hellip;]<\/p>","protected":false},"featured_media":54172,"comment_status":"open","ping_status":"closed","template":"","meta":{"_seopress_robots_primary_cat":"none","_seopress_titles_title":"","_seopress_titles_desc":"","_seopress_robots_index":""},"product_brand":[],"product_cat":[619,510],"product_tag":[],"class_list":{"0":"post-54169","1":"product","2":"type-product","3":"status-publish","4":"has-post-thumbnail","6":"product_cat-elektronski-sahi","7":"product_cat-sahovski-kompleti","9":"entry","10":"has-media","12":"first","13":"instock","14":"taxable","15":"shipping-taxable","16":"purchasable","17":"product-type-simple","18":"has-product-nav","19":"col","20":"span_1_of_4","21":"owp-content-center","22":"item-entry","23":"owp-thumbs-layout-horizontal","24":"owp-btn-normal","25":"owp-tabs-layout-section"},"wcpa_form_fields":null,"_links":{"self":[{"href":"https:\/\/chessgamesemporium.com\/en\/wp-json\/wp\/v2\/product\/54169","targetHints":{"allow":["GET"]}}],"collection":[{"href":"https:\/\/chessgamesemporium.com\/en\/wp-json\/wp\/v2\/product"}],"about":[{"href":"https:\/\/chessgamesemporium.com\/en\/wp-json\/wp\/v2\/types\/product"}],"replies":[{"embeddable":true,"href":"https:\/\/chessgamesemporium.com\/en\/wp-json\/wp\/v2\/comments?post=54169"}],"version-history":[{"count":0,"href":"https:\/\/chessgamesemporium.com\/en\/wp-json\/wp\/v2\/product\/54169\/revisions"}],"wp:featuredmedia":[{"embeddable":true,"href":"https:\/\/chessgamesemporium.com\/en\/wp-json\/wp\/v2\/media\/54172"}],"wp:attachment":[{"href":"https:\/\/chessgamesemporium.com\/en\/wp-json\/wp\/v2\/media?parent=54169"}],"wp:term":[{"taxonomy":"product_brand","embeddable":true,"href":"https:\/\/chessgamesemporium.com\/en\/wp-json\/wp\/v2\/product_brand?post=54169"},{"taxonomy":"product_cat","embeddable":true,"href":"https:\/\/chessgamesemporium.com\/en\/wp-json\/wp\/v2\/product_cat?post=54169"},{"taxonomy":"product_tag","embeddable":true,"href":"https:\/\/chessgamesemporium.com\/en\/wp-json\/wp\/v2\/product_tag?post=54169"}],"curies":[{"name":"wp","href":"https:\/\/api.w.org\/{rel}","templated":true}]}}