{"id":55970,"date":"2024-02-15T11:07:02","date_gmt":"2024-02-15T11:07:02","guid":{"rendered":"https:\/\/chessgamesemporium.com\/?post_type=product&#038;p=55970"},"modified":"2024-02-15T12:41:52","modified_gmt":"2024-02-15T12:41:52","slug":"compendium-of-100-classic-games","status":"publish","type":"product","link":"https:\/\/chessgamesemporium.com\/en\/shop\/all-products\/compendium-of-100-classic-games\/","title":{"rendered":"Compendium of 100 Classic Games"},"content":{"rendered":"<p>The wooden compendium of more than 100 classic games includes games such as chess, backgammon, checkers, 9 man's morris, halma, dice games, barricade, etc. The set includes dice, playing pawns, pieces, and tokens, cards, dominoes, mikado sticks, a dice cup... and everything is neatly stored in a quality wooden box.<\/p>\n<p>Dimensions: 365 \u00d7 365 \u00d7 75 mm<\/p>\n<p>This set offers plenty of fun for the whole family! It is also an excellent choice for a birthday gift.<\/p>\n<p>Warning! Not suitable for children under 3 years due to small parts! Danger of suffocation.<\/p>","protected":false},"excerpt":{"rendered":"<p>Leseni komplet klasi\u010dnih iger z ve\u010d kot 100 igralnimi mo\u017enostmi. S klasi\u010dnimi igrami: \u0161ah, backgammon, dama, mlin, halma, igra s kockami, barikada. V kompletu so kocke, igralni stri\u010dki, figure in \u017eetoni, karte, domino plo\u0161\u010dice, mikado pali\u010dice, lon\u010dek za kocke&#8230;Vse skupaj je v li\u010dni kvalitetni leseni embala\u017ei. Dimenzije: 365 x 365 x 75 mm Ta komplet [&hellip;]<\/p>","protected":false},"featured_media":55974,"comment_status":"open","ping_status":"closed","template":"","meta":{"_seopress_robots_primary_cat":"none","_seopress_titles_title":"","_seopress_titles_desc":"","_seopress_robots_index":""},"product_brand":[],"product_cat":[677,194],"product_tag":[],"class_list":{"0":"post-55970","1":"product","2":"type-product","3":"status-publish","4":"has-post-thumbnail","6":"product_cat-druzabne-igre","7":"product_cat-vsi-izdelki","8":"wcpa_has_options","10":"entry","11":"has-media","13":"first","14":"instock","15":"taxable","16":"shipping-taxable","17":"purchasable","18":"product-type-simple","19":"has-product-nav","20":"col","21":"span_1_of_4","22":"owp-content-center","23":"item-entry","24":"owp-thumbs-layout-horizontal","25":"owp-btn-normal","26":"owp-tabs-layout-section","27":"has-no-thumbnails"},"wcpa_form_fields":{"rules":{"pric_overide_base_price":false,"pric_overide_base_price_if_gt_zero":false,"pric_overide_base_price_fully":false,"pric_cal_option_once":false,"pric_use_as_fee":false,"bind_quantity":false,"quantity_bind_formula":false},"fields":[{"type":"text","elementId":"wcpa-text-1666713333654","label":"Gravura ( opcijsko )","description":"Vpi\u0161ite \u017eeljeni tekst za graviranje (npr. Vse najbolj\u0161e, IME, datum ipd.)","desc_type":true,"enablePrice":true,"pricingType":"fixed","price":"7","name":"text-1666713333654","fee_label":"Za naro\u010dnike izven eu, bo davek od\u0161tet na blagajni.","subtype":"text","maxlength":"16","cl_rule":"show","col":6,"relations":false,"form_id":46231,"form_rules":{"pric_cal_option_once":false,"exclude_from_discount":false,"pric_use_as_fee":false,"fee_label":"Fee","render_after_acb":false,"disp_hide_options_price":false}}]},"_links":{"self":[{"href":"https:\/\/chessgamesemporium.com\/en\/wp-json\/wp\/v2\/product\/55970","targetHints":{"allow":["GET"]}}],"collection":[{"href":"https:\/\/chessgamesemporium.com\/en\/wp-json\/wp\/v2\/product"}],"about":[{"href":"https:\/\/chessgamesemporium.com\/en\/wp-json\/wp\/v2\/types\/product"}],"replies":[{"embeddable":true,"href":"https:\/\/chessgamesemporium.com\/en\/wp-json\/wp\/v2\/comments?post=55970"}],"version-history":[{"count":0,"href":"https:\/\/chessgamesemporium.com\/en\/wp-json\/wp\/v2\/product\/55970\/revisions"}],"wp:featuredmedia":[{"embeddable":true,"href":"https:\/\/chessgamesemporium.com\/en\/wp-json\/wp\/v2\/media\/55974"}],"wp:attachment":[{"href":"https:\/\/chessgamesemporium.com\/en\/wp-json\/wp\/v2\/media?parent=55970"}],"wp:term":[{"taxonomy":"product_brand","embeddable":true,"href":"https:\/\/chessgamesemporium.com\/en\/wp-json\/wp\/v2\/product_brand?post=55970"},{"taxonomy":"product_cat","embeddable":true,"href":"https:\/\/chessgamesemporium.com\/en\/wp-json\/wp\/v2\/product_cat?post=55970"},{"taxonomy":"product_tag","embeddable":true,"href":"https:\/\/chessgamesemporium.com\/en\/wp-json\/wp\/v2\/product_tag?post=55970"}],"curies":[{"name":"wp","href":"https:\/\/api.w.org\/{rel}","templated":true}]}}