{"id":56766,"date":"2024-04-04T08:59:50","date_gmt":"2024-04-04T08:59:50","guid":{"rendered":"https:\/\/chessgamesemporium.com\/?post_type=product&#038;p=56766"},"modified":"2026-05-06T07:47:25","modified_gmt":"2026-05-06T07:47:25","slug":"wooden-chess-pieces-dubrovnik-burnt","status":"publish","type":"product","link":"https:\/\/chessgamesemporium.com\/en\/shop\/chess-pieces\/wooden-chess-pieces\/wooden-chess-pieces-dubrovnik-burnt\/","title":{"rendered":"Wooden chess pieces Dubrovnik Burnt"},"content":{"rendered":"<p>Welcome to a world of luxury and elegance, where history and art meet in harmony \u2013 presenting, the Dubrovnik chess pieces with burnt details. Each piece in this set is crafted with utmost care and precision, creating a chess set like no other.<\/p>\n<p>Each piece, from the pawn to the king, is made with extreme attention to detail, mirroring the excellent heritage of chess art. Their wooden surface is carefully treated to preserve the texture and warmth of the wood, while also radiating prestige and refinement.<\/p>\n<p>The Dubrovnik Burnt chess pieces are weighted, varnished, and made from noble Indian wood. The pieces have a cloth base.<br \/>\nThe images are symbolic. Each set of these pieces is unique and may differ slightly.<\/p>\n<p>Dimensions: (height | base width)<br \/>\nKing: 8,0 cm | 3,2 cm<br \/>\nQueen: 7,8 cm | 3,2 cm<br \/>\nRook: 4,6 cm | 3,0 cm<br \/>\nBishop: 6,4 cm | 3,0 cm<br \/>\nKnight: 5,7 cm | 3,0 cm<br \/>\nPawn: 4,1 cm | 2,5 cm<\/p>\n<p>Warning! Not suitable for children under 3 years due to small parts! Danger of suffocation.<\/p>","protected":false},"excerpt":{"rendered":"<p>Pozdravljeni v svetu razko\u0161ja in elegance, kjer se sre\u010data zgodovina in umetnost v popolni harmoniji &#8211; predstavljamo vam \u0161ahovske figure Dubrovnik dodelane z v\u017eganimi vzorci. Vsak kos v tem izjemnem kompletu je ro\u010dno izdelan z najve\u010djo skrbnostjo in natan\u010dnostjo, kar ustvarja izdelek brez primere. Vsaka figura, od kralja do kmeta, je izdelana z izjemno pozornostjo [&hellip;]<\/p>","protected":false},"featured_media":56779,"comment_status":"open","ping_status":"closed","template":"","meta":{"_seopress_robots_primary_cat":"none","_seopress_titles_title":"","_seopress_titles_desc":"","_seopress_robots_index":""},"product_brand":[],"product_cat":[522,511],"product_tag":[596],"class_list":{"0":"post-56766","1":"product","2":"type-product","3":"status-publish","4":"has-post-thumbnail","6":"product_cat-lesene-figure","7":"product_cat-sahovske-figure","8":"product_tag-80mm","10":"entry","11":"has-media","13":"first","14":"instock","15":"taxable","16":"shipping-taxable","17":"purchasable","18":"product-type-simple","19":"has-product-nav","20":"col","21":"span_1_of_4","22":"owp-content-center","23":"item-entry","24":"owp-thumbs-layout-horizontal","25":"owp-btn-normal","26":"owp-tabs-layout-section"},"wcpa_form_fields":null,"_links":{"self":[{"href":"https:\/\/chessgamesemporium.com\/en\/wp-json\/wp\/v2\/product\/56766","targetHints":{"allow":["GET"]}}],"collection":[{"href":"https:\/\/chessgamesemporium.com\/en\/wp-json\/wp\/v2\/product"}],"about":[{"href":"https:\/\/chessgamesemporium.com\/en\/wp-json\/wp\/v2\/types\/product"}],"replies":[{"embeddable":true,"href":"https:\/\/chessgamesemporium.com\/en\/wp-json\/wp\/v2\/comments?post=56766"}],"version-history":[{"count":1,"href":"https:\/\/chessgamesemporium.com\/en\/wp-json\/wp\/v2\/product\/56766\/revisions"}],"predecessor-version":[{"id":64516,"href":"https:\/\/chessgamesemporium.com\/en\/wp-json\/wp\/v2\/product\/56766\/revisions\/64516"}],"wp:featuredmedia":[{"embeddable":true,"href":"https:\/\/chessgamesemporium.com\/en\/wp-json\/wp\/v2\/media\/56779"}],"wp:attachment":[{"href":"https:\/\/chessgamesemporium.com\/en\/wp-json\/wp\/v2\/media?parent=56766"}],"wp:term":[{"taxonomy":"product_brand","embeddable":true,"href":"https:\/\/chessgamesemporium.com\/en\/wp-json\/wp\/v2\/product_brand?post=56766"},{"taxonomy":"product_cat","embeddable":true,"href":"https:\/\/chessgamesemporium.com\/en\/wp-json\/wp\/v2\/product_cat?post=56766"},{"taxonomy":"product_tag","embeddable":true,"href":"https:\/\/chessgamesemporium.com\/en\/wp-json\/wp\/v2\/product_tag?post=56766"}],"curies":[{"name":"wp","href":"https:\/\/api.w.org\/{rel}","templated":true}]}}