{"id":57122,"date":"2024-05-28T10:16:17","date_gmt":"2024-05-28T10:16:17","guid":{"rendered":"https:\/\/chessgamesemporium.com\/?post_type=product&#038;p=57122"},"modified":"2026-03-16T11:54:52","modified_gmt":"2026-03-16T11:54:52","slug":"dvoretskys-endgame-manual","status":"publish","type":"product","link":"https:\/\/chessgamesemporium.com\/en\/shop\/chess-books\/endings\/dvoretskys-endgame-manual\/","title":{"rendered":"DVORETSKY&#8217;S ENDGAME MANUAL"},"content":{"rendered":"<p>Author: Mark Dvoretsky<br \/>\nRelease year: 2025<br \/>\nLanguage: English<br \/>\nPages: 440<br \/>\nFormat: 25,2 x 17,7 cm<br \/>\nCover: Soft<\/p>\n<p>The Fifth Edition of a Modern Masterpiece! When it appeared in 2003, the first edition of Dvoretsky\u2019s Endgame Manual was immediately recognized by novice and master alike as one of the best books ever published on the endgame. The enlarged and revised fifth edition is better than ever!<\/p>\n<p>Here is what Vladimir Kramnik, the 14th World Champion, had to say in his foreword to the fifth edition:<\/p>\n<p>\u201cI consider Dvoretsky\u2019s Endgame Manual an absolute must for every chess professional, and no less important even for a club player... I always recommend this book... I consider it to be one of the very best chess books published in recent times and I am very pleased with the new enhanced edition...\u201d<\/p>\n<p>German grandmaster Karsten M\u00fcller, widely recognized as one of the best endgame theoreticians in the world today, has carefully updated the fifth edition with the help of American grandmaster Alex Fishbein. The incredible instructional value of the exercises has been preserved, and the blue text used in the first four editions has been replaced with text with a light grey background.<\/p>\n<p>Many are of the opinion that Mark Dvoretsky is the greatest chess mentor of our time. His works regarding the midgame and andgames have set a standard that other chess books follow.<\/p>\n<p>Not sure if this book is right for your level?<br \/>\nRead our guide <a href=\"https:\/\/chessgamesemporium.com\/en\/kako-izbrati-pravo-sahovsko-knjigo-za-napredovanje\/\">on how to choose the right chess book for improvement.<\/a><\/p>","protected":false},"excerpt":{"rendered":"<p>Avtor: Mark Dvoretsky Leto izdaje: 2025 Jezik: Angle\u0161ki \u0160t. strani: 440 Format: 25,2 x 17,7 cm Platnice: mehke Ko se je leta 2003 pojavila prva izdaja Endgame manual, so jo tako za\u010detniki kot mojstri takoj prepoznali kot eno najbolj\u0161ih knjig, ki so bile kdajkoli objavljene o kon\u010dnicah. Pove\u010dana in prenovljena peta izdaja je bolj\u0161a kot [&hellip;]<\/p>","protected":false},"featured_media":62699,"comment_status":"open","ping_status":"closed","template":"","meta":{"_seopress_robots_primary_cat":"none","_seopress_titles_title":"","_seopress_titles_desc":"","_seopress_robots_index":""},"product_brand":[],"product_cat":[609,512,194],"product_tag":[],"class_list":{"0":"post-57122","1":"product","2":"type-product","3":"status-publish","4":"has-post-thumbnail","6":"product_cat-koncnice","7":"product_cat-sahovske-knjige","8":"product_cat-vsi-izdelki","9":"pa_avtor-mark-dvoretsky","10":"pa_leto-izdaje-1034","11":"pa_nivo-knjige-napredni","12":"pa_stran-oboje-nevtralno","13":"pa_tip-knjige-koncnice","14":"pa_zalozba-russell-enterprises","16":"entry","17":"has-media","19":"first","20":"instock","21":"taxable","22":"shipping-taxable","23":"purchasable","24":"product-type-simple","25":"has-product-nav","26":"col","27":"span_1_of_4","28":"owp-content-center","29":"item-entry","30":"owp-thumbs-layout-horizontal","31":"owp-btn-normal","32":"owp-tabs-layout-section","33":"has-no-thumbnails"},"wcpa_form_fields":null,"_links":{"self":[{"href":"https:\/\/chessgamesemporium.com\/en\/wp-json\/wp\/v2\/product\/57122","targetHints":{"allow":["GET"]}}],"collection":[{"href":"https:\/\/chessgamesemporium.com\/en\/wp-json\/wp\/v2\/product"}],"about":[{"href":"https:\/\/chessgamesemporium.com\/en\/wp-json\/wp\/v2\/types\/product"}],"replies":[{"embeddable":true,"href":"https:\/\/chessgamesemporium.com\/en\/wp-json\/wp\/v2\/comments?post=57122"}],"version-history":[{"count":0,"href":"https:\/\/chessgamesemporium.com\/en\/wp-json\/wp\/v2\/product\/57122\/revisions"}],"wp:featuredmedia":[{"embeddable":true,"href":"https:\/\/chessgamesemporium.com\/en\/wp-json\/wp\/v2\/media\/62699"}],"wp:attachment":[{"href":"https:\/\/chessgamesemporium.com\/en\/wp-json\/wp\/v2\/media?parent=57122"}],"wp:term":[{"taxonomy":"product_brand","embeddable":true,"href":"https:\/\/chessgamesemporium.com\/en\/wp-json\/wp\/v2\/product_brand?post=57122"},{"taxonomy":"product_cat","embeddable":true,"href":"https:\/\/chessgamesemporium.com\/en\/wp-json\/wp\/v2\/product_cat?post=57122"},{"taxonomy":"product_tag","embeddable":true,"href":"https:\/\/chessgamesemporium.com\/en\/wp-json\/wp\/v2\/product_tag?post=57122"}],"curies":[{"name":"wp","href":"https:\/\/api.w.org\/{rel}","templated":true}]}}