{"id":57230,"date":"2024-05-31T09:50:21","date_gmt":"2024-05-31T09:50:21","guid":{"rendered":"https:\/\/chessgamesemporium.com\/?post_type=product&#038;p=57230"},"modified":"2026-04-16T06:23:06","modified_gmt":"2026-04-16T06:23:06","slug":"wooden-chessboard-standard-50-mm-lightly-damaged-7-pieces","status":"publish","type":"product","link":"https:\/\/chessgamesemporium.com\/en\/shop\/chess-boards-2\/wooden-chess-boards\/wooden-chessboard-standard-50-mm-lightly-damaged-7-pieces\/","title":{"rendered":"WOODEN CHESSBOARD STANDARD 50 MM - lightly damaged"},"content":{"rendered":"<p>Lightly damaged corner.<\/p>\n<p>Wooden Chess Board STANDARD 50<br \/>\nInlaid, with notation, felted base<\/p>\n<p>Board square dimensions: 50 x 50 mm<br \/>\nBoard size: 48,5 x 48,5 cm<br \/>\nBoard thickness: 1 cm<\/p>\n<p>This 48,5 x 48,5 cm veneer chessboard has been crafted from maple and mahogany.  This fine chess board has a square size of 50 x 50 mm and it is ideal for chessmen with a King height of 90-95 mm.<\/p>\n<p>&nbsp;<\/p>","protected":false},"excerpt":{"rendered":"<p>Malo po\u0161kodovan kot. Lesena \u0160ahovnica STANDARD 50 Intarzija, z notacijo, podlo\u017eene Velikost polja: 50 mm Velikost \u0161ahovnice: 48.5 cm Debelina \u0161ahovnice: 1 cm Ta 48,5 x 48,5 cm furnirana \u0161ahovnica je narejena iz mahagonija in javorja. Polje meri 50 x 50 mm in je kot nala\u0161\u010d za figure s kraljem vi\u0161ine 90-95 mm. &nbsp;<\/p>","protected":false},"featured_media":47386,"comment_status":"open","ping_status":"closed","template":"","meta":{"_seopress_robots_primary_cat":"none","_seopress_titles_title":"","_seopress_titles_desc":"","_seopress_robots_index":""},"product_brand":[],"product_cat":[718,524],"product_tag":[],"class_list":{"0":"post-57230","1":"product","2":"type-product","3":"status-publish","4":"has-post-thumbnail","6":"product_cat-outlet-sahovnice","7":"product_cat-lesene-sahovnice","9":"entry","10":"has-media","12":"first","13":"instock","14":"sale","15":"sold-individually","16":"taxable","17":"shipping-taxable","18":"purchasable","19":"product-type-simple","20":"has-product-nav","21":"col","22":"span_1_of_4","23":"owp-content-center","24":"item-entry","25":"owp-thumbs-layout-horizontal","26":"owp-btn-normal","27":"owp-tabs-layout-section"},"wcpa_form_fields":null,"_links":{"self":[{"href":"https:\/\/chessgamesemporium.com\/en\/wp-json\/wp\/v2\/product\/57230","targetHints":{"allow":["GET"]}}],"collection":[{"href":"https:\/\/chessgamesemporium.com\/en\/wp-json\/wp\/v2\/product"}],"about":[{"href":"https:\/\/chessgamesemporium.com\/en\/wp-json\/wp\/v2\/types\/product"}],"replies":[{"embeddable":true,"href":"https:\/\/chessgamesemporium.com\/en\/wp-json\/wp\/v2\/comments?post=57230"}],"version-history":[{"count":0,"href":"https:\/\/chessgamesemporium.com\/en\/wp-json\/wp\/v2\/product\/57230\/revisions"}],"wp:featuredmedia":[{"embeddable":true,"href":"https:\/\/chessgamesemporium.com\/en\/wp-json\/wp\/v2\/media\/47386"}],"wp:attachment":[{"href":"https:\/\/chessgamesemporium.com\/en\/wp-json\/wp\/v2\/media?parent=57230"}],"wp:term":[{"taxonomy":"product_brand","embeddable":true,"href":"https:\/\/chessgamesemporium.com\/en\/wp-json\/wp\/v2\/product_brand?post=57230"},{"taxonomy":"product_cat","embeddable":true,"href":"https:\/\/chessgamesemporium.com\/en\/wp-json\/wp\/v2\/product_cat?post=57230"},{"taxonomy":"product_tag","embeddable":true,"href":"https:\/\/chessgamesemporium.com\/en\/wp-json\/wp\/v2\/product_tag?post=57230"}],"curies":[{"name":"wp","href":"https:\/\/api.w.org\/{rel}","templated":true}]}}