{"id":57246,"date":"2024-05-31T10:04:56","date_gmt":"2024-05-31T10:04:56","guid":{"rendered":"https:\/\/chessgamesemporium.com\/?post_type=product&#038;p=57246"},"modified":"2026-04-16T06:24:20","modified_gmt":"2026-04-16T06:24:20","slug":"wooden-chessboard-standard-58-mm-lightly-dmaged","status":"publish","type":"product","link":"https:\/\/chessgamesemporium.com\/en\/shop\/chess-boards-2\/wooden-chess-boards\/wooden-chessboard-standard-58-mm-lightly-dmaged\/","title":{"rendered":"WOODEN CHESSBOARD STANDARD 58 MM - lightly damaged"},"content":{"rendered":"<p>Small corner damage.<\/p>\n<p>Inlaid, with notation, felted base<\/p>\n<p>Square size: 58 mm<br \/>\nBoard size: 54 cm<br \/>\nThickness: 1,4 cm<\/p>\n<p>This 54 x 54 cm veneer chessboard has been crafted from maple and mahogany. This fine chess board has a square size of 58 x 58 mm and it is ideal for larger chessmen with a King height of 95-98mm. This board has alphanumeric notation.<\/p>\n<p>&nbsp;<\/p>","protected":false},"excerpt":{"rendered":"<p>Po\u0161kodovan desni kot. Intarzija, z notacijo, podlo\u017eena Dimenzije polje: 58 mm Dimenzije \u0161ahovnice: 54 cm Debelina \u0161ahovnice: 1,4 cm Ta 54 x 54 cm furnirana \u0161ahovnica je narejena iz mahagonija in platane. Polje meri 58 mm in je kot nala\u0161\u010d za figure s kraljem vi\u0161ine 95-98 mm. &nbsp;<\/p>","protected":false},"featured_media":47386,"comment_status":"open","ping_status":"closed","template":"","meta":{"_seopress_robots_primary_cat":"none","_seopress_titles_title":"","_seopress_titles_desc":"","_seopress_robots_index":""},"product_brand":[],"product_cat":[718,524,514],"product_tag":[],"class_list":{"0":"post-57246","1":"product","2":"type-product","3":"status-publish","4":"has-post-thumbnail","6":"product_cat-outlet-sahovnice","7":"product_cat-lesene-sahovnice","8":"product_cat-sahovnice","10":"entry","11":"has-media","13":"first","14":"instock","15":"sale","16":"taxable","17":"shipping-taxable","18":"purchasable","19":"product-type-simple","20":"has-product-nav","21":"col","22":"span_1_of_4","23":"owp-content-center","24":"item-entry","25":"owp-thumbs-layout-horizontal","26":"owp-btn-normal","27":"owp-tabs-layout-section"},"wcpa_form_fields":null,"_links":{"self":[{"href":"https:\/\/chessgamesemporium.com\/en\/wp-json\/wp\/v2\/product\/57246","targetHints":{"allow":["GET"]}}],"collection":[{"href":"https:\/\/chessgamesemporium.com\/en\/wp-json\/wp\/v2\/product"}],"about":[{"href":"https:\/\/chessgamesemporium.com\/en\/wp-json\/wp\/v2\/types\/product"}],"replies":[{"embeddable":true,"href":"https:\/\/chessgamesemporium.com\/en\/wp-json\/wp\/v2\/comments?post=57246"}],"version-history":[{"count":0,"href":"https:\/\/chessgamesemporium.com\/en\/wp-json\/wp\/v2\/product\/57246\/revisions"}],"wp:featuredmedia":[{"embeddable":true,"href":"https:\/\/chessgamesemporium.com\/en\/wp-json\/wp\/v2\/media\/47386"}],"wp:attachment":[{"href":"https:\/\/chessgamesemporium.com\/en\/wp-json\/wp\/v2\/media?parent=57246"}],"wp:term":[{"taxonomy":"product_brand","embeddable":true,"href":"https:\/\/chessgamesemporium.com\/en\/wp-json\/wp\/v2\/product_brand?post=57246"},{"taxonomy":"product_cat","embeddable":true,"href":"https:\/\/chessgamesemporium.com\/en\/wp-json\/wp\/v2\/product_cat?post=57246"},{"taxonomy":"product_tag","embeddable":true,"href":"https:\/\/chessgamesemporium.com\/en\/wp-json\/wp\/v2\/product_tag?post=57246"}],"curies":[{"name":"wp","href":"https:\/\/api.w.org\/{rel}","templated":true}]}}