{"id":57791,"date":"2024-09-03T09:25:42","date_gmt":"2024-09-03T09:25:42","guid":{"rendered":"https:\/\/chessgamesemporium.com\/?post_type=product&#038;p=57791"},"modified":"2026-04-21T11:15:24","modified_gmt":"2026-04-21T11:15:24","slug":"key-elements-of-chess-tactics","status":"publish","type":"product","link":"https:\/\/chessgamesemporium.com\/en\/shop\/chess-books\/strategy-and-tactics-2\/key-elements-of-chess-tactics\/","title":{"rendered":"Key Elements of Chess Tactics"},"content":{"rendered":"<p>Author: Georgy Lisitsin<br \/>\nRelease year: 2024<br \/>\nLanguage: English<br \/>\nPages: 392<br \/>\nDimensions: 24 x 17 cm<\/p>\n<p>Georgy Lisitsin (1909-72) was a renowned Soviet chess master, theoretic, and writer. In 1958 he published the revised edition of his most ambitious work, titled Strategy and Tactics of Chess, which became one of the most legendary chess manuals in the history of the Soviet school of chess, and undoubtedly one of the books that motivated a young Bobby Fischer to learn Russian.<\/p>\n<div class=\"elementor-element elementor-element-ac961a3 internallinks wd-single-content elementor-widget elementor-widget-wd_single_product_content\" data-id=\"ac961a3\" data-element_type=\"widget\" data-widget_type=\"wd_single_product_content.default\">\n<div class=\"elementor-widget-container\">\n<p>Lisitsin split up strategy and tactics to their key elements, allowing chess players of all levels to systematically learn from carefully selected games ans studies. Key Elements of Chess Tactics and its sister volume, Key Elements of Chess Strategy are the first complete english translations of Lisitsin's classics.<\/p>\n<p>In Key Elements of Chess Tactics, Lisitsin showcases key tactical concepts, such as pinning, discovered attacks, deflection, and more. The book build up the foundations, the moves on to more complex and beautiful tactical themes.<\/p>\n<\/div>\n<\/div>","protected":false},"excerpt":{"rendered":"<p><a href=\"https:\/\/chessgamesemporium.com\/wp-content\/uploads\/2024\/09\/KeyElementsofChessTacticsExcerpt.pdf\">Quick look<\/a><\/p>","protected":false},"featured_media":57795,"comment_status":"open","ping_status":"closed","template":"","meta":{"_seopress_robots_primary_cat":"none","_seopress_titles_title":"Key Elements of Chess Tactics \u2013 \u0161ahovska knjiga taktike | ChessGamesEmporium","_seopress_titles_desc":"\u0160ahovska knjiga o osnovah taktike, kombinacijah in klju\u010dnih motivih. Pomaga izbolj\u0161ati prepoznavanje prilo\u017enosti in natan\u010dnost v igri.","_seopress_robots_index":""},"product_brand":[],"product_cat":[608,512],"product_tag":[],"class_list":{"0":"post-57791","1":"product","2":"type-product","3":"status-publish","4":"has-post-thumbnail","6":"product_cat-strategija-in-taktika","7":"product_cat-sahovske-knjige","8":"pa_avtor-georgy-lisitsin","9":"pa_leto-izdaje-1023","10":"pa_nivo-knjige-srednji","11":"pa_stran-oboje-nevtralno","12":"pa_tip-knjige-taktika","13":"pa_zalozba-quality-chess","15":"entry","16":"has-media","18":"first","19":"instock","20":"taxable","21":"shipping-taxable","22":"purchasable","23":"product-type-variable","24":"has-product-nav","25":"col","26":"span_1_of_4","27":"owp-content-center","28":"item-entry","29":"owp-thumbs-layout-horizontal","30":"owp-btn-normal","31":"owp-tabs-layout-section","32":"has-no-thumbnails"},"wcpa_form_fields":null,"_links":{"self":[{"href":"https:\/\/chessgamesemporium.com\/en\/wp-json\/wp\/v2\/product\/57791","targetHints":{"allow":["GET"]}}],"collection":[{"href":"https:\/\/chessgamesemporium.com\/en\/wp-json\/wp\/v2\/product"}],"about":[{"href":"https:\/\/chessgamesemporium.com\/en\/wp-json\/wp\/v2\/types\/product"}],"replies":[{"embeddable":true,"href":"https:\/\/chessgamesemporium.com\/en\/wp-json\/wp\/v2\/comments?post=57791"}],"version-history":[{"count":1,"href":"https:\/\/chessgamesemporium.com\/en\/wp-json\/wp\/v2\/product\/57791\/revisions"}],"predecessor-version":[{"id":63903,"href":"https:\/\/chessgamesemporium.com\/en\/wp-json\/wp\/v2\/product\/57791\/revisions\/63903"}],"wp:featuredmedia":[{"embeddable":true,"href":"https:\/\/chessgamesemporium.com\/en\/wp-json\/wp\/v2\/media\/57795"}],"wp:attachment":[{"href":"https:\/\/chessgamesemporium.com\/en\/wp-json\/wp\/v2\/media?parent=57791"}],"wp:term":[{"taxonomy":"product_brand","embeddable":true,"href":"https:\/\/chessgamesemporium.com\/en\/wp-json\/wp\/v2\/product_brand?post=57791"},{"taxonomy":"product_cat","embeddable":true,"href":"https:\/\/chessgamesemporium.com\/en\/wp-json\/wp\/v2\/product_cat?post=57791"},{"taxonomy":"product_tag","embeddable":true,"href":"https:\/\/chessgamesemporium.com\/en\/wp-json\/wp\/v2\/product_tag?post=57791"}],"curies":[{"name":"wp","href":"https:\/\/api.w.org\/{rel}","templated":true}]}}