{"id":58123,"date":"2024-09-20T08:47:45","date_gmt":"2024-09-20T08:47:45","guid":{"rendered":"https:\/\/chessgamesemporium.com\/?post_type=product&#038;p=58123"},"modified":"2026-01-07T08:33:38","modified_gmt":"2026-01-07T08:33:38","slug":"chess-set-legate","status":"publish","type":"product","link":"https:\/\/chessgamesemporium.com\/en\/shop\/chess-sets-2\/folding-chess-sets\/chess-set-legate\/","title":{"rendered":"Chess set Legate"},"content":{"rendered":"<p>Chess pieces:<br \/>\nWooden, felted, varnished, burnt design<\/p>\n<p>Dimensions: (height | base width)<br \/>\nKing: 10,2 cm | 3,6 cm<br \/>\nQueen: 9,7 cm | 3,6 cm<br \/>\nRook: 6,7 cm | 3,3 cm<br \/>\nBishop: 7,7 cm | 3,2 cm<br \/>\nKnight: 6,6 cm | 3,2 cm<br \/>\nPawn: 5,2 cm | 2,9 cm<\/p>\n<p>Folding chess board:<br \/>\nBurnt design, with storage tray<\/p>\n<p>Board square dimensions: 4,8 cm x 4,8 cm<br \/>\nBoard dimension (closed): 47,5 x 23,5 x 5 cm<\/p>\n<p>The Legate chess is the newest set from our decorative range. Thanks to its unique design it is considered a deluxe chess set. The lovely chessmen are made from hornbeam and sycamore wood. Much like the chess board they have burnt ornaments. The burnt folding chess board has an insert tray to store the chess pieces inside.<\/p>\n<p>Warning! Not suitable for children under 3 years due to small parts! Danger of suffocation.<\/p>","protected":false},"excerpt":{"rendered":"<p>Figure: Lesene, podlo\u017eene, lakirane, v\u017egan dizajn Dimenzije: (vi\u0161ina figure| premer podlage) Kralj: 10,2 cm | 3,6 cm Dama: 9,7 cm | 3,6 cm Top: 6,7 cm | 3,3 cm Lovec: 7,7 cm | 3,2 cm Skaka\u010d: 6,6 cm | 3,2 cm Kmet: 5,2 cm | 2,9 cm \u0160ahovnica \u2013 preklopna lesena \u0161ahovska kaseta V\u017egan dizajn, [&hellip;]<\/p>","protected":false},"featured_media":58126,"comment_status":"open","ping_status":"closed","template":"","meta":{"_seopress_robots_primary_cat":"none","_seopress_titles_title":"","_seopress_titles_desc":"","_seopress_robots_index":""},"product_brand":[],"product_cat":[510,518],"product_tag":[],"class_list":{"0":"post-58123","1":"product","2":"type-product","3":"status-publish","4":"has-post-thumbnail","6":"product_cat-sahovski-kompleti","7":"product_cat-zlozljive-garniture","8":"wcpa_has_options","10":"entry","11":"has-media","13":"first","14":"instock","15":"taxable","16":"shipping-taxable","17":"purchasable","18":"product-type-simple","19":"has-product-nav","20":"col","21":"span_1_of_4","22":"owp-content-center","23":"item-entry","24":"owp-thumbs-layout-horizontal","25":"owp-btn-normal","26":"owp-tabs-layout-section"},"wcpa_form_fields":{"rules":{"pric_overide_base_price":false,"pric_overide_base_price_if_gt_zero":false,"pric_overide_base_price_fully":false,"pric_cal_option_once":false,"pric_use_as_fee":false,"bind_quantity":false,"quantity_bind_formula":false},"fields":[{"type":"text","elementId":"wcpa-text-1666713333654","label":"Gravura ( opcijsko )","description":"Vpi\u0161ite \u017eeljeni tekst za graviranje (npr. Vse najbolj\u0161e, IME, datum ipd.)","desc_type":true,"enablePrice":true,"pricingType":"fixed","price":"7","name":"text-1666713333654","fee_label":"Za naro\u010dnike izven eu, bo davek od\u0161tet na blagajni.","subtype":"text","maxlength":"16","cl_rule":"show","col":6,"relations":false,"form_id":46231,"form_rules":{"pric_cal_option_once":false,"exclude_from_discount":false,"pric_use_as_fee":false,"fee_label":"Fee","render_after_acb":false,"disp_hide_options_price":false}}]},"_links":{"self":[{"href":"https:\/\/chessgamesemporium.com\/en\/wp-json\/wp\/v2\/product\/58123","targetHints":{"allow":["GET"]}}],"collection":[{"href":"https:\/\/chessgamesemporium.com\/en\/wp-json\/wp\/v2\/product"}],"about":[{"href":"https:\/\/chessgamesemporium.com\/en\/wp-json\/wp\/v2\/types\/product"}],"replies":[{"embeddable":true,"href":"https:\/\/chessgamesemporium.com\/en\/wp-json\/wp\/v2\/comments?post=58123"}],"version-history":[{"count":0,"href":"https:\/\/chessgamesemporium.com\/en\/wp-json\/wp\/v2\/product\/58123\/revisions"}],"wp:featuredmedia":[{"embeddable":true,"href":"https:\/\/chessgamesemporium.com\/en\/wp-json\/wp\/v2\/media\/58126"}],"wp:attachment":[{"href":"https:\/\/chessgamesemporium.com\/en\/wp-json\/wp\/v2\/media?parent=58123"}],"wp:term":[{"taxonomy":"product_brand","embeddable":true,"href":"https:\/\/chessgamesemporium.com\/en\/wp-json\/wp\/v2\/product_brand?post=58123"},{"taxonomy":"product_cat","embeddable":true,"href":"https:\/\/chessgamesemporium.com\/en\/wp-json\/wp\/v2\/product_cat?post=58123"},{"taxonomy":"product_tag","embeddable":true,"href":"https:\/\/chessgamesemporium.com\/en\/wp-json\/wp\/v2\/product_tag?post=58123"}],"curies":[{"name":"wp","href":"https:\/\/api.w.org\/{rel}","templated":true}]}}